{"id":554,"date":"2017-05-03T22:25:55","date_gmt":"2017-05-03T19:25:55","guid":{"rendered":"https:\/\/citysightseeing.ee\/book-online\/"},"modified":"2025-04-27T12:24:23","modified_gmt":"2025-04-27T09:24:23","slug":"boka-online","status":"publish","type":"page","link":"https:\/\/citysightseeing.ee\/sv\/boka-online\/","title":{"rendered":"Boka Online"},"content":{"rendered":"<h1>BOKA ONLINE<\/h1>\n<p>Omedelbar bekr\u00e4ftelse. E-Biljett.<\/p>\n<p>Det enklaste s\u00e4ttet att k\u00f6pa dina City Sightseeing Tallinn biljetter \u00e4r att boka online p\u00e5 denna hemsida. . Du kan boka s\u00e4kert och tryggt. Vi accepterar de vanligaste kontokorten. Klicka bara p\u00e5 knappen nedan f\u00f6r att komma till bokningssystemet och v\u00e4lj de biljetter du \u00f6nskar. \u00c4ven om du blir ombedd att ange ett biljettdatum g\u00e4ller dina biljetter i hela 6 m\u00e5nader fr\u00e5n ink\u00f6psdatum. S\u00e5 snart din betalning \u00e4r behandlad skickar vi ett kvitto och en voucher till dig som du kan skriva ut och ta med p\u00e5 din resa. Ha ett trevligt bes\u00f6k i Tallinn!<\/p>\n","protected":false},"excerpt":{"rendered":"<p>BOKA ONLINE Omedelbar bekr\u00e4ftelse. E-Biljett. Det enklaste s\u00e4ttet att k\u00f6pa dina City Sightseeing Tallinn biljetter \u00e4r att boka online p\u00e5 denna hemsida. . Du kan boka s\u00e4kert och tryggt. Vi accepterar de vanligaste kontokorten. Klicka bara p\u00e5 knappen nedan f\u00f6r att komma till bokningssystemet och v\u00e4lj de biljetter du \u00f6nskar. \u00c4ven om du blir ombedd [&hellip;]<\/p>\n","protected":false},"author":2,"featured_media":0,"parent":0,"menu_order":101,"comment_status":"closed","ping_status":"closed","template":"","meta":{"_acf_changed":false,"footnotes":""},"class_list":["post-554","page","type-page","status-publish","hentry"],"acf":[],"_links":{"self":[{"href":"https:\/\/citysightseeing.ee\/sv\/wp-json\/wp\/v2\/pages\/554","targetHints":{"allow":["GET"]}}],"collection":[{"href":"https:\/\/citysightseeing.ee\/sv\/wp-json\/wp\/v2\/pages"}],"about":[{"href":"https:\/\/citysightseeing.ee\/sv\/wp-json\/wp\/v2\/types\/page"}],"author":[{"embeddable":true,"href":"https:\/\/citysightseeing.ee\/sv\/wp-json\/wp\/v2\/users\/2"}],"replies":[{"embeddable":true,"href":"https:\/\/citysightseeing.ee\/sv\/wp-json\/wp\/v2\/comments?post=554"}],"version-history":[{"count":1,"href":"https:\/\/citysightseeing.ee\/sv\/wp-json\/wp\/v2\/pages\/554\/revisions"}],"predecessor-version":[{"id":4123,"href":"https:\/\/citysightseeing.ee\/sv\/wp-json\/wp\/v2\/pages\/554\/revisions\/4123"}],"wp:attachment":[{"href":"https:\/\/citysightseeing.ee\/sv\/wp-json\/wp\/v2\/media?parent=554"}],"curies":[{"name":"wp","href":"https:\/\/api.w.org\/{rel}","templated":true}]}}