{"id":479,"date":"2017-05-03T22:17:03","date_gmt":"2017-05-03T19:17:03","guid":{"rendered":"https:\/\/citysightseeing.ee\/our-tours\/tour-options-and-fares\/"},"modified":"2025-04-27T17:31:15","modified_gmt":"2025-04-27T14:31:15","slug":"billjettpriser","status":"publish","type":"page","link":"https:\/\/citysightseeing.ee\/sv\/vara-turer\/billjettpriser\/","title":{"rendered":"BILLJETTPRISER"},"content":{"rendered":"<h1>BILLJETTPRISER<\/h1>\n<p><strong>Turalternativ \u2013 Det b\u00e4sta s\u00e4ttet att se Tallinn<\/strong><\/p>\n<p>V\u00e5ra turalternativ har komponerats med maximal flexibilitet i \u00e5tanke. V\u00e5r standardbiljett f\u00f6r vuxna g\u00e4ller under en 24h. Detta \u00e4r en hop-on, hop-off biljett som g\u00f6r det m\u00f6jligt f\u00f6r dig att p\u00e5b\u00f6rja turen vid n\u00e5gon av de 15 h\u00e5llplatserna n\u00e4r som helst under dagen. Biljettpriset online \u00e4r 30 euro och inkluderar b\u00e5da linjerna med 24 timmars giltighet fr\u00e5n f\u00f6rsta incheckningen p\u00e5 bussen.<\/p>\n<p><strong>Vuxna 2 lines<\/strong><\/p>\n<p>Onlinebiljett 24h\u00a0 <strong>30 EUR<\/strong><\/p>\n<p>Onlinebiljett barn (7-17 \u00e5r) <strong>14 EUR<\/strong><\/p>\n<p>Online 24-h familjebiljett (inkluderar 2 vuxna och upp till 3 barn i \u00e5ldern 7\u201317 \u00e5r)\u00a0 \u00a0 \u00a0 <strong>65 EUR<\/strong><\/p>\n<p>Barn under 7 \u00e5r <strong>GRATIS<\/strong><\/p>\n","protected":false},"excerpt":{"rendered":"<p>BILLJETTPRISER Turalternativ \u2013 Det b\u00e4sta s\u00e4ttet att se Tallinn V\u00e5ra turalternativ har komponerats med maximal flexibilitet i \u00e5tanke. V\u00e5r standardbiljett f\u00f6r vuxna g\u00e4ller under en 24h. Detta \u00e4r en hop-on, hop-off biljett som g\u00f6r det m\u00f6jligt f\u00f6r dig att p\u00e5b\u00f6rja turen vid n\u00e5gon av de 15 h\u00e5llplatserna n\u00e4r som helst under dagen. Biljettpriset online \u00e4r [&hellip;]<\/p>\n","protected":false},"author":2,"featured_media":0,"parent":471,"menu_order":79,"comment_status":"closed","ping_status":"closed","template":"","meta":{"_acf_changed":false,"footnotes":""},"class_list":["post-479","page","type-page","status-publish","hentry"],"acf":[],"_links":{"self":[{"href":"https:\/\/citysightseeing.ee\/sv\/wp-json\/wp\/v2\/pages\/479","targetHints":{"allow":["GET"]}}],"collection":[{"href":"https:\/\/citysightseeing.ee\/sv\/wp-json\/wp\/v2\/pages"}],"about":[{"href":"https:\/\/citysightseeing.ee\/sv\/wp-json\/wp\/v2\/types\/page"}],"author":[{"embeddable":true,"href":"https:\/\/citysightseeing.ee\/sv\/wp-json\/wp\/v2\/users\/2"}],"replies":[{"embeddable":true,"href":"https:\/\/citysightseeing.ee\/sv\/wp-json\/wp\/v2\/comments?post=479"}],"version-history":[{"count":4,"href":"https:\/\/citysightseeing.ee\/sv\/wp-json\/wp\/v2\/pages\/479\/revisions"}],"predecessor-version":[{"id":4208,"href":"https:\/\/citysightseeing.ee\/sv\/wp-json\/wp\/v2\/pages\/479\/revisions\/4208"}],"up":[{"embeddable":true,"href":"https:\/\/citysightseeing.ee\/sv\/wp-json\/wp\/v2\/pages\/471"}],"wp:attachment":[{"href":"https:\/\/citysightseeing.ee\/sv\/wp-json\/wp\/v2\/media?parent=479"}],"curies":[{"name":"wp","href":"https:\/\/api.w.org\/{rel}","templated":true}]}}