{"id":471,"date":"2017-05-03T22:16:33","date_gmt":"2017-05-03T19:16:33","guid":{"rendered":"https:\/\/citysightseeing.ee\/our-tours\/"},"modified":"2025-04-27T16:00:32","modified_gmt":"2025-04-27T13:00:32","slug":"vara-turer","status":"publish","type":"page","link":"https:\/\/citysightseeing.ee\/sv\/vara-turer\/","title":{"rendered":"V\u00c5RA TURER"},"content":{"rendered":"<h1>V\u00c5RA TURER<\/h1>\n<p>Det b\u00e4sta s\u00e4ttet att se Tallinn<\/p>\n<p>Citysightseeing Tallinn inbjuder dig att se de b\u00e4sta sev\u00e4rdheterna som Tallinn har att erbjuda med v\u00e5ra omtalade open-top bussturer.<\/p>\n<p>V\u00e5r hop-on, hop-off service g\u00f6r det m\u00f6jligt f\u00f6r dig att \u00e5ka runt i Tallinn n\u00e4r det passar dig. Turen guidas p\u00e5 10 olika spr\u00e5k och varar i ungef\u00e4r 50-75 minuter. Vi har 17 h\u00e5llplatser runt om i Tallinn inklusive Mere Pst., Domberget, Russalka monumentet, Cityhamnens A B C D terminaler, Pirita, TV Tower och kryssningsterminalen.<\/p>\n<p>L\u00e4s mer om v\u00e5ra turalternativ, biljettpriser, kartor med mest bes\u00f6kta platser och tidtabeller. Biljettpriset online \u00e4r 30 euro och inkluderar b\u00e5da linjerna med 24 timmars giltighet fr\u00e5n f\u00f6rsta incheckningen p\u00e5 bussen.<\/p>\n<p>Det enklaste s\u00e4ttet att boka \u00e4r direkt h\u00e4r p\u00e5 hemsidan. Boka online nu och f\u00f6rs\u00e4kra dig om en biljett.<\/p>\n<p>Snabbfackta:<br \/>\n1. Turen varar i ungef\u00e4r 50-75 minuter<br \/>\n2. Anv\u00e4nd din Hop-On Hop-Off biljett f\u00f6r att utforska Tallinn n\u00e4r det passar dig.<br \/>\n3. Turen bes\u00f6ker Tallinns alla huvudattraktioner och sev\u00e4rdheter.<br \/>\n4. Turens totala str\u00e4cka \u00e4r ungef\u00e4r 30 km<br \/>\n5. Turen guidas p\u00e5 10 olika spr\u00e5k<br \/>\n6. I h\u00e4ndelse av regn finns ett skjutbart tak f\u00f6r din bekv\u00e4mlighet<\/p>\n","protected":false},"excerpt":{"rendered":"<p>V\u00c5RA TURER Det b\u00e4sta s\u00e4ttet att se Tallinn Citysightseeing Tallinn inbjuder dig att se de b\u00e4sta sev\u00e4rdheterna som Tallinn har att erbjuda med v\u00e5ra omtalade open-top bussturer. V\u00e5r hop-on, hop-off service g\u00f6r det m\u00f6jligt f\u00f6r dig att \u00e5ka runt i Tallinn n\u00e4r det passar dig. Turen guidas p\u00e5 10 olika spr\u00e5k och varar i ungef\u00e4r [&hellip;]<\/p>\n","protected":false},"author":2,"featured_media":0,"parent":0,"menu_order":25,"comment_status":"closed","ping_status":"closed","template":"","meta":{"_acf_changed":false,"footnotes":""},"class_list":["post-471","page","type-page","status-publish","hentry"],"acf":[],"_links":{"self":[{"href":"https:\/\/citysightseeing.ee\/sv\/wp-json\/wp\/v2\/pages\/471","targetHints":{"allow":["GET"]}}],"collection":[{"href":"https:\/\/citysightseeing.ee\/sv\/wp-json\/wp\/v2\/pages"}],"about":[{"href":"https:\/\/citysightseeing.ee\/sv\/wp-json\/wp\/v2\/types\/page"}],"author":[{"embeddable":true,"href":"https:\/\/citysightseeing.ee\/sv\/wp-json\/wp\/v2\/users\/2"}],"replies":[{"embeddable":true,"href":"https:\/\/citysightseeing.ee\/sv\/wp-json\/wp\/v2\/comments?post=471"}],"version-history":[{"count":3,"href":"https:\/\/citysightseeing.ee\/sv\/wp-json\/wp\/v2\/pages\/471\/revisions"}],"predecessor-version":[{"id":4162,"href":"https:\/\/citysightseeing.ee\/sv\/wp-json\/wp\/v2\/pages\/471\/revisions\/4162"}],"wp:attachment":[{"href":"https:\/\/citysightseeing.ee\/sv\/wp-json\/wp\/v2\/media?parent=471"}],"curies":[{"name":"wp","href":"https:\/\/api.w.org\/{rel}","templated":true}]}}