{"id":115,"date":"2017-05-03T16:57:43","date_gmt":"2017-05-03T13:57:43","guid":{"rendered":"https:\/\/citysightseeing.ee\/homepage\/"},"modified":"2025-10-29T22:34:06","modified_gmt":"2025-10-29T20:34:06","slug":"hem","status":"publish","type":"page","link":"https:\/\/citysightseeing.ee\/sv\/","title":{"rendered":"HEM"},"content":{"rendered":"<div class=\"wpb-content-wrapper\"><p>[vc_row][vc_column css=&#8221;.vc_custom_1520174815345{margin-bottom: 1px !important;}&#8221;][vc_column_text css=&#8221;.vc_custom_1520176499771{margin-bottom: 1px !important;}&#8221;]<\/p>\n<h1>OPEN TOP SIGHTSEEING TURER I TALLINN<\/h1>\n<p>[\/vc_column_text][vc_text_separator title=&#8221;&#8221; i_icon_fontawesome=&#8221;fa fa-bus&#8221; i_color=&#8221;grey&#8221; i_size=&#8221;xs&#8221; el_width=&#8221;50&#8243; add_icon=&#8221;true&#8221;][\/vc_column][\/vc_row][vc_row][vc_column width=&#8221;1\/2&#8243;][vc_column_text]<\/p>\n<h2 style=\"text-align: left;\">UPPLEV DE B\u00c4STA SEV\u00c4RDHETERNA FR\u00c5N ETT OPEN TOP DECK!<\/h2>\n<p style=\"text-align: left;\">Det finns inget b\u00e4ttre s\u00e4tt att se Tallinn \u00e4n med v\u00e5ra \u00f6ppna dubbeld\u00e4cksbussar. Vi tar dig till alla de b\u00e4sta platserna p\u00e5 2 olika rutter runt en av de finaste st\u00e4derna i Baltikum. Kliv p\u00e5 och kliv av vid n\u00e5gon av v\u00e5ra 14 h\u00e5llplatser. Turerna guidas p\u00e5 10 olika spr\u00e5k: engelska, tyska, spanska, italienska, franska, svenska, finska, estniska,kinesiska\u00a0 och ryska. I h\u00e4ndelse av regn finns det ett skjutbart skyddstak f\u00f6r din bekv\u00e4mlighet. Boka din biljett online idag, direkt p\u00e5 denna hemsida. Biljetter kan ocks\u00e5 k\u00f6pas p\u00e5 bussen, med betalning via kort eller kontant.<\/p>\n<p style=\"text-align: left;\">Bes\u00f6k inte Tallinn utan City Sightseeing Tallinn!<\/p>\n<p>[\/vc_column_text][\/vc_column][vc_column width=&#8221;1\/2&#8243;][vc_images_carousel images=&#8221;2203,2213,2223&#8243; img_size=&#8221;full&#8221; onclick=&#8221;link_no&#8221; autoplay=&#8221;yes&#8221; hide_prev_next_buttons=&#8221;yes&#8221; wrap=&#8221;yes&#8221;][\/vc_column][\/vc_row][vc_row][vc_column][vc_column_text]<\/p>\n<pre id=\"tw-target-text\" class=\"tw-data-text tw-text-large tw-ta\" dir=\"ltr\" data-placeholder=\"Translation\"><\/pre>\n<p>[\/vc_column_text][\/vc_column][\/vc_row]<\/p>\n<\/div>","protected":false},"excerpt":{"rendered":"<p>[vc_row][vc_column css=&#8221;.vc_custom_1520174815345{margin-bottom: 1px !important;}&#8221;][vc_column_text css=&#8221;.vc_custom_1520176499771{margin-bottom: 1px !important;}&#8221;] OPEN TOP SIGHTSEEING TURER I TALLINN [\/vc_column_text][vc_text_separator title=&#8221;&#8221; i_icon_fontawesome=&#8221;fa fa-bus&#8221; i_color=&#8221;grey&#8221; i_size=&#8221;xs&#8221; el_width=&#8221;50&#8243; add_icon=&#8221;true&#8221;][\/vc_column][\/vc_row][vc_row][vc_column width=&#8221;1\/2&#8243;][vc_column_text] UPPLEV DE B\u00c4STA SEV\u00c4RDHETERNA FR\u00c5N ETT OPEN TOP DECK! Det finns inget b\u00e4ttre s\u00e4tt att se Tallinn \u00e4n med v\u00e5ra \u00f6ppna dubbeld\u00e4cksbussar. Vi tar dig till alla de b\u00e4sta platserna p\u00e5 2 olika [&hellip;]<\/p>\n","protected":false},"author":2,"featured_media":0,"parent":0,"menu_order":16,"comment_status":"closed","ping_status":"closed","template":"template-homepage.php","meta":{"_acf_changed":false,"footnotes":""},"class_list":["post-115","page","type-page","status-publish","hentry"],"acf":[],"_links":{"self":[{"href":"https:\/\/citysightseeing.ee\/sv\/wp-json\/wp\/v2\/pages\/115","targetHints":{"allow":["GET"]}}],"collection":[{"href":"https:\/\/citysightseeing.ee\/sv\/wp-json\/wp\/v2\/pages"}],"about":[{"href":"https:\/\/citysightseeing.ee\/sv\/wp-json\/wp\/v2\/types\/page"}],"author":[{"embeddable":true,"href":"https:\/\/citysightseeing.ee\/sv\/wp-json\/wp\/v2\/users\/2"}],"replies":[{"embeddable":true,"href":"https:\/\/citysightseeing.ee\/sv\/wp-json\/wp\/v2\/comments?post=115"}],"version-history":[{"count":5,"href":"https:\/\/citysightseeing.ee\/sv\/wp-json\/wp\/v2\/pages\/115\/revisions"}],"predecessor-version":[{"id":4842,"href":"https:\/\/citysightseeing.ee\/sv\/wp-json\/wp\/v2\/pages\/115\/revisions\/4842"}],"wp:attachment":[{"href":"https:\/\/citysightseeing.ee\/sv\/wp-json\/wp\/v2\/media?parent=115"}],"curies":[{"name":"wp","href":"https:\/\/api.w.org\/{rel}","templated":true}]}}