{"id":528,"date":"2017-05-03T22:23:01","date_gmt":"2017-05-03T19:23:01","guid":{"rendered":"https:\/\/citysightseeing.ee\/about-tallinn\/"},"modified":"2017-05-04T13:34:40","modified_gmt":"2017-05-04T10:34:40","slug":"informazioni-su-tallinn","status":"publish","type":"page","link":"https:\/\/citysightseeing.ee\/it\/informazioni-su-tallinn\/","title":{"rendered":"INFORMAZIONI SU TALLINN"},"content":{"rendered":"<h1>INFORMAZIONI SU TALLINN<\/h1>\n<p>Tallinn, la capitale dell\u2019Estonia, \u00e8 veramente una delle gemme del Nord Europa. La citt\u00e0 si trova sulla costa meridionale del Golfo di Finlandia, a soli 70 km (43 miglia) a sud di Helsinki. Il cuore storico della citt\u00e0 \u00e8 la collina di Toompea, con le sue stradine lastricate, vicoli e casette medievali. La \u2018citt\u00e0 bassa\u2019 si estende dai piedi della collina, ancora protetta dai resti dell\u2019antica cinta muraria. Intorno alle mura vi sono parchi ben tenuti, ideali per fare passeggiate. La cittadella, sorprendentemente ben conservata ed iscritta nell\u2019elenco patrimonio mondiale dell\u2019UNESCO nel 1997, \u00e8 ora pi\u00f9 in forma che mai, con le strade pi\u00f9 grandi piene di negozi alla moda, come Zurigo o Ginevra. Il nuovo centro della citt\u00e0 \u00e8 Vabaduse v\u00e4ljak (Piazza della libert\u00e0) appena fuori la cittadella, e nelle vicinanze si trova l\u2019hotel Viru, che ricorda una grande scatola di fiammiferi, precedentemente noto come Intourist e famigerato covo di intrighi nel periodo della guerra fredda (in ogni camera erano presenti microspie e gli ospiti erano sorvegliati dal KGB!). Recentemente, Tallinn ha visto un notevole incremento nel settore del turismo, soprattutto grazie ai numerosi traghetti che attraversano il Mar Baltico, provenienti dalla citt\u00e0 sorella, Helsinki.<br \/>\nPer maggiori informazioni su Tallinn visitare http:\/\/wikitravel.org\/en\/Tallinn<\/p>\n","protected":false},"excerpt":{"rendered":"<p>INFORMAZIONI SU TALLINN Tallinn, la capitale dell\u2019Estonia, \u00e8 veramente una delle gemme del Nord Europa. La citt\u00e0 si trova sulla costa meridionale del Golfo di Finlandia, a soli 70 km (43 miglia) a sud di Helsinki. Il cuore storico della citt\u00e0 \u00e8 la collina di Toompea, con le sue stradine lastricate, vicoli e casette medievali. [&hellip;]<\/p>\n","protected":false},"author":2,"featured_media":0,"parent":0,"menu_order":50,"comment_status":"closed","ping_status":"closed","template":"","meta":{"_acf_changed":false,"footnotes":""},"class_list":["post-528","page","type-page","status-publish","hentry"],"acf":[],"_links":{"self":[{"href":"https:\/\/citysightseeing.ee\/it\/wp-json\/wp\/v2\/pages\/528","targetHints":{"allow":["GET"]}}],"collection":[{"href":"https:\/\/citysightseeing.ee\/it\/wp-json\/wp\/v2\/pages"}],"about":[{"href":"https:\/\/citysightseeing.ee\/it\/wp-json\/wp\/v2\/types\/page"}],"author":[{"embeddable":true,"href":"https:\/\/citysightseeing.ee\/it\/wp-json\/wp\/v2\/users\/2"}],"replies":[{"embeddable":true,"href":"https:\/\/citysightseeing.ee\/it\/wp-json\/wp\/v2\/comments?post=528"}],"version-history":[{"count":0,"href":"https:\/\/citysightseeing.ee\/it\/wp-json\/wp\/v2\/pages\/528\/revisions"}],"wp:attachment":[{"href":"https:\/\/citysightseeing.ee\/it\/wp-json\/wp\/v2\/media?parent=528"}],"curies":[{"name":"wp","href":"https:\/\/api.w.org\/{rel}","templated":true}]}}