{"id":549,"date":"2017-05-03T22:25:55","date_gmt":"2017-05-03T19:25:55","guid":{"rendered":"https:\/\/citysightseeing.ee\/book-online\/"},"modified":"2025-04-27T15:46:42","modified_gmt":"2025-04-27T12:46:42","slug":"rezerves-en-ligne","status":"publish","type":"page","link":"https:\/\/citysightseeing.ee\/fr\/rezerves-en-ligne\/","title":{"rendered":"Rezerves en ligne"},"content":{"rendered":"<h1>RESERVEZ EN LIGNE<\/h1>\n<p>Confirmation Instantan\u00e9e. Billet \u00e9lectronique (E-Ticket).<\/p>\n<p>La mani\u00e8re la plus facile d\u2019acheter votre billet City Sightseeing Tallinn est de r\u00e9server en ligne depuis ce site Web. Vous pouvez r\u00e9server de mani\u00e8re s\u00fbre et en toute s\u00e9curit\u00e9. Nous acceptons toutes les principales cartes de cr\u00e9dits. Simplement cliquez sur le bouton ci-dessous pour acc\u00e9der au syst\u00e8me de r\u00e9servation et s\u00e9lectionnez les billets que vous voulez. Bien que l\u2019on vous demandera de sp\u00e9cifier une date pour le billet, votre billet sera valable pour une p\u00e9riode de 6 mois complets \u00e0 partir de la date d\u2019achat. D\u00e8s que votre paiement est effectu\u00e9, nous vous enverrons une quittance et un bon d\u2019\u00e9change \u00e0 imprimer chez vous et \u00e0 apporter lors de votre voyage. Nous vous souhaitons une excellente visite de Tallinn!<\/p>\n","protected":false},"excerpt":{"rendered":"<p>RESERVEZ EN LIGNE Confirmation Instantan\u00e9e. Billet \u00e9lectronique (E-Ticket). La mani\u00e8re la plus facile d\u2019acheter votre billet City Sightseeing Tallinn est de r\u00e9server en ligne depuis ce site Web. Vous pouvez r\u00e9server de mani\u00e8re s\u00fbre et en toute s\u00e9curit\u00e9. Nous acceptons toutes les principales cartes de cr\u00e9dits. Simplement cliquez sur le bouton ci-dessous pour acc\u00e9der au [&hellip;]<\/p>\n","protected":false},"author":2,"featured_media":0,"parent":0,"menu_order":96,"comment_status":"closed","ping_status":"closed","template":"","meta":{"_acf_changed":false,"footnotes":""},"class_list":["post-549","page","type-page","status-publish","hentry"],"acf":[],"_links":{"self":[{"href":"https:\/\/citysightseeing.ee\/fr\/wp-json\/wp\/v2\/pages\/549","targetHints":{"allow":["GET"]}}],"collection":[{"href":"https:\/\/citysightseeing.ee\/fr\/wp-json\/wp\/v2\/pages"}],"about":[{"href":"https:\/\/citysightseeing.ee\/fr\/wp-json\/wp\/v2\/types\/page"}],"author":[{"embeddable":true,"href":"https:\/\/citysightseeing.ee\/fr\/wp-json\/wp\/v2\/users\/2"}],"replies":[{"embeddable":true,"href":"https:\/\/citysightseeing.ee\/fr\/wp-json\/wp\/v2\/comments?post=549"}],"version-history":[{"count":1,"href":"https:\/\/citysightseeing.ee\/fr\/wp-json\/wp\/v2\/pages\/549\/revisions"}],"predecessor-version":[{"id":4115,"href":"https:\/\/citysightseeing.ee\/fr\/wp-json\/wp\/v2\/pages\/549\/revisions\/4115"}],"wp:attachment":[{"href":"https:\/\/citysightseeing.ee\/fr\/wp-json\/wp\/v2\/media?parent=549"}],"curies":[{"name":"wp","href":"https:\/\/api.w.org\/{rel}","templated":true}]}}