{"id":538,"date":"2017-05-03T22:24:23","date_gmt":"2017-05-03T19:24:23","guid":{"rendered":"https:\/\/citysightseeing.ee\/cruise\/"},"modified":"2017-05-04T13:49:12","modified_gmt":"2017-05-04T10:49:12","slug":"croisiere","status":"publish","type":"page","link":"https:\/\/citysightseeing.ee\/fr\/croisiere\/","title":{"rendered":"CROISI\u00c8RE"},"content":{"rendered":"<h1>CROISI\u00c8RE<\/h1>\n<p><strong>Arriv\u00e9e par bateau de croisi\u00e8re au quai des croisi\u00e8res<br \/>\n<\/strong>CitySightseeing Tallinn vous souhaite la bienvenue dans notre magnifique capitale. CitySightseeing Tallinn est pr\u00e9sent au Terminal des croisi\u00e8res \u00e0 l\u2019arriv\u00e9e de votre bateau de croisi\u00e8re.<\/p>\n<p><strong>O\u00f9 embarquer<\/strong><br \/>\nUn bus CitySightseeing sera pr\u00e9sent \u00e0 votre arriv\u00e9e au Terminal des croisi\u00e8res. Les bus s\u2019arr\u00eatent \u00e0 environ 500 m\u00e8tres des bateaux vers le centre-ville. Lorsque le premier bus CitySightseeing a quitt\u00e9 le quai des croisi\u00e8res, un autre bus de tourisme passera ensuite toutes les 20\/30 minutes (jusqu\u2019\u00e0 midi). L\u2019apr\u00e8s-midi les bus passent toutes les 30\/60 minutes. Veuillez v\u00e9rifier les horaires aupr\u00e8s de notre personnel. L\u2019arr\u00eat de d\u00e9pose pour les passagers en croisi\u00e8re est situ\u00e9 en journ\u00e9e, \u00e0 cause des r\u00e8gles de s\u00e9curit\u00e9 du Port de Tallinn, derri\u00e8re (en dehors) les portes d\u2019entr\u00e9e au quai (comme vu depuis les bateaux). De m\u00eame l\u2019arr\u00eat de ramassage apr\u00e8s 12h00 est situ\u00e9 au-del\u00e0 des portes. (Veuillez noter que toutes les informations ici s\u2019appliquent pour les visiteurs en croisi\u00e8re arrivant directement au Port de croisi\u00e8re et non aux visiteurs avec des bateaux de croisi\u00e8re restant aux terminaux des lignes maritimes r\u00e9guli\u00e8res).<\/p>\n<p><strong>Les principaux sites de Tallinn en seulement 50 minutes sur le tour Centre historique &amp; Vieille Ville<\/strong><br \/>\nSi vous d\u00e9cidez de rester \u00e0 bord du bus du tour Centre historique &amp; Vieille Ville pour un tour complet sans descendre \u00e0 aucun des nombreux sites, le parcours de Tallinn dure environ 50 minutes en tout. Si vous souhaitez passer plus de temps sur les visites et que souhaitez voir Pirita avec la Tour TV et les faubourgs historiques comme Kalamaja avec le nouveau mus\u00e9e du Port des hydravions, le tour de 75 minutes Pirita &amp; Faubourgs historiques est votre meilleur prochain choix. Vous pouvez aussi aller visiter le Mus\u00e9e en plein air ou le Zoo avec le Tour Mus\u00e9e en plein air. Un seul billet comprend tous les tours (l\u2019admission aux mus\u00e9es n\u2019est pas incluse dans le prix du billet).<\/p>\n<p><strong>Guide multilingue<\/strong><br \/>\nCitySightseeing Tallinn introduit les attractions, l\u2019histoire et la vie contemporaine en huit langues. C\u2019est une exp\u00e9rience amusante et enrichissante. Nous offrons les tours dans les langues suivantes : anglais, fran\u00e7ais, allemand, italien, finnois, su\u00e9dois, russe et espagnol.<\/p>\n<p><strong>Gagnez du temps et r\u00e9servez votre billet maintenant !<\/strong><br \/>\nR\u00e9servez votre billet en ligne et recevez une remise de 10 % sur toutes vos r\u00e9servations en ligne. Sur le quai des croisi\u00e8res toutes les personnes avec des r\u00e9servations en ligne ont la priorit\u00e9 pour acc\u00e9der au bus avant ceux qui font la queue. R\u00e9servation<\/p>\n<p><strong>Que faire \u00e0 Tallinn ?<\/strong><br \/>\nTant \u00e0 faire \u2013 si peu de temps ! Tallinn a beaucoup \u00e0 offrir et nous recommandons fortement de consulter www.tourism.tallinn.ee o\u00f9 vous pourrez en savoir plus sur Tallinn et nos nombreuses attractions.<\/p>\n<p>Nous vous souhaitons un agr\u00e9able s\u00e9jour et nous attendons avec impatience de vous voir \u00e0 Tallinn.<\/p>\n","protected":false},"excerpt":{"rendered":"<p>CROISI\u00c8RE Arriv\u00e9e par bateau de croisi\u00e8re au quai des croisi\u00e8res CitySightseeing Tallinn vous souhaite la bienvenue dans notre magnifique capitale. CitySightseeing Tallinn est pr\u00e9sent au Terminal des croisi\u00e8res \u00e0 l\u2019arriv\u00e9e de votre bateau de croisi\u00e8re. O\u00f9 embarquer Un bus CitySightseeing sera pr\u00e9sent \u00e0 votre arriv\u00e9e au Terminal des croisi\u00e8res. Les bus s\u2019arr\u00eatent \u00e0 environ 500 [&hellip;]<\/p>\n","protected":false},"author":2,"featured_media":0,"parent":0,"menu_order":91,"comment_status":"closed","ping_status":"closed","template":"","meta":{"_acf_changed":false,"footnotes":""},"class_list":["post-538","page","type-page","status-publish","hentry"],"acf":[],"_links":{"self":[{"href":"https:\/\/citysightseeing.ee\/fr\/wp-json\/wp\/v2\/pages\/538","targetHints":{"allow":["GET"]}}],"collection":[{"href":"https:\/\/citysightseeing.ee\/fr\/wp-json\/wp\/v2\/pages"}],"about":[{"href":"https:\/\/citysightseeing.ee\/fr\/wp-json\/wp\/v2\/types\/page"}],"author":[{"embeddable":true,"href":"https:\/\/citysightseeing.ee\/fr\/wp-json\/wp\/v2\/users\/2"}],"replies":[{"embeddable":true,"href":"https:\/\/citysightseeing.ee\/fr\/wp-json\/wp\/v2\/comments?post=538"}],"version-history":[{"count":0,"href":"https:\/\/citysightseeing.ee\/fr\/wp-json\/wp\/v2\/pages\/538\/revisions"}],"wp:attachment":[{"href":"https:\/\/citysightseeing.ee\/fr\/wp-json\/wp\/v2\/media?parent=538"}],"curies":[{"name":"wp","href":"https:\/\/api.w.org\/{rel}","templated":true}]}}