{"id":526,"date":"2017-05-03T22:23:01","date_gmt":"2017-05-03T19:23:01","guid":{"rendered":"https:\/\/citysightseeing.ee\/about-tallinn\/"},"modified":"2017-05-04T13:33:07","modified_gmt":"2017-05-04T10:33:07","slug":"a-propos-de-tallinn","status":"publish","type":"page","link":"https:\/\/citysightseeing.ee\/fr\/a-propos-de-tallinn\/","title":{"rendered":"\u00c0 PROPOS DE TALLINN"},"content":{"rendered":"<h1>\u00c0 PROPOS DE TALLINN<\/h1>\n<p>Tallinn, la capitale de l\u2019Estonie, est v\u00e9ritablement l\u2019un des joyaux de l\u2019Europe du Nord. La ville est situ\u00e9e sur la c\u00f4te sud du Golfe de Finlande, \u00e0 seulement 70 km (43 miles) au sud d\u2019Helsinki. Au c\u0153ur historique de la ville se trouve la colline de Toompea, couverte de rues pav\u00e9es et remplie de maisons et ruelles m\u00e9di\u00e9vales. La ville basse s\u2019\u00e9tend depuis le pied de la colline, toujours prot\u00e9g\u00e9e par les restes des remparts de la ville. Autour des remparts se trouve une s\u00e9rie d\u2019espaces verts bien entretenus, id\u00e9aux pour se promener. Bien que la vieille ville ait \u00e9t\u00e9 \u00e9tonnamment bien conserv\u00e9e et ait \u00e9t\u00e9 inscrite sur la liste du Patrimoine mondial de l\u2019UNESCO en 1997, elle est maintenant en meilleure forme que jamais, avec les plus grandes routes converties en des rues commer\u00e7antes \u00e0 la mode rappelant Zurich ou Gen\u00e8ve. Le nouveau centre de la ville est Vabaduse v\u00e4ljak (la Place de la Libert\u00e9) au bord de la vieille ville, et \u00e0 proximit\u00e9 se trouve la bo\u00eete d\u2019allumettes g\u00e9ante de l\u2019H\u00f4tel Viru, l\u2019ancien produit phare d\u2019Intourist et repaire notoire d\u2019intrigues de la Guerre Froide (chaque chambre \u00e9tait sur \u00e9coute et surveill\u00e9e par le KGB !). R\u00e9cemment, Tallinn a connu un boom du tourisme, tout particuli\u00e8rement avec les touristes d\u2019un jour qui viennent la visiter depuis sa ville s\u0153ur de l\u2019autre c\u00f4t\u00e9 de la Mer Baltique, Helsinki.<\/p>\n<p>En savoir plus sur Tallinn sur http:\/\/wikitravel.org\/en\/Tallinn<\/p>\n","protected":false},"excerpt":{"rendered":"<p>\u00c0 PROPOS DE TALLINN Tallinn, la capitale de l\u2019Estonie, est v\u00e9ritablement l\u2019un des joyaux de l\u2019Europe du Nord. La ville est situ\u00e9e sur la c\u00f4te sud du Golfe de Finlande, \u00e0 seulement 70 km (43 miles) au sud d\u2019Helsinki. Au c\u0153ur historique de la ville se trouve la colline de Toompea, couverte de rues pav\u00e9es [&hellip;]<\/p>\n","protected":false},"author":2,"featured_media":0,"parent":0,"menu_order":49,"comment_status":"closed","ping_status":"closed","template":"","meta":{"_acf_changed":false,"footnotes":""},"class_list":["post-526","page","type-page","status-publish","hentry"],"acf":[],"_links":{"self":[{"href":"https:\/\/citysightseeing.ee\/fr\/wp-json\/wp\/v2\/pages\/526","targetHints":{"allow":["GET"]}}],"collection":[{"href":"https:\/\/citysightseeing.ee\/fr\/wp-json\/wp\/v2\/pages"}],"about":[{"href":"https:\/\/citysightseeing.ee\/fr\/wp-json\/wp\/v2\/types\/page"}],"author":[{"embeddable":true,"href":"https:\/\/citysightseeing.ee\/fr\/wp-json\/wp\/v2\/users\/2"}],"replies":[{"embeddable":true,"href":"https:\/\/citysightseeing.ee\/fr\/wp-json\/wp\/v2\/comments?post=526"}],"version-history":[{"count":0,"href":"https:\/\/citysightseeing.ee\/fr\/wp-json\/wp\/v2\/pages\/526\/revisions"}],"wp:attachment":[{"href":"https:\/\/citysightseeing.ee\/fr\/wp-json\/wp\/v2\/media?parent=526"}],"curies":[{"name":"wp","href":"https:\/\/api.w.org\/{rel}","templated":true}]}}