{"id":474,"date":"2017-05-03T22:17:03","date_gmt":"2017-05-03T19:17:03","guid":{"rendered":"https:\/\/citysightseeing.ee\/our-tours\/tour-options-and-fares\/"},"modified":"2025-04-27T17:18:26","modified_gmt":"2025-04-27T14:18:26","slug":"options-tarifs","status":"publish","type":"page","link":"https:\/\/citysightseeing.ee\/fr\/nos-tours\/options-tarifs\/","title":{"rendered":"OPTIONS &#038; TARIFS"},"content":{"rendered":"<h1>OPTIONS &amp; TARIFS<\/h1>\n<p><strong>Options de Tour \u2013 La Meilleure Fa\u00e7on de voir Tallinn<\/strong><\/p>\n<p>Nos options de tour ont \u00e9t\u00e9 con\u00e7ues dans l\u2019esprit d\u2019une flexibilit\u00e9 maximale. Notre billet standard pour adulte vous offre un billet valable 24h. C\u2019est un billet qui permet de monter ou de descendre (hop-on, hop-off ticket) pour rejoindre le tour \u00e0 n\u2019importe lequel de nos 15 arr\u00eats \u00e0 n\u2019importe quel moment durant la journ\u00e9e. Le billet en ligne co\u00fbte 30 euros et comprend les deux lignes avec une validit\u00e9 de 24 heures \u00e0 partir du premier enregistrement dans le bus.<\/p>\n<h2>Tarif des Tours<\/h2>\n<h2>Le m\u00eame billet est valable sur toutes toutes les lignes<\/h2>\n<p>Carte adulte en ligne valable 24h <strong>30 EUR<\/strong><\/p>\n<p>Enfant en ligne 7-17 ans <strong>14 EUR<\/strong><\/p>\n<p>Pass famille en ligne valable 24h(comprend 2 adultes et jusqu&rsquo;\u00e0 3 enfants de moins de 7-17ans)\u00a0 \u00a0<strong>65 EUR<\/strong><\/p>\n<p>Enfant de moins de 7 ans <strong>GRATUIT<\/strong><\/p>\n","protected":false},"excerpt":{"rendered":"<p>OPTIONS &amp; TARIFS Options de Tour \u2013 La Meilleure Fa\u00e7on de voir Tallinn Nos options de tour ont \u00e9t\u00e9 con\u00e7ues dans l\u2019esprit d\u2019une flexibilit\u00e9 maximale. Notre billet standard pour adulte vous offre un billet valable 24h. C\u2019est un billet qui permet de monter ou de descendre (hop-on, hop-off ticket) pour rejoindre le tour \u00e0 n\u2019importe [&hellip;]<\/p>\n","protected":false},"author":2,"featured_media":0,"parent":466,"menu_order":75,"comment_status":"closed","ping_status":"closed","template":"","meta":{"_acf_changed":false,"footnotes":""},"class_list":["post-474","page","type-page","status-publish","hentry"],"acf":[],"_links":{"self":[{"href":"https:\/\/citysightseeing.ee\/fr\/wp-json\/wp\/v2\/pages\/474","targetHints":{"allow":["GET"]}}],"collection":[{"href":"https:\/\/citysightseeing.ee\/fr\/wp-json\/wp\/v2\/pages"}],"about":[{"href":"https:\/\/citysightseeing.ee\/fr\/wp-json\/wp\/v2\/types\/page"}],"author":[{"embeddable":true,"href":"https:\/\/citysightseeing.ee\/fr\/wp-json\/wp\/v2\/users\/2"}],"replies":[{"embeddable":true,"href":"https:\/\/citysightseeing.ee\/fr\/wp-json\/wp\/v2\/comments?post=474"}],"version-history":[{"count":2,"href":"https:\/\/citysightseeing.ee\/fr\/wp-json\/wp\/v2\/pages\/474\/revisions"}],"predecessor-version":[{"id":4194,"href":"https:\/\/citysightseeing.ee\/fr\/wp-json\/wp\/v2\/pages\/474\/revisions\/4194"}],"up":[{"embeddable":true,"href":"https:\/\/citysightseeing.ee\/fr\/wp-json\/wp\/v2\/pages\/466"}],"wp:attachment":[{"href":"https:\/\/citysightseeing.ee\/fr\/wp-json\/wp\/v2\/media?parent=474"}],"curies":[{"name":"wp","href":"https:\/\/api.w.org\/{rel}","templated":true}]}}