{"id":466,"date":"2017-05-03T22:16:33","date_gmt":"2017-05-03T19:16:33","guid":{"rendered":"https:\/\/citysightseeing.ee\/our-tours\/"},"modified":"2025-04-27T15:43:22","modified_gmt":"2025-04-27T12:43:22","slug":"nos-tours","status":"publish","type":"page","link":"https:\/\/citysightseeing.ee\/fr\/nos-tours\/","title":{"rendered":"NOS TOURS"},"content":{"rendered":"<h1>NOS TOURS<\/h1>\n<p>CitySightseeing Tallinn vous invite \u00e0 voir tous les meilleurs sites que Tallinn a \u00e0 offrir avec nos fameux tours en bus \u00e0 toit ouvert. Notre service d\u2019acc\u00e8s et de descente vous permet de visiter Tallinn \u00e0 votre guise. Nos tours ont un commentaire multilingue en 10 langues et durent environ 50-75 minutes selon l\u2019itin\u00e9raire. Nous avons 18 arr\u00eats autour de Tallinn y compris Mere Pst., Toompea, le Monument de la Russalka, les Terminaux A B C D du port de la ville et le Terminal des Bateaux de croisi\u00e8re, Pirita. En savoir plus sur nos options de tour y compris les tarifs, la carte des meilleurs sites et les horaires. Un billet adulte valable une journ\u00e9e ne co\u00fbte que 30 EUR\u00a0et comprend les deux lignes avec une validit\u00e9 de 24 heures \u00e0 partir du premier enregistrement dans le bus.<\/p>\n<p>La meilleure fa\u00e7on de r\u00e9server est ici sur ce site. R\u00e9servez en ligne maintenant et soyez s\u00fbr d\u2019avoir votre billet.<\/p>\n<p>En un clin d\u2019\u0153il :<\/p>\n<p>La dur\u00e9e des tours est d\u2019environ 50-75 minutes selon le tour que vous choisissez<br \/>\nUtilisez notre Billet Mont\u00e9e Descende pour visiter Tallinn \u00e0 votre guise<br \/>\nLes tours passent par tous les principaux sites et attractions de Tallinn<br \/>\nLa longueur totale des tours est d\u2019environ 50 km<br \/>\nLes tours ont un commentaire multilingue en 10 langues<br \/>\nEn cas de pluie, un toit coulissant et des fen\u00eatres coulissantes sont d\u00e9ploy\u00e9s pour votre confort<br \/>\nTous les bus offrent le Wi-Fi gratuit<br \/>\nLes niveaux sup\u00e9rieurs des bus sont chauff\u00e9s en hiver<\/p>\n","protected":false},"excerpt":{"rendered":"<p>NOS TOURS CitySightseeing Tallinn vous invite \u00e0 voir tous les meilleurs sites que Tallinn a \u00e0 offrir avec nos fameux tours en bus \u00e0 toit ouvert. Notre service d\u2019acc\u00e8s et de descente vous permet de visiter Tallinn \u00e0 votre guise. Nos tours ont un commentaire multilingue en 10 langues et durent environ 50-75 minutes selon [&hellip;]<\/p>\n","protected":false},"author":2,"featured_media":0,"parent":0,"menu_order":26,"comment_status":"closed","ping_status":"closed","template":"","meta":{"_acf_changed":false,"footnotes":""},"class_list":["post-466","page","type-page","status-publish","hentry"],"acf":[],"_links":{"self":[{"href":"https:\/\/citysightseeing.ee\/fr\/wp-json\/wp\/v2\/pages\/466","targetHints":{"allow":["GET"]}}],"collection":[{"href":"https:\/\/citysightseeing.ee\/fr\/wp-json\/wp\/v2\/pages"}],"about":[{"href":"https:\/\/citysightseeing.ee\/fr\/wp-json\/wp\/v2\/types\/page"}],"author":[{"embeddable":true,"href":"https:\/\/citysightseeing.ee\/fr\/wp-json\/wp\/v2\/users\/2"}],"replies":[{"embeddable":true,"href":"https:\/\/citysightseeing.ee\/fr\/wp-json\/wp\/v2\/comments?post=466"}],"version-history":[{"count":3,"href":"https:\/\/citysightseeing.ee\/fr\/wp-json\/wp\/v2\/pages\/466\/revisions"}],"predecessor-version":[{"id":4153,"href":"https:\/\/citysightseeing.ee\/fr\/wp-json\/wp\/v2\/pages\/466\/revisions\/4153"}],"wp:attachment":[{"href":"https:\/\/citysightseeing.ee\/fr\/wp-json\/wp\/v2\/media?parent=466"}],"curies":[{"name":"wp","href":"https:\/\/api.w.org\/{rel}","templated":true}]}}