{"id":110,"date":"2017-05-03T16:57:43","date_gmt":"2017-05-03T13:57:43","guid":{"rendered":"https:\/\/citysightseeing.ee\/homepage\/"},"modified":"2025-10-29T22:24:38","modified_gmt":"2025-10-29T20:24:38","slug":"accueil","status":"publish","type":"page","link":"https:\/\/citysightseeing.ee\/fr\/","title":{"rendered":"ACCUEIL"},"content":{"rendered":"<div class=\"wpb-content-wrapper\"><p>[vc_row][vc_column css=\u00a0\u00bb.vc_custom_1520174815345{margin-bottom: 1px !important;}\u00a0\u00bb][vc_column_text css=\u00a0\u00bb.vc_custom_1520175825724{margin-bottom: 1px !important;}\u00a0\u00bb]<\/p>\n<h1>VISITES TOURISTIQUE DE TALLINN \u00c0 CIEL OUVERT<\/h1>\n<p>[\/vc_column_text][vc_text_separator title=\u00a0\u00bb\u00a0\u00bb i_icon_fontawesome=\u00a0\u00bbfa fa-bus\u00a0\u00bb i_color=\u00a0\u00bbgrey\u00a0\u00bb i_size=\u00a0\u00bbxs\u00a0\u00bb el_width=\u00a0\u00bb50&Prime; add_icon=\u00a0\u00bbtrue\u00a0\u00bb][\/vc_column][\/vc_row][vc_row][vc_column width=\u00a0\u00bb1\/2&Prime;][vc_column_text]<\/p>\n<h2 style=\"text-align: left;\">VOYEZ TOUS LES MEILLEURS SITES DEPUIS LE NIVEAU SUP\u00c9RIEUR \u00c0 CIEL OUVERT!<\/h2>\n<p style=\"text-align: left;\">Il n\u2019y a pas de meilleure fa\u00e7on de voir Tallinn qu\u2019avec nos Bus \u00e0 Imp\u00e9riale \u00e0 ciel ouvert. Nous vous emmenons vers tous les meilleurs sites sur 2 itin\u00e9raires diff\u00e9rents autour d\u2019une des plus belles villes des Pays Baltes. Montez, descendez \u00e0 n\u2019importe lequel de nos 14 arr\u00eats. Nos circuits ont un commentaire multilingue en 10 langues : anglais, allemand, espagnol, italien, fran\u00e7ais, su\u00e9dois, finlandais, estonien,chinois et russe. En cas de pluie, nous avons un toit coulissant et des fen\u00eatres coulissantes pour votre confort et votre protection. Les niveaux sup\u00e9rieurs des bus sont chauff\u00e9s en hiver. Tous nos bus offrent le Wi-Fi gratuit. R\u00e9servez votre billet en ligne aujourd\u2019hui directement sur ce site Internet. Les billets peuvent \u00e9galement \u00eatre achet\u00e9s dans le bus, en payant par carte ou en esp\u00e8ces.<\/p>\n<p style=\"text-align: left;\">Ne visitez pas Tallinn sans CitySightseeing Tallinn!<\/p>\n<p>[\/vc_column_text][\/vc_column][vc_column width=\u00a0\u00bb1\/2&Prime;][vc_images_carousel images=\u00a0\u00bb2198,2208,2218&Prime; img_size=\u00a0\u00bbfull\u00a0\u00bb onclick=\u00a0\u00bblink_no\u00a0\u00bb autoplay=\u00a0\u00bbyes\u00a0\u00bb hide_prev_next_buttons=\u00a0\u00bbyes\u00a0\u00bb wrap=\u00a0\u00bbyes\u00a0\u00bb][\/vc_column][\/vc_row][vc_row][vc_column][vc_column_text]<\/p>\n<pre id=\"tw-target-text\" class=\"tw-data-text tw-text-large tw-ta\" dir=\"ltr\" data-placeholder=\"Translation\"><\/pre>\n<p>[\/vc_column_text][\/vc_column][\/vc_row]<\/p>\n<\/div>","protected":false},"excerpt":{"rendered":"<p>[vc_row][vc_column css=\u00a0\u00bb.vc_custom_1520174815345{margin-bottom: 1px !important;}\u00a0\u00bb][vc_column_text css=\u00a0\u00bb.vc_custom_1520175825724{margin-bottom: 1px !important;}\u00a0\u00bb] VISITES TOURISTIQUE DE TALLINN \u00c0 CIEL OUVERT [\/vc_column_text][vc_text_separator title=\u00a0\u00bb\u00a0\u00bb i_icon_fontawesome=\u00a0\u00bbfa fa-bus\u00a0\u00bb i_color=\u00a0\u00bbgrey\u00a0\u00bb i_size=\u00a0\u00bbxs\u00a0\u00bb el_width=\u00a0\u00bb50&Prime; add_icon=\u00a0\u00bbtrue\u00a0\u00bb][\/vc_column][\/vc_row][vc_row][vc_column width=\u00a0\u00bb1\/2&Prime;][vc_column_text] VOYEZ TOUS LES MEILLEURS SITES DEPUIS LE NIVEAU SUP\u00c9RIEUR \u00c0 CIEL OUVERT! Il n\u2019y a pas de meilleure fa\u00e7on de voir Tallinn qu\u2019avec nos Bus \u00e0 Imp\u00e9riale \u00e0 ciel ouvert. Nous vous [&hellip;]<\/p>\n","protected":false},"author":2,"featured_media":0,"parent":0,"menu_order":14,"comment_status":"closed","ping_status":"closed","template":"template-homepage.php","meta":{"_acf_changed":false,"footnotes":""},"class_list":["post-110","page","type-page","status-publish","hentry"],"acf":[],"_links":{"self":[{"href":"https:\/\/citysightseeing.ee\/fr\/wp-json\/wp\/v2\/pages\/110","targetHints":{"allow":["GET"]}}],"collection":[{"href":"https:\/\/citysightseeing.ee\/fr\/wp-json\/wp\/v2\/pages"}],"about":[{"href":"https:\/\/citysightseeing.ee\/fr\/wp-json\/wp\/v2\/types\/page"}],"author":[{"embeddable":true,"href":"https:\/\/citysightseeing.ee\/fr\/wp-json\/wp\/v2\/users\/2"}],"replies":[{"embeddable":true,"href":"https:\/\/citysightseeing.ee\/fr\/wp-json\/wp\/v2\/comments?post=110"}],"version-history":[{"count":3,"href":"https:\/\/citysightseeing.ee\/fr\/wp-json\/wp\/v2\/pages\/110\/revisions"}],"predecessor-version":[{"id":4824,"href":"https:\/\/citysightseeing.ee\/fr\/wp-json\/wp\/v2\/pages\/110\/revisions\/4824"}],"wp:attachment":[{"href":"https:\/\/citysightseeing.ee\/fr\/wp-json\/wp\/v2\/media?parent=110"}],"curies":[{"name":"wp","href":"https:\/\/api.w.org\/{rel}","templated":true}]}}