{"id":548,"date":"2017-05-03T22:25:55","date_gmt":"2017-05-03T19:25:55","guid":{"rendered":"https:\/\/citysightseeing.ee\/book-online\/"},"modified":"2025-04-27T15:28:40","modified_gmt":"2025-04-27T12:28:40","slug":"varaa-onlinessa","status":"publish","type":"page","link":"https:\/\/citysightseeing.ee\/fi\/varaa-onlinessa\/","title":{"rendered":"Varaa onlinessa"},"content":{"rendered":"<h1>VARAA ONLINESSA<\/h1>\n<p>Vahvistus heti. E-lippu.<\/p>\n<p>Helpoin tapa ostaa Tallinnan City Sightseeing -kiertoajelulippu on varata se onlinessa t\u00e4lt\u00e4 sivulta.\u00a0 Varaaminen on varmaa ja turvallista. Hyv\u00e4ksymme kaikki yleisimm\u00e4t luottokortit.<\/p>\n<p>Klikkaamalla alla olevaa BOOK ONLINE \u2011varauspainiketta, p\u00e4\u00e4set varauslomakkeelle, jossa voit valita haluamasi liput. Vaikka varauksen yhteydess\u00e4 kysyt\u00e4\u00e4n p\u00e4iv\u00e4m\u00e4\u00e4r\u00e4\u00e4, kaikki liput ovat voimassa 6 kuukautta ostop\u00e4iv\u00e4st\u00e4. Maksusuorituksen k\u00e4sittelyn j\u00e4lkeen l\u00e4het\u00e4mme asiakkaalle kuitin ja voucherin, joka t\u00e4ytyy tulostaa ja ottaa mukaan matkalle. Verkkolipun hinta on 30 euroa ja se sis\u00e4lt\u00e4\u00e4 molemmat linjat, voimassa 24 tuntia ensimm\u00e4isest\u00e4 bussiin kirjautumisesta.<\/p>\n<p>Tervetuloa Tallinnaan!<\/p>\n","protected":false},"excerpt":{"rendered":"<p>VARAA ONLINESSA Vahvistus heti. E-lippu. Helpoin tapa ostaa Tallinnan City Sightseeing -kiertoajelulippu on varata se onlinessa t\u00e4lt\u00e4 sivulta.\u00a0 Varaaminen on varmaa ja turvallista. Hyv\u00e4ksymme kaikki yleisimm\u00e4t luottokortit. Klikkaamalla alla olevaa BOOK ONLINE \u2011varauspainiketta, p\u00e4\u00e4set varauslomakkeelle, jossa voit valita haluamasi liput. Vaikka varauksen yhteydess\u00e4 kysyt\u00e4\u00e4n p\u00e4iv\u00e4m\u00e4\u00e4r\u00e4\u00e4, kaikki liput ovat voimassa 6 kuukautta ostop\u00e4iv\u00e4st\u00e4. Maksusuorituksen k\u00e4sittelyn j\u00e4lkeen [&hellip;]<\/p>\n","protected":false},"author":2,"featured_media":0,"parent":0,"menu_order":95,"comment_status":"closed","ping_status":"closed","template":"","meta":{"_acf_changed":false,"footnotes":""},"class_list":["post-548","page","type-page","status-publish","hentry"],"acf":[],"_links":{"self":[{"href":"https:\/\/citysightseeing.ee\/fi\/wp-json\/wp\/v2\/pages\/548","targetHints":{"allow":["GET"]}}],"collection":[{"href":"https:\/\/citysightseeing.ee\/fi\/wp-json\/wp\/v2\/pages"}],"about":[{"href":"https:\/\/citysightseeing.ee\/fi\/wp-json\/wp\/v2\/types\/page"}],"author":[{"embeddable":true,"href":"https:\/\/citysightseeing.ee\/fi\/wp-json\/wp\/v2\/users\/2"}],"replies":[{"embeddable":true,"href":"https:\/\/citysightseeing.ee\/fi\/wp-json\/wp\/v2\/comments?post=548"}],"version-history":[{"count":2,"href":"https:\/\/citysightseeing.ee\/fi\/wp-json\/wp\/v2\/pages\/548\/revisions"}],"predecessor-version":[{"id":4143,"href":"https:\/\/citysightseeing.ee\/fi\/wp-json\/wp\/v2\/pages\/548\/revisions\/4143"}],"wp:attachment":[{"href":"https:\/\/citysightseeing.ee\/fi\/wp-json\/wp\/v2\/media?parent=548"}],"curies":[{"name":"wp","href":"https:\/\/api.w.org\/{rel}","templated":true}]}}