{"id":473,"date":"2017-05-03T22:17:03","date_gmt":"2017-05-03T19:17:03","guid":{"rendered":"https:\/\/citysightseeing.ee\/our-tours\/tour-options-and-fares\/"},"modified":"2025-04-27T17:20:50","modified_gmt":"2025-04-27T14:20:50","slug":"mahdollisuudet-ja-hinnat","status":"publish","type":"page","link":"https:\/\/citysightseeing.ee\/fi\/kiertoajelumme\/mahdollisuudet-ja-hinnat\/","title":{"rendered":"MAHDOLLISUUDET JA HINNAT"},"content":{"rendered":"<h1>MAHDOLLISUUDET JA HINNAT<\/h1>\n<p>Kiertoajelumme on suunniteltu mahdollisemman joustavaksi. Aikuisen peruslippu on 24h lippu. T\u00e4m\u00e4 Hop-on \/ Hop-off -lippu antaa mahdollisuuden koko p\u00e4iv\u00e4n kuluessa nousta bussiin tai j\u00e4\u00e4d\u00e4 bussista pois mill\u00e4 tahansa pys\u00e4kill\u00e4, joita on yhteens\u00e4 17. Verkkolipun hinta sis\u00e4lt\u00e4\u00e4 molemmat linjat, voimassa 24 tuntia ensimm\u00e4isest\u00e4 bussiin kirjautumisesta.<\/p>\n<h2>Kiertoajelun hinnat<\/h2>\n<p><strong>Kaikki linjat sis\u00e4ltyy yhdess\u00e4 hinnassa!<\/strong><\/p>\n<p>24h verkkolippu aikuiset <strong>30 EUR<\/strong><\/p>\n<p>24h verrkolippu lapset 7-17 vuotta <strong>14 EUR<\/strong><\/p>\n<p>24 tunnin perhelippu (sis\u00e4lt\u00e4\u00e4 2 aikuista ja enint\u00e4\u00e4n 3\u00a0 7-17-vuotiasta lasta)\u00a0 \u00a0 <strong>65 EUR<\/strong><\/p>\n<p>Lapset alle 7 vuotta <strong>FREE<\/strong><\/p>\n","protected":false},"excerpt":{"rendered":"<p>MAHDOLLISUUDET JA HINNAT Kiertoajelumme on suunniteltu mahdollisemman joustavaksi. Aikuisen peruslippu on 24h lippu. T\u00e4m\u00e4 Hop-on \/ Hop-off -lippu antaa mahdollisuuden koko p\u00e4iv\u00e4n kuluessa nousta bussiin tai j\u00e4\u00e4d\u00e4 bussista pois mill\u00e4 tahansa pys\u00e4kill\u00e4, joita on yhteens\u00e4 17. Verkkolipun hinta sis\u00e4lt\u00e4\u00e4 molemmat linjat, voimassa 24 tuntia ensimm\u00e4isest\u00e4 bussiin kirjautumisesta. Kiertoajelun hinnat Kaikki linjat sis\u00e4ltyy yhdess\u00e4 hinnassa! 24h [&hellip;]<\/p>\n","protected":false},"author":2,"featured_media":0,"parent":465,"menu_order":81,"comment_status":"closed","ping_status":"closed","template":"","meta":{"_acf_changed":false,"footnotes":""},"class_list":["post-473","page","type-page","status-publish","hentry"],"acf":[],"_links":{"self":[{"href":"https:\/\/citysightseeing.ee\/fi\/wp-json\/wp\/v2\/pages\/473","targetHints":{"allow":["GET"]}}],"collection":[{"href":"https:\/\/citysightseeing.ee\/fi\/wp-json\/wp\/v2\/pages"}],"about":[{"href":"https:\/\/citysightseeing.ee\/fi\/wp-json\/wp\/v2\/types\/page"}],"author":[{"embeddable":true,"href":"https:\/\/citysightseeing.ee\/fi\/wp-json\/wp\/v2\/users\/2"}],"replies":[{"embeddable":true,"href":"https:\/\/citysightseeing.ee\/fi\/wp-json\/wp\/v2\/comments?post=473"}],"version-history":[{"count":4,"href":"https:\/\/citysightseeing.ee\/fi\/wp-json\/wp\/v2\/pages\/473\/revisions"}],"predecessor-version":[{"id":4198,"href":"https:\/\/citysightseeing.ee\/fi\/wp-json\/wp\/v2\/pages\/473\/revisions\/4198"}],"up":[{"embeddable":true,"href":"https:\/\/citysightseeing.ee\/fi\/wp-json\/wp\/v2\/pages\/465"}],"wp:attachment":[{"href":"https:\/\/citysightseeing.ee\/fi\/wp-json\/wp\/v2\/media?parent=473"}],"curies":[{"name":"wp","href":"https:\/\/api.w.org\/{rel}","templated":true}]}}