{"id":465,"date":"2017-05-03T22:16:33","date_gmt":"2017-05-03T19:16:33","guid":{"rendered":"https:\/\/citysightseeing.ee\/our-tours\/"},"modified":"2025-04-27T15:31:45","modified_gmt":"2025-04-27T12:31:45","slug":"kiertoajelumme","status":"publish","type":"page","link":"https:\/\/citysightseeing.ee\/fi\/kiertoajelumme\/","title":{"rendered":"KIERTOAJELUMME"},"content":{"rendered":"<h1>KIERTOAJELUMME<\/h1>\n<p>Paras tapa tutustua Tallinnaan.<\/p>\n<p>Citysightseeing Tallinn esittelee Tallinnan parhaat n\u00e4ht\u00e4vyydet kiertoajelussa upealla kaksikerroksisella avokattobussilla. Hop-On \/ Hop-Off -pys\u00e4kkij\u00e4rjestelm\u00e4 antaa mahdollisuuden j\u00e4rjest\u00e4\u00e4 tutustumiskierrokset ihan omien toiveiden mukaan. Opastusteksti\u00e4 voi kuunnella 9 eri kielell\u00e4, Voittee ajaa 2 eri linjalla, bussikierrokset kest\u00e4v\u00e4t 50-75 minuuttiin. Matkan varrella on 17 pys\u00e4kki\u00e4, muun muassa Mere puiestee, Toompea, Russalka -muistopatsas, Pirita, TV Torni, Matkustajasataman A B C D -terminaalit sek\u00e4 risteilyterminaali.<\/p>\n<p>Lue lis\u00e4\u00e4 kiertoajelustamme: hinnat, parhaat n\u00e4ht\u00e4vyydet, kartta, aikataulut. Verkkolipun aikuisen hinta on 30 euroa ja se sis\u00e4lt\u00e4\u00e4 molemmat linjat ja on\u00a0 voimassa 24 tuntia ensimm\u00e4isest\u00e4 bussiin kirjautumisesta. Paras tapa varata lippu on suoraan t\u00e4lt\u00e4 sivulta. Varaa lippusi nyt.<\/p>\n<p>Faktoja:<\/p>\n<p>1.Eri kiertoajelut kest\u00e4v\u00e4t riipuen linjasta suunnilleen noin 50-75 minuuttiin.<\/p>\n<p>2.K\u00e4yt\u00e4 Hop-On \/ Hop-Off -lippuasi, kun haluat l\u00e4hemmin tutustua Tallinnan n\u00e4ht\u00e4vyyksiin.<br \/>\n3. Matkojen varrella n\u00e4hd\u00e4\u00e4n kaikki Tallinnan t\u00e4rkeimm\u00e4t turistikohteet.<br \/>\n4. Kierrosten pituus yhteens\u00e4 on noin 50 km.<br \/>\n5. N\u00e4ht\u00e4vyyksi\u00e4 esitell\u00e4\u00e4n 9 eri kielell\u00e4.<br \/>\n6. Sades\u00e4\u00e4ll\u00e4 matkustajia suojaa liukukatto.<\/p>\n","protected":false},"excerpt":{"rendered":"<p>KIERTOAJELUMME Paras tapa tutustua Tallinnaan. Citysightseeing Tallinn esittelee Tallinnan parhaat n\u00e4ht\u00e4vyydet kiertoajelussa upealla kaksikerroksisella avokattobussilla. Hop-On \/ Hop-Off -pys\u00e4kkij\u00e4rjestelm\u00e4 antaa mahdollisuuden j\u00e4rjest\u00e4\u00e4 tutustumiskierrokset ihan omien toiveiden mukaan. Opastusteksti\u00e4 voi kuunnella 9 eri kielell\u00e4, Voittee ajaa 2 eri linjalla, bussikierrokset kest\u00e4v\u00e4t 50-75 minuuttiin. Matkan varrella on 17 pys\u00e4kki\u00e4, muun muassa Mere puiestee, Toompea, Russalka -muistopatsas, Pirita, [&hellip;]<\/p>\n","protected":false},"author":2,"featured_media":0,"parent":0,"menu_order":20,"comment_status":"closed","ping_status":"closed","template":"","meta":{"_acf_changed":false,"footnotes":""},"class_list":["post-465","page","type-page","status-publish","hentry"],"acf":[],"_links":{"self":[{"href":"https:\/\/citysightseeing.ee\/fi\/wp-json\/wp\/v2\/pages\/465","targetHints":{"allow":["GET"]}}],"collection":[{"href":"https:\/\/citysightseeing.ee\/fi\/wp-json\/wp\/v2\/pages"}],"about":[{"href":"https:\/\/citysightseeing.ee\/fi\/wp-json\/wp\/v2\/types\/page"}],"author":[{"embeddable":true,"href":"https:\/\/citysightseeing.ee\/fi\/wp-json\/wp\/v2\/users\/2"}],"replies":[{"embeddable":true,"href":"https:\/\/citysightseeing.ee\/fi\/wp-json\/wp\/v2\/comments?post=465"}],"version-history":[{"count":3,"href":"https:\/\/citysightseeing.ee\/fi\/wp-json\/wp\/v2\/pages\/465\/revisions"}],"predecessor-version":[{"id":4142,"href":"https:\/\/citysightseeing.ee\/fi\/wp-json\/wp\/v2\/pages\/465\/revisions\/4142"}],"wp:attachment":[{"href":"https:\/\/citysightseeing.ee\/fi\/wp-json\/wp\/v2\/media?parent=465"}],"curies":[{"name":"wp","href":"https:\/\/api.w.org\/{rel}","templated":true}]}}