{"id":2173,"date":"2020-09-26T14:40:17","date_gmt":"2020-09-26T11:40:17","guid":{"rendered":"https:\/\/citysightseeing.ee\/busside-tellimine\/"},"modified":"2021-07-05T23:58:18","modified_gmt":"2021-07-05T20:58:18","slug":"busside-tellimine","status":"publish","type":"page","link":"https:\/\/citysightseeing.ee\/fi\/busside-tellimine\/","title":{"rendered":"BUSSIEN VUOKRA"},"content":{"rendered":"<h1><strong>BUSSIEN VUOKRA<\/strong><\/h1>\n<p id=\"tw-target-text\" class=\"tw-data-text tw-text-large XcVN5d tw-ta\" dir=\"ltr\" data-placeholder=\"Translation\"><span lang=\"fi\">Jos aiot j\u00e4rjest\u00e4\u00e4 ikimuistoisen ja j\u00e4nnitt\u00e4v\u00e4n tapahtuman (esimerkiksi h\u00e4\u00e4t tai yritystapahtuma) suuremman ryhm\u00e4n kanssa tai tarvitset bussikuljetuksen, joka yhdist\u00e4\u00e4 yrityksen samalla miellytt\u00e4v\u00e4n ja iloisen bussimatkan kautta, niin meid\u00e4n kaksinkertaiset avokatto bussit ovat todenn\u00e4k\u00f6isesti juuri sit\u00e4 mit\u00e4 tarvitset. Doubledecker-kaupunkikierrebusseja\u00a0 voi vuokrata lyhyemmille matkoille Tallinnassa tai Harjumaalla sek\u00e4 pitempiin tai lyhyempiin mainoskampanjoihin (olemme tehneet my\u00f6s\u00a0 lyhytaikaista kansainv\u00e4list\u00e4 vuokrausta Ruotsiin ja Suomeen). Valittavana on kahdentyyppisi\u00e4 busseja: bussi, jossa on\u00a0 taitettava katto ja liukuvat taittuvat ikkunat yl\u00e4kerrassa, ja bussi, jossa on t\u00e4ysin avoin p\u00e4\u00e4llinen ilman sivuikkunoita toisella kannella (klassinen ns. Lontoon avobussi). <\/span><\/p>\n<p class=\"tw-data-text tw-text-large XcVN5d tw-ta\" dir=\"ltr\" data-placeholder=\"Translation\"><span lang=\"fi\">Virossa on vain 2 t\u00e4llaista t\u00e4ysin avointa linja-autoa, jotka\u00a0 soveltuvat matkustajaliikenteeseen, ja ne voi vuokrata vain meilt\u00e4. Linja-autoihin mahtuu 65-75 henkil\u00f6\u00e4 (44-48 henkil\u00f6\u00e4\u00a0 ylimm\u00e4ss\u00e4 kerroksessa).\u00a0 Koska linja-autot on varustettu monikielisill\u00e4 \u00e4\u00e4nioppailla, niit\u00e4 on my\u00f6s mahdollista vuokrata yksityisiin\u00a0 suomenkielisiin kiertoajeluihin Tallinnan kaupungissa.<\/span><\/p>\n","protected":false},"excerpt":{"rendered":"<p>BUSSIEN VUOKRA Jos aiot j\u00e4rjest\u00e4\u00e4 ikimuistoisen ja j\u00e4nnitt\u00e4v\u00e4n tapahtuman (esimerkiksi h\u00e4\u00e4t tai yritystapahtuma) suuremman ryhm\u00e4n kanssa tai tarvitset bussikuljetuksen, joka yhdist\u00e4\u00e4 yrityksen samalla miellytt\u00e4v\u00e4n ja iloisen bussimatkan kautta, niin meid\u00e4n kaksinkertaiset avokatto bussit ovat todenn\u00e4k\u00f6isesti juuri sit\u00e4 mit\u00e4 tarvitset. Doubledecker-kaupunkikierrebusseja\u00a0 voi vuokrata lyhyemmille matkoille Tallinnassa tai Harjumaalla sek\u00e4 pitempiin tai lyhyempiin mainoskampanjoihin (olemme tehneet my\u00f6s\u00a0 [&hellip;]<\/p>\n","protected":false},"author":3,"featured_media":0,"parent":0,"menu_order":1,"comment_status":"closed","ping_status":"closed","template":"","meta":{"_acf_changed":false,"footnotes":""},"class_list":["post-2173","page","type-page","status-publish","hentry"],"acf":[],"_links":{"self":[{"href":"https:\/\/citysightseeing.ee\/fi\/wp-json\/wp\/v2\/pages\/2173","targetHints":{"allow":["GET"]}}],"collection":[{"href":"https:\/\/citysightseeing.ee\/fi\/wp-json\/wp\/v2\/pages"}],"about":[{"href":"https:\/\/citysightseeing.ee\/fi\/wp-json\/wp\/v2\/types\/page"}],"author":[{"embeddable":true,"href":"https:\/\/citysightseeing.ee\/fi\/wp-json\/wp\/v2\/users\/3"}],"replies":[{"embeddable":true,"href":"https:\/\/citysightseeing.ee\/fi\/wp-json\/wp\/v2\/comments?post=2173"}],"version-history":[{"count":0,"href":"https:\/\/citysightseeing.ee\/fi\/wp-json\/wp\/v2\/pages\/2173\/revisions"}],"wp:attachment":[{"href":"https:\/\/citysightseeing.ee\/fi\/wp-json\/wp\/v2\/media?parent=2173"}],"curies":[{"name":"wp","href":"https:\/\/api.w.org\/{rel}","templated":true}]}}