{"id":109,"date":"2017-05-03T16:57:43","date_gmt":"2017-05-03T13:57:43","guid":{"rendered":"https:\/\/citysightseeing.ee\/homepage\/"},"modified":"2025-10-29T22:19:18","modified_gmt":"2025-10-29T20:19:18","slug":"etusivu","status":"publish","type":"page","link":"https:\/\/citysightseeing.ee\/fi\/","title":{"rendered":"ETUSIVU"},"content":{"rendered":"<div class=\"wpb-content-wrapper\"><p>[vc_row][vc_column css=&#8221;.vc_custom_1520174815345{margin-bottom: 1px !important;}&#8221;][vc_column_text css=&#8221;.vc_custom_1600242615747{margin-bottom: 1px !important;}&#8221;]<\/p>\n<h1>OPEN TOP TOURS \u2013 KIERTOAJELUT TALLINNASSA<\/h1>\n<p>[\/vc_column_text][vc_text_separator title=&#8221;&#8221; i_icon_fontawesome=&#8221;fa fa-bus&#8221; i_color=&#8221;grey&#8221; i_size=&#8221;xs&#8221; el_width=&#8221;50&#8243; add_icon=&#8221;true&#8221;][\/vc_column][\/vc_row][vc_row][vc_column width=&#8221;1\/2&#8243;][vc_column_text]<\/p>\n<h2 style=\"text-align: left;\">PARAS KAUPUNKIKIERROS OPEN TOP \u2013 AVOBUSSILLA!<\/h2>\n<p style=\"text-align: left;\">Paras tapa tutustua Tallinnan n\u00e4ht\u00e4vyyksiin on kiertoajelu kaksikerroksisella avokattobussilla. Meid\u00e4n 2 eri bussireitti\u00e4 esittelev\u00e4t er\u00e4\u00e4n Baltian maiden kauniimman kaupungin t\u00e4rkeimpi\u00e4 n\u00e4ht\u00e4vyyksi\u00e4. Reitin varrella on 17 Hop-On \/ Hop-Off -pys\u00e4kki\u00e4, joissa voi nousta bussiin tai j\u00e4\u00e4d\u00e4 bussista pois. Bussissa toimii autio-opas, joka esittelee kaupunkia 9 kielell\u00e4: englanti, saksa, espanja, italia, ranska, ruotsi, suomi,ven\u00e4j\u00e4 ja kiina(mandariini). Olemme ainut yhti\u00f6 Tallinnassa, joka tarjoaa opastusta kiinan kielell\u00e4. Sades\u00e4\u00e4ll\u00e4 matkustajia suojavat liukukatto ja liukuikkunat. Talvikaudella toinen kerros on bussissa l\u00e4mmitetty. Matkaliput voi ostaa t\u00e4lt\u00e4 verkkosivulta tai bussista maksamalla joko pankkikortilla tai k\u00e4teisell\u00e4. Tallinnan parhaat kiertoajelut tarjoaa City Sightseeing Tallinn.<\/p>\n<p>[\/vc_column_text][\/vc_column][vc_column width=&#8221;1\/2&#8243;][vc_images_carousel images=&#8221;2197,2207,2217&#8243; img_size=&#8221;full&#8221; onclick=&#8221;link_no&#8221; autoplay=&#8221;yes&#8221; hide_prev_next_buttons=&#8221;yes&#8221; wrap=&#8221;yes&#8221;][\/vc_column][\/vc_row][vc_row][vc_column][vc_column_text]<\/p>\n<pre id=\"tw-target-text\" class=\"tw-data-text tw-text-large tw-ta\" dir=\"ltr\" data-placeholder=\"Translation\"><\/pre>\n<p>[\/vc_column_text][\/vc_column][\/vc_row]<\/p>\n<\/div>","protected":false},"excerpt":{"rendered":"<p>[vc_row][vc_column css=&#8221;.vc_custom_1520174815345{margin-bottom: 1px !important;}&#8221;][vc_column_text css=&#8221;.vc_custom_1600242615747{margin-bottom: 1px !important;}&#8221;] OPEN TOP TOURS \u2013 KIERTOAJELUT TALLINNASSA [\/vc_column_text][vc_text_separator title=&#8221;&#8221; i_icon_fontawesome=&#8221;fa fa-bus&#8221; i_color=&#8221;grey&#8221; i_size=&#8221;xs&#8221; el_width=&#8221;50&#8243; add_icon=&#8221;true&#8221;][\/vc_column][\/vc_row][vc_row][vc_column width=&#8221;1\/2&#8243;][vc_column_text] PARAS KAUPUNKIKIERROS OPEN TOP \u2013 AVOBUSSILLA! Paras tapa tutustua Tallinnan n\u00e4ht\u00e4vyyksiin on kiertoajelu kaksikerroksisella avokattobussilla. Meid\u00e4n 2 eri bussireitti\u00e4 esittelev\u00e4t er\u00e4\u00e4n Baltian maiden kauniimman kaupungin t\u00e4rkeimpi\u00e4 n\u00e4ht\u00e4vyyksi\u00e4. Reitin varrella on 17 Hop-On \/ [&hellip;]<\/p>\n","protected":false},"author":2,"featured_media":0,"parent":0,"menu_order":13,"comment_status":"closed","ping_status":"closed","template":"template-homepage.php","meta":{"_acf_changed":false,"footnotes":""},"class_list":["post-109","page","type-page","status-publish","hentry"],"acf":[],"_links":{"self":[{"href":"https:\/\/citysightseeing.ee\/fi\/wp-json\/wp\/v2\/pages\/109","targetHints":{"allow":["GET"]}}],"collection":[{"href":"https:\/\/citysightseeing.ee\/fi\/wp-json\/wp\/v2\/pages"}],"about":[{"href":"https:\/\/citysightseeing.ee\/fi\/wp-json\/wp\/v2\/types\/page"}],"author":[{"embeddable":true,"href":"https:\/\/citysightseeing.ee\/fi\/wp-json\/wp\/v2\/users\/2"}],"replies":[{"embeddable":true,"href":"https:\/\/citysightseeing.ee\/fi\/wp-json\/wp\/v2\/comments?post=109"}],"version-history":[{"count":5,"href":"https:\/\/citysightseeing.ee\/fi\/wp-json\/wp\/v2\/pages\/109\/revisions"}],"predecessor-version":[{"id":4820,"href":"https:\/\/citysightseeing.ee\/fi\/wp-json\/wp\/v2\/pages\/109\/revisions\/4820"}],"wp:attachment":[{"href":"https:\/\/citysightseeing.ee\/fi\/wp-json\/wp\/v2\/media?parent=109"}],"curies":[{"name":"wp","href":"https:\/\/api.w.org\/{rel}","templated":true}]}}