{"id":850,"date":"2017-05-04T14:39:13","date_gmt":"2017-05-04T11:39:13","guid":{"rendered":"https:\/\/citysightseeing.ee\/meie-tuurid\/top-sites-map\/rocca-al-mare-open-air-museum-tour\/"},"modified":"2025-10-29T14:41:31","modified_gmt":"2025-10-29T12:41:31","slug":"rocca-al-mare-open-air-museum-tour","status":"publish","type":"page","link":"https:\/\/citysightseeing.ee\/et\/meie-tuurid\/top-sites-map\/rocca-al-mare-open-air-museum-tour\/","title":{"rendered":"Rocca al Mare"},"content":{"rendered":"<h1><span style=\"color: #0000ff;\">Rocca al Mare Vaba\u00f5humuuseum (sinine liin)<\/span><\/h1>\n<p data-start=\"0\" data-end=\"637\">See ringreis on ideaalne valik, kui soovid n\u00e4ha ja kogeda Eesti maa-arhitektuuri ning maapiirkondade eluolu. H\u00fcppa maha Vaba\u00f5humuuseumi peatuses ja veeda paar tundi selles muuseumis, mis asutati 1957. aastal. Kui sul on rohkem vaba aega, v\u00f5id k\u00fclastada ka Tallinna Loomaaeda, mis asub liigirohkes ja looduskaunis Veskimetsa pargimetsas. Samuti v\u00f5id sisse astuda Tallinna suurimasse Rocca al Mare kaubanduskeskusesse. Ringreis l\u00e4bib ka Toompead, nii et sul on suurep\u00e4rane v\u00f5imalus k\u00fclastada meie ainulaadset vanalinna. Reis viib sind l\u00e4bi sadama A-terminali ja kruiisilaevade terminali tagasi Mere puiesteele.<\/p>\n<p data-start=\"639\" data-end=\"675\"><strong data-start=\"639\" data-end=\"673\">Peatus 3: Eesti Vaba\u00f5humuuseum<\/strong><\/p>\n<p data-start=\"677\" data-end=\"1012\">Muuseumi 14 talu annavad hea \u00fclevaate sellest, kuidas eri \u00fchiskonnakihtide pered elasid 18., 19. ja 20. sajandil. Nagu igas ehtsas k\u00fclakeses, on siin kirik, k\u00f5rts, koolimaja, veski, tulet\u00f5rjedepoo, pood ning mere \u00e4\u00e4res kalurite h\u00fctid. Muuseumis saab osta k\u00e4sit\u00f6\u00f6d, s\u00f5ita hobusega ning maitsta k\u00f5rtsis traditsioonilisi Eesti roogasid.<\/p>\n<p data-start=\"1014\" data-end=\"1047\"><strong data-start=\"1014\" data-end=\"1045\">Peatus 5: Tallinna Loomaaed<\/strong><\/p>\n<p data-start=\"1049\" data-end=\"1417\">Tallinna Loomaaed asub liigirikkas ja looduskaunis Veskimetsa pargimetsas. Siin on P\u00f5hja-Euroopa \u00fcks p\u00f5nevamaid loomakogusid \u2013 \u00fcle 7700 isendi, kes kuuluvad ligi 600 liigi v\u00f5i alamliigi hulka Austraaliast Alaskani. Loomaaias on maailma parim mets- ja m\u00e4gikitsede kollektsioon, m\u00e4rkimisv\u00e4\u00e4rne hulk kotkaid ja raisakotkaid ning suurep\u00e4rane valik \u00f6\u00f6kulle ja toonekurgi.<\/p>\n<p data-start=\"1419\" data-end=\"1478\" data-is-last-node=\"\" data-is-only-node=\"\">\n","protected":false},"excerpt":{"rendered":"<p>Rocca al Mare Vaba\u00f5humuuseum (sinine liin) See ringreis on ideaalne valik, kui soovid n\u00e4ha ja kogeda Eesti maa-arhitektuuri ning maapiirkondade eluolu. H\u00fcppa maha Vaba\u00f5humuuseumi peatuses ja veeda paar tundi selles muuseumis, mis asutati 1957. aastal. Kui sul on rohkem vaba aega, v\u00f5id k\u00fclastada ka Tallinna Loomaaeda, mis asub liigirohkes ja looduskaunis Veskimetsa pargimetsas. Samuti v\u00f5id [&hellip;]<\/p>\n","protected":false},"author":2,"featured_media":0,"parent":826,"menu_order":70,"comment_status":"closed","ping_status":"closed","template":"","meta":{"_acf_changed":false,"footnotes":""},"class_list":["post-850","page","type-page","status-publish","hentry"],"acf":[],"_links":{"self":[{"href":"https:\/\/citysightseeing.ee\/et\/wp-json\/wp\/v2\/pages\/850","targetHints":{"allow":["GET"]}}],"collection":[{"href":"https:\/\/citysightseeing.ee\/et\/wp-json\/wp\/v2\/pages"}],"about":[{"href":"https:\/\/citysightseeing.ee\/et\/wp-json\/wp\/v2\/types\/page"}],"author":[{"embeddable":true,"href":"https:\/\/citysightseeing.ee\/et\/wp-json\/wp\/v2\/users\/2"}],"replies":[{"embeddable":true,"href":"https:\/\/citysightseeing.ee\/et\/wp-json\/wp\/v2\/comments?post=850"}],"version-history":[{"count":3,"href":"https:\/\/citysightseeing.ee\/et\/wp-json\/wp\/v2\/pages\/850\/revisions"}],"predecessor-version":[{"id":4736,"href":"https:\/\/citysightseeing.ee\/et\/wp-json\/wp\/v2\/pages\/850\/revisions\/4736"}],"up":[{"embeddable":true,"href":"https:\/\/citysightseeing.ee\/et\/wp-json\/wp\/v2\/pages\/826"}],"wp:attachment":[{"href":"https:\/\/citysightseeing.ee\/et\/wp-json\/wp\/v2\/media?parent=850"}],"curies":[{"name":"wp","href":"https:\/\/api.w.org\/{rel}","templated":true}]}}