{"id":842,"date":"2017-05-04T14:36:00","date_gmt":"2017-05-04T11:36:00","guid":{"rendered":"https:\/\/citysightseeing.ee\/meie-tuurid\/top-sites-map\/pirita-historic-suburbs-tour\/"},"modified":"2025-10-29T22:52:30","modified_gmt":"2025-10-29T20:52:30","slug":"pirita-historic-suburbs-tour","status":"publish","type":"page","link":"https:\/\/citysightseeing.ee\/et\/meie-tuurid\/top-sites-map\/pirita-historic-suburbs-tour\/","title":{"rendered":"Pirita &amp; ajaloolised eeslinnad"},"content":{"rendered":"<h1><span style=\"color: #009640;\">Pirita &amp; ajaloolised eeslinnad (roheline liin)<\/span><\/h1>\n<p data-start=\"0\" data-end=\"356\">See ringreis algab ja l\u00f5peb samuti meie\u00a0 peatuses Mere puiestee 5. Kogu tuur kestab ligikaudu 85 minutit. Marsruut kulgeb l\u00e4bi peamiste ajalooliste vaatamisv\u00e4\u00e4rsuste ning ka eeslinnade. N\u00e4ha ja k\u00fclastada saab Maarjam\u00e4e lossikompleksi, kus asub Eesti Ajaloomuuseum. Lisaks on v\u00f5imalus jalutada Tallinna Botaanikaaias ja nautida imelist vaadet Tallinna teletornist.<\/p>\n<p data-start=\"358\" data-end=\"557\">Kui sul on rohkem vaba aega, tasub kindlasti k\u00fclastada ka Lennusadama meremuuseumi \u2013 see on \u00fcks p\u00f5nevamaid mereajaloo muuseume Euroopas. Need on suurep\u00e4rased kohad, kus Tallinnas rohkem aega veeta!<\/p>\n<p data-start=\"559\" data-end=\"669\" data-is-last-node=\"\" data-is-only-node=\"\">Ringreisi l\u00f5pus saad soovi korral maha minna ka sadamas (A-, D-terminalid ja kruiisilaevade terminal).<\/p>\n<p><strong>Peatus 1: MERE PUIESTEE 5 (Viru v\u00e4ljak Mere keskuse ees)<\/strong><\/p>\n<p><strong>Peatud 2: LENNUSADAM ja PATAREI MEREKINDLUS<\/strong><\/p>\n<p data-start=\"0\" data-end=\"317\">Kui sul on rohkem vaba aega, tasub kindlasti k\u00fclastada ka Lennusadama meremuuseumi \u2013 see on \u00fcks p\u00f5nevamaid ja suurimaid mereajaloo muuseume Euroopas. Eesti Meremuuseum on Eesti k\u00f5ige populaarsem muuseum. Sind ootab avastama autentne 1930. aastate allveelaev Lembit, sajandivanune auruj\u00e4\u00e4l\u00f5hkuja Suur T\u00f5ll, Short 184 vesilennuk, miinid, kahurid ning paljud teised elusuuruses eksponaadid.<\/p>\n<p data-start=\"319\" data-end=\"533\">Muuseum ja vesilennukite angaar on p\u00e4lvinud mitmeid auhindu: Eesti turismis\u00f5bralikum muuseum 2012, Europa Nostra Grand Prix 2013, Euroopa Aasta Muuseumi eripreemia 2014 ning mitmed teised tunnustused.<\/p>\n<p data-start=\"535\" data-end=\"852\" data-is-last-node=\"\" data-is-only-node=\"\">Lennusadama muuseum pakub meeldej\u00e4\u00e4vat elamust kogu perele \u2013 siin leidub palju huvitavat lugemist, saab teha \u00fcmbermaailmareisi kollases allveelaevas, pildistada end meremehevormis, imetleda suurt akvaariumi, proovida simulaatoreid, t\u00e4psusvisata paberist lennukeid ja osaleda paljudes teistes p\u00f5nevates tegevustes.<\/p>\n<p data-start=\"535\" data-end=\"852\" data-is-last-node=\"\" data-is-only-node=\"\"><strong>Peatus 6: KADRIORG<\/strong><\/p>\n<p data-start=\"535\" data-end=\"852\" data-is-last-node=\"\" data-is-only-node=\"\">Selles bussipeatuses saab k\u00fclastada ka Kadrioru lossi, mille rajas Peeter I Suur oma abikaasa Katariina I jaoks. Loss asub kaunis Kadrioru pargis, kus saad nautida s\u00fcmmeetrilise Luigetiigi vaateid ning k\u00fclastada ka Kumu kunstimuuseumi.<\/p>\n<p><strong>Peatus\u00a0 8: MAARJAM\u00c4E &#8211; EESTI AJALOOMUUSEUM<\/strong><\/p>\n<p><strong>Peatus 10: BOTAANIKAAED<\/strong><\/p>\n<p>Botaanikaaed asub Pirita j\u00f5e paremkaldal Kloostrimetsas. See on Eesti suurim botaanikaaed, mille pindala on 123 hektarit. Aias asuvad arboreetum, rooside aed ja kiviktaimla. Botaanikaaed loodi 1961. aastal Eesti NSV Teaduste Akadeemia allasutusena ning avati k\u00fclastajatele 1970. aastal.<\/p>\n<p><strong>Peatus 11: TELETORN<\/strong><\/p>\n<p data-start=\"0\" data-end=\"338\">Tallinna teletorn asub umbes kuus kilomeetrit Tallinna kesklinnast kirde suunas, Botaanikaaia vahetus l\u00e4heduses. Torn ehitati 1980. aasta Moskva suveol\u00fcmpiam\u00e4ngude purjeregati telekommunikatsiooniteenuste parandamiseks. See on Tallinna k\u00f5rgeim hoone \u2013 314 meetrit. Teletorn avati ametlikult 1980. aastal ning taasavati 2012. aastal. 21. korrusel asuv vaateplatvorm paikneb 170 meetri k\u00f5rgusel maapinnast. See on kindlasti koht, kust tasub k\u00fclastada, et nautida avarat ja hingematvat vaadet kogu Tallinna \u00fcmbrusele!<\/p>\n<p><strong>PEATUS 13: RUSSALKA<\/strong><\/p>\n<p data-start=\"0\" data-end=\"334\">Russalka m\u00e4lestusm\u00e4rk on pronksist monument, mille autor on skulptor Amandus Adamson.\u00a0Laev uppus 1893. aastal teel Soome. Tegemist on esimese Eestis loodud monumendiga, mille autor oli eestlane.<\/p>\n","protected":false},"excerpt":{"rendered":"<p>Pirita &amp; ajaloolised eeslinnad (roheline liin) See ringreis algab ja l\u00f5peb samuti meie\u00a0 peatuses Mere puiestee 5. Kogu tuur kestab ligikaudu 85 minutit. Marsruut kulgeb l\u00e4bi peamiste ajalooliste vaatamisv\u00e4\u00e4rsuste ning ka eeslinnade. N\u00e4ha ja k\u00fclastada saab Maarjam\u00e4e lossikompleksi, kus asub Eesti Ajaloomuuseum. Lisaks on v\u00f5imalus jalutada Tallinna Botaanikaaias ja nautida imelist vaadet Tallinna teletornist. Kui [&hellip;]<\/p>\n","protected":false},"author":2,"featured_media":0,"parent":826,"menu_order":53,"comment_status":"closed","ping_status":"closed","template":"","meta":{"_acf_changed":false,"footnotes":""},"class_list":["post-842","page","type-page","status-publish","hentry"],"acf":[],"_links":{"self":[{"href":"https:\/\/citysightseeing.ee\/et\/wp-json\/wp\/v2\/pages\/842","targetHints":{"allow":["GET"]}}],"collection":[{"href":"https:\/\/citysightseeing.ee\/et\/wp-json\/wp\/v2\/pages"}],"about":[{"href":"https:\/\/citysightseeing.ee\/et\/wp-json\/wp\/v2\/types\/page"}],"author":[{"embeddable":true,"href":"https:\/\/citysightseeing.ee\/et\/wp-json\/wp\/v2\/users\/2"}],"replies":[{"embeddable":true,"href":"https:\/\/citysightseeing.ee\/et\/wp-json\/wp\/v2\/comments?post=842"}],"version-history":[{"count":5,"href":"https:\/\/citysightseeing.ee\/et\/wp-json\/wp\/v2\/pages\/842\/revisions"}],"predecessor-version":[{"id":4856,"href":"https:\/\/citysightseeing.ee\/et\/wp-json\/wp\/v2\/pages\/842\/revisions\/4856"}],"up":[{"embeddable":true,"href":"https:\/\/citysightseeing.ee\/et\/wp-json\/wp\/v2\/pages\/826"}],"wp:attachment":[{"href":"https:\/\/citysightseeing.ee\/et\/wp-json\/wp\/v2\/media?parent=842"}],"curies":[{"name":"wp","href":"https:\/\/api.w.org\/{rel}","templated":true}]}}