{"id":834,"date":"2017-05-04T14:14:17","date_gmt":"2017-05-04T11:14:17","guid":{"rendered":"https:\/\/citysightseeing.ee\/meie-tuurid\/top-sites-map\/historic-center-old-town\/"},"modified":"2025-10-29T23:08:31","modified_gmt":"2025-10-29T21:08:31","slug":"historic-center-old-town","status":"publish","type":"page","link":"https:\/\/citysightseeing.ee\/et\/meie-tuurid\/top-sites-map\/historic-center-old-town\/","title":{"rendered":"Ajalooline kesklinn &amp; vanalinn"},"content":{"rendered":"<div class=\"wpb-content-wrapper\"><h1><span style=\"color: #ed1c24;\">Ajalooline Kesklinn &amp; Vanalinn (punane liin)<\/span><\/h1>\n\n\n<p>Punane liin on parim valik, kui soovid n\u00e4ha ja k\u00fclastada Tallinna peamisi vaatamisv\u00e4\u00e4rsusi.<br>Tuur algab kesklinnast. Tuuri alg-ja l\u00f5pppeatus, kust saad peale minna, asub Mere Kultuurikeskuse ees.<\/p>\n\n\n\n<p>See marsruut viib sind Tallinna k\u00f5ige maalilisematesse paikadesse.<br>\u00dcks populaarsemaid peatusi on Kadrioru park, kus asub ka Kadrioru loss \u2013 suurim ja kaunim park Tallinnas. Jalutusk\u00e4igu kaugusel on Russalka m\u00e4lestussammas.<\/p>\n\n\n\n<p>Buss s\u00f5idab m\u00f6\u00f6da ka Lauluv\u00e4ljakust, kus toimub Eesti laulupidu iga viie aasta tagant.<br>Punane liin l\u00e4bib lisaks kaasaegsemat linna ning marsuudil n\u00e4eb ka Eesti Rahvusooper Estonia hoonet, mis p\u00e4rineb aastast 1913.<\/p>\n\n\n\n<p>Marsruut viib sind Vanalinna \u00fclemisse ossa, kus saad jalutada ja k\u00fclastada Toompea lossi, Aleksander Nevski katedraali ning Toomkirikut.<\/p>\n\n\n\n<p>K\u00f5ik liinid viivad l\u00e4bivad sadama erinevaid terminale (A-, D -terminal ja kruiisikai). K\u00f5ikide tuuride viimane peatus on samuti Mere puiesteel.<\/p>\n\n\n\n<hr class=\"wp-block-separator has-alpha-channel-opacity\"\/>\n\n\n\n<h3 class=\"wp-block-heading\">\ud83c\udd7f\ufe0f PEATUS 1: MERE pst 5 (Mere Kultuurikeskuse ees)<\/h3>\n\n\n\n<p><strong>VANALINN \/ VIRU V\u00c4RAVAD, EESTI RAHVUSOOPER, ROTERMANNI KVARTAL (L\u00c4\u00c4NEPOOLNE OSA)<\/strong><\/p>\n\n\n\n<p>Viru v\u00e4rava barbakaan oli osa Tallinna linnam\u00fc\u00fcri kaitses\u00fcsteemist, mis rajati 14. sajandil. Paar sajandit hiljem oli linnal juba 8 v\u00e4ravat, mida \u00fchendasid tornid ja kaitsem\u00fc\u00fcrid. Kui vanalinna sissep\u00e4\u00e4se laiendati, lammutati mitu v\u00e4ravat, kuid nurgatornid s\u00e4ilisid. N\u00e4ha on ka osa bastionist, mida nimetatakse Musum\u00e4eks. Viru t\u00e4nav oma poodide ja restoranidega on \u00fcks elavamaid jalak\u00e4ijate t\u00e4navaid vanalinnas.<\/p>\n\n\n\n<p>Majesteetlik Eesti Rahvusooper \u201eEstonia\u201d hoone paikneb Tallinna s\u00fcdames. See juugend- ja neoklassitsistlik ehitis, mille autorid on Soome arhitektid Armas Lindgren ja Wivi L\u00f6nn, oli 1913. aastal avamisel Tallinna suurim hoone.<\/p>\n\n\n\n<p>Rotermanni kvartal \u2013  asub otse \u00fcle t\u00e4nava meie peatusest. See on koht, kus t\u00f6\u00f6 ja vaba aeg p\u00f5imuvad, ning elu nauditakse \u00f6\u00f6p\u00e4evaringselt \u2013 24\/7.<\/p>\n\n\n\n<hr class=\"wp-block-separator has-alpha-channel-opacity\"\/>\n\n\n\n<h3 class=\"wp-block-heading\">\ud83c\udd7f\ufe0f PEATUS 2: KADRIORU LOSS JA PARK \/ LUIGETIIK \/ RUSSALKA M\u00c4LESTUSSAMMAS<\/h3>\n\n\n\n<p>Selles peatuses saad k\u00fclastada Kadrioru parki ja lossi, mille Peeter Suur lasi ehitada Katariina I jaoks.<br>Kadriorus saad nautida s\u00fcmmeetrilise Luigetiigi vaateid ja k\u00fclastada ka Kumu kunstimuuseumi.<\/p>\n\n\n\n<p>Russalka m\u00e4lestusm\u00e4rk on Amandus Adamsoni pronkskuju, p\u00fcstitatud 1902. aastal.  See oli esimene tsaariaja monument Eestis, mille autor oli eestlane.<\/p>\n\n\n\n<hr class=\"wp-block-separator has-alpha-channel-opacity\"\/>\n\n\n\n<h3 class=\"wp-block-heading\">\ud83c\udd7f\ufe0f PEATUS 3: LAULUV\u00c4LJAK<\/h3>\n\n\n\n<p>Eesti laulupeotraditsioon kanti 2003. aastal<strong> <\/strong>UNESCO maailmap\u00e4randi nimekirja.<br>Praegune laululava valmis 1959. aastal.<br>1988. aastal koguneti perestroika ajal siia laulma isamaalisi laule \u2013 sellest sai alguse Laulva revolutsiooni nimi.<\/p>\n\n\n\n<hr class=\"wp-block-separator has-alpha-channel-opacity\"\/>\n\n\n\n<h3 class=\"wp-block-heading\">\ud83c\udd7f\ufe0f PEATUS 5: SWISS\u00d4TEL \/ RADISSON COLLECTION HOTELL \/ JAANI SEEGI KIRIK<\/h3>\n\n\n\n<p>Asub Tornim\u00e4el. Esimene kirik selles paigas rajati t\u00f5en\u00e4oliselt 14. sajandil (m\u00f5nede allikate kohaselt 13. sajandi I poolel). Praeguse kuju sai kirik 1648. ja 1724. aastate \u00fcmberehituste ajal. Torni tipus asetsev kukega tuulelipp p\u00e4rineb 17.sajandist, tornis olevad kaks kella aga aastatest 1619&nbsp;ning 1731.<\/p>\n\n\n\n<hr class=\"wp-block-separator has-alpha-channel-opacity\"\/>\n\n\n\n<h3 class=\"wp-block-heading\">\ud83c\udd7f\ufe0f PEATUS 6: VANALINN \/ TOOMPEA LOSS<\/h3>\n\n\n\n<p>See on koht, mida kindlasti tasub k\u00fclastada. Toompea loss on Eesti parlamendi \u2013 Riigikogu \u2013 asukoht.<br>Lossi kompleks koosneb mitmest osast: l\u00e4\u00e4nepoolne m\u00fc\u00fcr ja Pikk Hermann kuuluvad keskaegse M\u00f5\u00f5gavendade ordu kindluse juurde, valitsushoone esindab tsaariaegset klassitsistlikku arhitektuuri ning Riigikogu hoone, sisehoovis, valmis 1920. aastate alguses.<\/p>\n\n\n\n<hr class=\"wp-block-separator has-alpha-channel-opacity\"\/>\n\n\n\n<h3 class=\"wp-block-heading\">\ud83c\udd7f\ufe0f PEATUS 7: VANALINN \/ TORNIDE V\u00c4LJAK JA PARK \/ BALTI JAAMA TURG<\/h3>\n\n\n\n<p>V\u00e4ljak on saanud nime selle k\u00f5rval asuvate linnam\u00fc\u00fcri tornide j\u00e4rgi. Siit on n\u00e4ha kaheksat h\u00e4sti s\u00e4ilinud keskaegset linnam\u00fc\u00fcri torni kui ka mitme kiriku torne.<br>Keskajal kandis see koht nime Nunnakoppel, sest see kuulus nunnakloostrile, asuvates hoonetes asub n\u00fc\u00fcd Gustav Adolfi G\u00fcmnaasium.<br>T\u00e4nap\u00e4eval on endisest rohelisest platsist saanud kaunis varjuline park, mis on looduskaitse all.<\/p>\n\n\n\n<p>Sellest peatusest p\u00e4\u00e4seb ka Balti jaama turule, mis on vaid 5-minutilise jalutusk\u00e4igu kaugusel \u00fcle t\u00e4nava.<\/p>\n\n\n\n<hr class=\"wp-block-separator has-alpha-channel-opacity\"\/>\n\n\n\n<h3 class=\"wp-block-heading\">\ud83c\udd7f\ufe0f PEATUS 10: LENNUSADAM JA PATAREI VANGLA<\/h3>\n\n\n\n<p>Kui sul on rohkem vaba aega, tasub kindlasti k\u00fclastada ka Lennusadama meremuuseumi \u2013 see on \u00fcks p\u00f5nevamaid ja suurimaid mereajaloo muuseume Euroopas. Eesti Meremuuseum on Eesti k\u00f5ige populaarsem muuseum. Sind ootab avastama autentne 1930. aastate allveelaev Lembit, sajandivanune auruj\u00e4\u00e4l\u00f5hkuja Suur T\u00f5ll, Short 184 vesilennuk, miinid, kahurid ning paljud teised elusuuruses eksponaadid.<\/p>\n\n\n\n<p>Muuseum ja vesilennukite angaar on p\u00e4lvinud mitmeid auhindu: Eesti turismis\u00f5bralikum muuseum 2012, Europa Nostra Grand Prix 2013, Euroopa Aasta Muuseumi eripreemia 2014 ning mitmed teised tunnustused.<\/p>\n\n\n\n<p>Lennusadama muuseum pakub meeldej\u00e4\u00e4vat elamust kogu perele \u2013 siin leidub palju huvitavat lugemist, saab teha \u00fcmbermaailmareisi kollases allveelaevas, pildistada end meremehevormis, imetleda suurt akvaariumi, proovida simulaatoreid, t\u00e4psusvisata paberist lennukeid ja osaleda paljudes teistes p\u00f5nevates tegevustes.<\/p>\n\n\n<h3>\ud83c\udd7f\ufe0f PEATUS 11: PAKS MARGAREETA<\/h3>\n<p>Torn ehitati 16. sajandi alguses (aastatel 1511\u20131530) keskaegse linnav\u00e4ravas\u00fcsteemi \u00fcmberehituse k\u00e4igus. Torni nime et\u00fcmoloogia tuleneb asjaolust, et see oli linna kindlustuste suurim osa \u2014 m\u00fc\u00fcrid olid 25 meetrit l\u00e4bim\u00f5\u00f5dus, 20 meetrit k\u00f5rged ja kuni 5 meetrit paksud. Lisaks sellele, et torn kaitses linna sadamat v\u00f5imalike sissetungijate eest, ehitati see ka selleks, et avaldada muljet meritsi saabuvatele k\u00fclalistele.<\/p>\n<p>[\/vc_column_text][\/vc_column][\/vc_row]<\/p><\/div>","protected":false},"excerpt":{"rendered":"<p>Ajalooline Kesklinn &amp; Vanalinn (punane liin) Punane liin on parim valik, kui soovid n\u00e4ha ja k\u00fclastada Tallinna peamisi vaatamisv\u00e4\u00e4rsusi.Tuur algab kesklinnast. Tuuri alg-ja l\u00f5pppeatus, kust saad peale minna, asub Mere Kultuurikeskuse ees. See marsruut viib sind Tallinna k\u00f5ige maalilisematesse paikadesse.\u00dcks populaarsemaid peatusi on Kadrioru park, kus asub ka Kadrioru loss \u2013 suurim ja kaunim park [&hellip;]<\/p>\n","protected":false},"author":2,"featured_media":0,"parent":826,"menu_order":38,"comment_status":"closed","ping_status":"closed","template":"","meta":{"_acf_changed":false,"footnotes":""},"class_list":["post-834","page","type-page","status-publish","hentry"],"acf":[],"_links":{"self":[{"href":"https:\/\/citysightseeing.ee\/et\/wp-json\/wp\/v2\/pages\/834","targetHints":{"allow":["GET"]}}],"collection":[{"href":"https:\/\/citysightseeing.ee\/et\/wp-json\/wp\/v2\/pages"}],"about":[{"href":"https:\/\/citysightseeing.ee\/et\/wp-json\/wp\/v2\/types\/page"}],"author":[{"embeddable":true,"href":"https:\/\/citysightseeing.ee\/et\/wp-json\/wp\/v2\/users\/2"}],"replies":[{"embeddable":true,"href":"https:\/\/citysightseeing.ee\/et\/wp-json\/wp\/v2\/comments?post=834"}],"version-history":[{"count":5,"href":"https:\/\/citysightseeing.ee\/et\/wp-json\/wp\/v2\/pages\/834\/revisions"}],"predecessor-version":[{"id":4869,"href":"https:\/\/citysightseeing.ee\/et\/wp-json\/wp\/v2\/pages\/834\/revisions\/4869"}],"up":[{"embeddable":true,"href":"https:\/\/citysightseeing.ee\/et\/wp-json\/wp\/v2\/pages\/826"}],"wp:attachment":[{"href":"https:\/\/citysightseeing.ee\/et\/wp-json\/wp\/v2\/media?parent=834"}],"curies":[{"name":"wp","href":"https:\/\/api.w.org\/{rel}","templated":true}]}}