{"id":826,"date":"2017-05-03T22:17:29","date_gmt":"2017-05-03T19:17:29","guid":{"rendered":"https:\/\/citysightseeing.ee\/meie-tuurid\/top-sites-map\/"},"modified":"2025-10-31T15:57:14","modified_gmt":"2025-10-31T13:57:14","slug":"top-sites-map","status":"publish","type":"page","link":"https:\/\/citysightseeing.ee\/et\/meie-tuurid\/top-sites-map\/","title":{"rendered":"PEATUSED &amp; VAATAMISV\u00c4\u00c4RSUSED"},"content":{"rendered":"<h1>PEATUSED &amp; VAATAMISV\u00c4\u00c4RSUSED<\/h1>\n<h2><a href=\"https:\/\/citysightseeing.ee\/et\/meie-tuurid\/top-sites-map\/historic-center-old-town\/\"><span style=\"color: #ed1c24;\">Ajalooline kesklinn &amp; vanalinn<\/span><\/a><\/h2>\n<p><span style=\"color: #ed1c24;\">Peatus 1<\/span> Mere pst.5 (Viru v\u00e4ljak Mere kultuurikeskuse ees)<\/p>\n<p><span style=\"color: #ed1c24;\">Peatus 2<\/span> Kadrioru park (J.Poska 49)<\/p>\n<p><span style=\"color: #ed1c24;\">Peatus 3<\/span> Lauluv\u00e4ljak (M\u00e4e v\u00e4rav)<\/p>\n<p><span style=\"color: #ed1c24;\">Peatus 4<\/span> Sadama D-terminal<\/p>\n<p><span style=\"color: #ed1c24;\">Peatus 5<\/span> Tornim\u00e4e\/Jaani Seegi kirik\/Swissotel\/Radisson Collection &#8211; peatus asub hotellidest \u00fcle tee SEB panga hoone ees<\/p>\n<p><span style=\"color: #ed1c24;\">Peatus 6<\/span> Toompea (Falgi tee)<\/p>\n<p><span style=\"color: #ed1c24;\">Peatus 7<\/span> Tornide v\u00e4ljak<\/p>\n<p><span style=\"color: #ed1c24;\">Peatus 8<\/span> Sadama A-terminal<\/p>\n<p><span style=\"color: #ed1c24;\">Peatus 9<\/span>\u00a0 Kruiisisadam &#8211; buss peatub ainult kruiisilaevade k\u00fclastuse p\u00e4evadel<\/p>\n<p><span style=\"color: #ed1c24;\">Peatus 10 <\/span>\u00a0Lennusadam ja Patarei vangla<\/p>\n<p><span style=\"color: #ed1c24;\">Peatus 11 <\/span>\u00a0Paks Margareeta<\/p>\n<p><a class=\"button-green red\" href=\"https:\/\/citysightseeing.ee\/et\/meie-tuurid\/top-sites-map\/historic-center-old-town\/\">\u00dclevaade liinist<\/a><\/p>\n<h2><a href=\"https:\/\/citysightseeing.ee\/et\/meie-tuurid\/top-sites-map\/pirita-historic-suburbs-tour\/\"><span style=\"color: #009640;\">Pirita &amp; ajaloolised eeslinnad<\/span><\/a><\/h2>\n<p><span style=\"color: #009640;\">Peatus 1<\/span> Mere pst.5 (Viru v\u00e4ljak\u00a0 Mere kultuurikeskuse ees)<\/p>\n<p><span style=\"color: #009640;\">Peatus 2<\/span> Lennusadam ja Patarei vangla<\/p>\n<p><span style=\"color: #009640;\">Peatus 3<\/span> Paks Margareeta<\/p>\n<p><span style=\"color: #009640;\">Peatus 4<\/span> Hobujaama ja Rotermann<\/p>\n<p><span style=\"color: #009640;\">Peatus 6 <\/span> Kadriorg (J.Poska 49)<\/p>\n<p><span style=\"color: #009640;\">Peatus 8 <\/span>Maarjam\u00e4e ajaloomuuseum<\/p>\n<p><span style=\"color: #009640;\">Peatus 9 <\/span>Pirita klooster<\/p>\n<p><span style=\"color: #009640;\">Peatus 10 <\/span>Botaanikaaed<\/p>\n<p><span style=\"color: #009640;\">Peatus 11 <\/span>Teletorn<\/p>\n<p><span style=\"color: #009640;\">Peatus 13 <\/span>Inglirand (Russalka)<\/p>\n<p><span style=\"color: #009640;\">Peatus 15 <\/span>Ahtri &#8211; P\u00fcha Siimeoni ja Hanna kirik<\/p>\n<p><a class=\"button-green\" href=\"https:\/\/citysightseeing.ee\/et\/meie-tuurid\/top-sites-map\/pirita-historic-suburbs-tour\/\">\u00dclevaade liinist<\/a><\/p>\n","protected":false},"excerpt":{"rendered":"<p>PEATUSED &amp; VAATAMISV\u00c4\u00c4RSUSED Ajalooline kesklinn &amp; vanalinn Peatus 1 Mere pst.5 (Viru v\u00e4ljak Mere kultuurikeskuse ees) Peatus 2 Kadrioru park (J.Poska 49) Peatus 3 Lauluv\u00e4ljak (M\u00e4e v\u00e4rav) Peatus 4 Sadama D-terminal Peatus 5 Tornim\u00e4e\/Jaani Seegi kirik\/Swissotel\/Radisson Collection &#8211; peatus asub hotellidest \u00fcle tee SEB panga hoone ees Peatus 6 Toompea (Falgi tee) Peatus 7 Tornide [&hellip;]<\/p>\n","protected":false},"author":2,"featured_media":0,"parent":464,"menu_order":32,"comment_status":"closed","ping_status":"closed","template":"","meta":{"_acf_changed":false,"footnotes":""},"class_list":["post-826","page","type-page","status-publish","hentry"],"acf":[],"_links":{"self":[{"href":"https:\/\/citysightseeing.ee\/et\/wp-json\/wp\/v2\/pages\/826","targetHints":{"allow":["GET"]}}],"collection":[{"href":"https:\/\/citysightseeing.ee\/et\/wp-json\/wp\/v2\/pages"}],"about":[{"href":"https:\/\/citysightseeing.ee\/et\/wp-json\/wp\/v2\/types\/page"}],"author":[{"embeddable":true,"href":"https:\/\/citysightseeing.ee\/et\/wp-json\/wp\/v2\/users\/2"}],"replies":[{"embeddable":true,"href":"https:\/\/citysightseeing.ee\/et\/wp-json\/wp\/v2\/comments?post=826"}],"version-history":[{"count":5,"href":"https:\/\/citysightseeing.ee\/et\/wp-json\/wp\/v2\/pages\/826\/revisions"}],"predecessor-version":[{"id":4964,"href":"https:\/\/citysightseeing.ee\/et\/wp-json\/wp\/v2\/pages\/826\/revisions\/4964"}],"up":[{"embeddable":true,"href":"https:\/\/citysightseeing.ee\/et\/wp-json\/wp\/v2\/pages\/464"}],"wp:attachment":[{"href":"https:\/\/citysightseeing.ee\/et\/wp-json\/wp\/v2\/media?parent=826"}],"curies":[{"name":"wp","href":"https:\/\/api.w.org\/{rel}","templated":true}]}}