{"id":547,"date":"2017-05-03T22:25:55","date_gmt":"2017-05-03T19:25:55","guid":{"rendered":"https:\/\/citysightseeing.ee\/book-online\/"},"modified":"2025-04-27T12:09:54","modified_gmt":"2025-04-27T09:09:54","slug":"broneeri-internetis","status":"publish","type":"page","link":"https:\/\/citysightseeing.ee\/et\/broneeri-internetis\/","title":{"rendered":"BRONEERI INTERNETIS"},"content":{"rendered":"<h1>BRONEERI INTERNETIS<\/h1>\n<p>Kohene broneeringu kinnitus. E-Pilet<\/p>\n<p>Lihtsaim moodus soetada omale bussiekskursiooni pilet on osta see meie kodulehelt. Pileti ostmine on kindel ja turvaline protsess. Maksmiseks sobivad k\u00f5ik levinuimad krediitkaardid. Broneeringu teostamiseks klikake broneerimiss\u00fcsteemi ikoonile ja valige omale meelep\u00e4rane pilet. S\u00fcsteem v\u00e4ljastab Teie valitud kuup\u00e4evaga E-pileti. Juhul, kui tekib vajadus muuta kuup\u00e4eva, pole probleemi, E-piletit on v\u00f5imalus kasutada 6 kuu jooksul alates selle ostmisest. Kohe kui Teie makse on sooritatud, saadame Teile kinnituse ja piletivoutsheri, mis tr\u00fckkige v\u00e4lja ja v\u00f5tke ekskursiooni jaoks kaasa.<\/p>\n<p>Meeleolukaid s\u00f5iduelamusi!<\/p>\n","protected":false},"excerpt":{"rendered":"<p>BRONEERI INTERNETIS Kohene broneeringu kinnitus. E-Pilet Lihtsaim moodus soetada omale bussiekskursiooni pilet on osta see meie kodulehelt. Pileti ostmine on kindel ja turvaline protsess. Maksmiseks sobivad k\u00f5ik levinuimad krediitkaardid. Broneeringu teostamiseks klikake broneerimiss\u00fcsteemi ikoonile ja valige omale meelep\u00e4rane pilet. S\u00fcsteem v\u00e4ljastab Teie valitud kuup\u00e4evaga E-pileti. Juhul, kui tekib vajadus muuta kuup\u00e4eva, pole probleemi, E-piletit on [&hellip;]<\/p>\n","protected":false},"author":2,"featured_media":0,"parent":0,"menu_order":94,"comment_status":"closed","ping_status":"closed","template":"","meta":{"_acf_changed":false,"footnotes":""},"class_list":["post-547","page","type-page","status-publish","hentry"],"acf":[],"_links":{"self":[{"href":"https:\/\/citysightseeing.ee\/et\/wp-json\/wp\/v2\/pages\/547","targetHints":{"allow":["GET"]}}],"collection":[{"href":"https:\/\/citysightseeing.ee\/et\/wp-json\/wp\/v2\/pages"}],"about":[{"href":"https:\/\/citysightseeing.ee\/et\/wp-json\/wp\/v2\/types\/page"}],"author":[{"embeddable":true,"href":"https:\/\/citysightseeing.ee\/et\/wp-json\/wp\/v2\/users\/2"}],"replies":[{"embeddable":true,"href":"https:\/\/citysightseeing.ee\/et\/wp-json\/wp\/v2\/comments?post=547"}],"version-history":[{"count":1,"href":"https:\/\/citysightseeing.ee\/et\/wp-json\/wp\/v2\/pages\/547\/revisions"}],"predecessor-version":[{"id":4106,"href":"https:\/\/citysightseeing.ee\/et\/wp-json\/wp\/v2\/pages\/547\/revisions\/4106"}],"wp:attachment":[{"href":"https:\/\/citysightseeing.ee\/et\/wp-json\/wp\/v2\/media?parent=547"}],"curies":[{"name":"wp","href":"https:\/\/api.w.org\/{rel}","templated":true}]}}