{"id":536,"date":"2017-05-03T22:24:23","date_gmt":"2017-05-03T19:24:23","guid":{"rendered":"https:\/\/citysightseeing.ee\/cruise\/"},"modified":"2025-11-13T20:03:14","modified_gmt":"2025-11-13T18:03:14","slug":"cruise","status":"publish","type":"page","link":"https:\/\/citysightseeing.ee\/et\/cruise\/","title":{"rendered":"KRUIISISADAM"},"content":{"rendered":"<h1>SAABUMINE KRUIISILAEVAGA KRUIISISADAMASSE<\/h1>\n<p><strong>KRUIIS<\/strong><br data-start=\"54\" data-end=\"57\" \/><strong data-start=\"57\" data-end=\"102\">Saabumine kruiisilaevaga kruiisikai \u00e4\u00e4rde<\/strong><br data-start=\"102\" data-end=\"105\" \/>City Sightseeing Tallinn on teie kruiisilaeva saabumise ajal kohal kruiisiterminalis.<\/p>\n<p data-start=\"279\" data-end=\"1056\"><strong data-start=\"279\" data-end=\"299\">Kust peale tulla<\/strong><br data-start=\"299\" data-end=\"302\" \/>City Sightseeing\u2019i tuuribuss ootab Teid teie saabumisel kruiisiterminali juures. Bussid peatuvad umbes 500 meetri kaugusel laevadest linna poole. Kui esimene buss on kai \u00e4\u00e4rest lahkunud, v\u00e4ljub j\u00e4rgmine buss iga 20\u201330 minuti tagant (kuni keskp\u00e4evani). P\u00e4rastl\u00f5unal liigub buss 30\u201360 minutilise intervalliga. T\u00e4pse graafikuga saate tutvuda meie t\u00f6\u00f6tajatega kohapeal.<br data-start=\"680\" data-end=\"683\" \/>(Palun pange t\u00e4hele, et kogu siin esitatud info kehtib kruiisireisijatele, kes saabuvad otse kruiisisadamasse, mitte regulaarliinide terminalidesse saabujatele.)<\/p>\n<p data-start=\"1058\" data-end=\"1710\"><strong data-start=\"1058\" data-end=\"1152\">Tallinna peamised vaatamisv\u00e4\u00e4rsused vaid 5<\/strong><strong>5 minutiga \u2013 Ajalooline keskus ja Vanalinn<\/strong><br \/>\nKui otsustate j\u00e4\u00e4da Ajaloolise keskuse &amp; Vanalinna tuuri bussile kogu ringi ajaks ega v\u00e4lju \u00fchegi vaatamisv\u00e4\u00e4rsuse juures, kestab ekskursioon umbes 55 minutit. Kui soovite veeta rohkem aega linna avastades ja n\u00e4ha ka Piritat koos Teletorni ning Kalamaja Lennusadama ning Meremuuseumiga, siis on Pirita &amp; Ajalooliste eeslinnade 75-minutiline tuur teie jaoks j\u00e4rgmine parim valik.<\/p>\n<p data-start=\"1712\" data-end=\"1977\"><strong data-start=\"1712\" data-end=\"1741\">Giiditeenus mitmes keeles<\/strong><br data-start=\"1741\" data-end=\"1744\" \/>Tutvustame vaatamisv\u00e4\u00e4rsusi, ajalugu ja t\u00e4nap\u00e4eva k\u00fcmnes erinevas keeles: eesti, inglise, prantsuse, saksa, itaalia, soome, rootsi, vene, hispaania, mandariini. Meeleolukas s\u00f5it ja hariv kogemus!<\/p>\n<p data-start=\"1979\" data-end=\"2192\"><strong data-start=\"1979\" data-end=\"2025\">S\u00e4\u00e4sta aega ja broneeri pilet juba praegu!<\/strong><br data-start=\"2025\" data-end=\"2028\" \/>Broneeri pilet juba veebis.<\/p>\n<p data-start=\"2194\" data-end=\"2411\"><strong data-start=\"2194\" data-end=\"2218\">Mida Tallinnas<\/strong><strong> teha?<\/strong><br data-start=\"2218\" data-end=\"2221\" \/>Nii palju teha \u2013 kuid nii v\u00e4he aega! Tallinn pakub v\u00e4ga palju emotsioone. Soovitame k\u00fclastada veebilehte tourism.tallinn.ee, kust leiate rohkem infot Tallinna ja selle vaatamisv\u00e4\u00e4rsuste kohta.<\/p>\n<p data-start=\"2413\" data-end=\"2472\" data-is-last-node=\"\" data-is-only-node=\"\">Ootame teid Tallinnasse ja soovime \u00a0meeldivat k\u00fclastust!<\/p>\n","protected":false},"excerpt":{"rendered":"<p>SAABUMINE KRUIISILAEVAGA KRUIISISADAMASSE KRUIISSaabumine kruiisilaevaga kruiisikai \u00e4\u00e4rdeCity Sightseeing Tallinn on teie kruiisilaeva saabumise ajal kohal kruiisiterminalis. Kust peale tullaCity Sightseeing\u2019i tuuribuss ootab Teid teie saabumisel kruiisiterminali juures. Bussid peatuvad umbes 500 meetri kaugusel laevadest linna poole. Kui esimene buss on kai \u00e4\u00e4rest lahkunud, v\u00e4ljub j\u00e4rgmine buss iga 20\u201330 minuti tagant (kuni keskp\u00e4evani). P\u00e4rastl\u00f5unal liigub buss [&hellip;]<\/p>\n","protected":false},"author":2,"featured_media":0,"parent":0,"menu_order":85,"comment_status":"closed","ping_status":"closed","template":"","meta":{"_acf_changed":false,"footnotes":""},"class_list":["post-536","page","type-page","status-publish","hentry"],"acf":[],"_links":{"self":[{"href":"https:\/\/citysightseeing.ee\/et\/wp-json\/wp\/v2\/pages\/536","targetHints":{"allow":["GET"]}}],"collection":[{"href":"https:\/\/citysightseeing.ee\/et\/wp-json\/wp\/v2\/pages"}],"about":[{"href":"https:\/\/citysightseeing.ee\/et\/wp-json\/wp\/v2\/types\/page"}],"author":[{"embeddable":true,"href":"https:\/\/citysightseeing.ee\/et\/wp-json\/wp\/v2\/users\/2"}],"replies":[{"embeddable":true,"href":"https:\/\/citysightseeing.ee\/et\/wp-json\/wp\/v2\/comments?post=536"}],"version-history":[{"count":4,"href":"https:\/\/citysightseeing.ee\/et\/wp-json\/wp\/v2\/pages\/536\/revisions"}],"predecessor-version":[{"id":5041,"href":"https:\/\/citysightseeing.ee\/et\/wp-json\/wp\/v2\/pages\/536\/revisions\/5041"}],"wp:attachment":[{"href":"https:\/\/citysightseeing.ee\/et\/wp-json\/wp\/v2\/media?parent=536"}],"curies":[{"name":"wp","href":"https:\/\/api.w.org\/{rel}","templated":true}]}}