{"id":524,"date":"2017-05-03T22:23:01","date_gmt":"2017-05-03T19:23:01","guid":{"rendered":"https:\/\/citysightseeing.ee\/about-tallinn\/"},"modified":"2017-05-04T13:31:06","modified_gmt":"2017-05-04T10:31:06","slug":"tallinnast","status":"publish","type":"page","link":"https:\/\/citysightseeing.ee\/et\/tallinnast\/","title":{"rendered":"TALLINNAST"},"content":{"rendered":"<h1>T\u00d5ELINE P\u00d5HJA-EUROOPA P\u00c4RL<\/h1>\n<p>Eesti pealinn Tallinn on vaieldamatult \u00fcks P\u00f5hja-Euroopa p\u00e4rlitest. Linn asub Soome lahe l\u00f5unakaldal 70 kilomeetri (43 miili) kaugusel Helsingist. Ajaloolises linnas\u00fcdames asub Toompea m\u00e4gi, mille munakivist t\u00e4navad ja keskaegsed majad loovad \u00f5dusa keskaegse id\u00fclli. Vanalinna all-linn asub Toompea m\u00e4e jalamil ning seda \u00fcmbritsevad t\u00e4nini kunagise linnm\u00fc\u00fcri osad. M\u00fc\u00fcri\u00e4\u00e4rsetel aladel on palju rohelust ning seal asuvad mitmed lastega ajaveetmiseks sobivad pargid. Tallinn on t\u00e4nap\u00e4eval k\u00f5ige parimas vormis ning on kantud alates 1997. aastast UNESCO maailmap\u00e4randi nimekirja. Suuremad t\u00e4navad Vanalinnas on muutunud trendikate kaupluste ja butiikidega \u00e4\u00e4ristatud vanalinna tuiksoonteks sarnanedes samasuguste t\u00e4navatega Z\u00fcrichis v\u00f5i Genfis. Linna uus keskus on kujunemas Vabaduse v\u00e4ljakust, mis asub otse Vanalinna k\u00fclje all. Vanalinna k\u00fclje all asub ka kunagine n\u00f5ukogudeaegne esimene Inturisti hotell Viru, mis k\u00fclma s\u00f5ja aastatel oli KGB range kontrolli all.<\/p>\n","protected":false},"excerpt":{"rendered":"<p>T\u00d5ELINE P\u00d5HJA-EUROOPA P\u00c4RL Eesti pealinn Tallinn on vaieldamatult \u00fcks P\u00f5hja-Euroopa p\u00e4rlitest. Linn asub Soome lahe l\u00f5unakaldal 70 kilomeetri (43 miili) kaugusel Helsingist. Ajaloolises linnas\u00fcdames asub Toompea m\u00e4gi, mille munakivist t\u00e4navad ja keskaegsed majad loovad \u00f5dusa keskaegse id\u00fclli. Vanalinna all-linn asub Toompea m\u00e4e jalamil ning seda \u00fcmbritsevad t\u00e4nini kunagise linnm\u00fc\u00fcri osad. M\u00fc\u00fcri\u00e4\u00e4rsetel aladel on palju rohelust [&hellip;]<\/p>\n","protected":false},"author":2,"featured_media":0,"parent":0,"menu_order":48,"comment_status":"closed","ping_status":"closed","template":"","meta":{"_acf_changed":false,"footnotes":""},"class_list":["post-524","page","type-page","status-publish","hentry"],"acf":[],"_links":{"self":[{"href":"https:\/\/citysightseeing.ee\/et\/wp-json\/wp\/v2\/pages\/524","targetHints":{"allow":["GET"]}}],"collection":[{"href":"https:\/\/citysightseeing.ee\/et\/wp-json\/wp\/v2\/pages"}],"about":[{"href":"https:\/\/citysightseeing.ee\/et\/wp-json\/wp\/v2\/types\/page"}],"author":[{"embeddable":true,"href":"https:\/\/citysightseeing.ee\/et\/wp-json\/wp\/v2\/users\/2"}],"replies":[{"embeddable":true,"href":"https:\/\/citysightseeing.ee\/et\/wp-json\/wp\/v2\/comments?post=524"}],"version-history":[{"count":0,"href":"https:\/\/citysightseeing.ee\/et\/wp-json\/wp\/v2\/pages\/524\/revisions"}],"wp:attachment":[{"href":"https:\/\/citysightseeing.ee\/et\/wp-json\/wp\/v2\/media?parent=524"}],"curies":[{"name":"wp","href":"https:\/\/api.w.org\/{rel}","templated":true}]}}