{"id":5036,"date":"2025-11-13T19:20:47","date_gmt":"2025-11-13T17:20:47","guid":{"rendered":"https:\/\/citysightseeing.ee\/?page_id=5036"},"modified":"2025-11-13T19:20:48","modified_gmt":"2025-11-13T17:20:48","slug":"broneerimistingimused","status":"publish","type":"page","link":"https:\/\/citysightseeing.ee\/et\/broneerimistingimused\/","title":{"rendered":"Broneerimistingimused"},"content":{"rendered":"\n<h1 class=\"wp-block-heading\"><strong>Broneerimistingimused<\/strong><\/h1>\n\n\n\n<p>Need \u00fcldtingimused kehtivad Rosemarie O\u00dc ja isiku (EDASPIDI: KLIENT) vahel, kes kas otse v\u00f5i kolmanda osapoole kaudu s\u00f5lmib lepingu vastavalt broneeringu kinnituses toodud tingimustele. Leping v\u00f5ib h\u00f5lmata reisi, muude toodete ja teenuste ostu v\u00f5i nende kombinatsiooni (paketid) j\u00e4rgmistele kaubam\u00e4rkidele: CitySightseeing Tallinn, Hop On \u2013 Hop Off ja City Sightseeing.<\/p>\n\n\n\n<p><strong>Ametlik korraldaja:<\/strong> Rosemarie O\u00dc, Paavli 5a\/3, 10412 Tallinn, Eesti, KMKR EE100185294. Edaspidi nimetatud kui <strong>CitySightseeing Tallinn<\/strong>.<\/p>\n\n\n\n<hr class=\"wp-block-separator has-alpha-channel-opacity\"\/>\n\n\n\n<h2 class=\"wp-block-heading\"><strong>Leping<\/strong><\/h2>\n\n\n\n<p>CitySightseeing Tallinn vastutab ametliku korraldajana KLIENDI ees nende \u00f5iguste eest, mis tulenevad s\u00f5lmitud lepingust. Vastutus kehtib ka nende tegude eest, mida t\u00e4idab m\u00f5ni kolmas osapool CitySightseeing Tallinn nimel. Kataloogides, bro\u0161\u00fc\u00fcrides ja veebilehtedel toodud teave on CitySightseeing Tallinn jaoks siduv, kuid seda v\u00f5ib enne lepingu s\u00f5lmimist muuta, eeldusel et muudatus on selgelt v\u00e4lja toodud ja KLIENT on sellest teavitatud.<\/p>\n\n\n\n<p>CitySightseeing Tallinn ei vastuta tr\u00fcki- ega veav\u00f5imaluste eest. Korraldajana kohustub CitySightseeing Tallinn:<\/p>\n\n\n\n<ul class=\"wp-block-list\">\n<li>tagama, et KLIENT saab kirjaliku kinnituse broneeringu kohta ja muud olulised dokumendid;<\/li>\n\n\n\n<li>andma teavet makseviiside kohta ning esitatava korralduse seisukohalt olulist lisainfot;<\/li>\n\n\n\n<li>tagama, et korraldus vastab kinnituses toodud kirjeldusele.<\/li>\n<\/ul>\n\n\n\n<p>CitySightseeing Tallinn ei vastuta lubaduste eest, mida kolmas osapool on andnud KLIENDILE ilma CitySightseeing Tallinn teadmiseta ja mida CitySightseeing Tallinn ei teadnud ega pidanud teadma.<\/p>\n\n\n\n<p>K\u00e4esolevates \u00fcldtingimustes:<\/p>\n\n\n\n<ul class=\"wp-block-list\">\n<li><strong>V\u00e4ljumine<\/strong> \u2013 aeg, mil KLIENT lahkub l\u00e4htekohast<\/li>\n\n\n\n<li><strong>Saabumine<\/strong> \u2013 aeg, mil KLIENT j\u00f5uab sihtkohta ja reis l\u00f5peb<\/li>\n\n\n\n<li><strong>Laevas \/ pardal<\/strong> \u2013 aeg, mil KLIENT viibib CitySightseeing Tallinn bussis<\/li>\n<\/ul>\n\n\n\n<hr class=\"wp-block-separator has-alpha-channel-opacity\"\/>\n\n\n\n<h2 class=\"wp-block-heading\"><strong>Broneerimine<\/strong><\/h2>\n\n\n\n<p>Broneering on siduv CitySightseeing Tallinna ja KLIENDI jaoks kohe, kui CitySightseeing Tallinn on broneeringu kinnitanud ja KLIENT on maksnud kokkulepitud broneerimistasu etten\u00e4htud aja jooksul.<\/p>\n\n\n\n<hr class=\"wp-block-separator has-alpha-channel-opacity\"\/>\n\n\n\n<h2 class=\"wp-block-heading\"><strong>Kinnitus<\/strong><\/h2>\n\n\n\n<p>Broneeringu kinnitus saadetakse e-posti aadressile, mille KLIENT on esitanud.<\/p>\n\n\n\n<hr class=\"wp-block-separator has-alpha-channel-opacity\"\/>\n\n\n\n<h2 class=\"wp-block-heading\"><strong>Makse<\/strong><\/h2>\n\n\n\n<p>KLIENT peab tasuma broneeringu eest hiljemalt kinnituses m\u00e4rgitud t\u00e4htajaks.<\/p>\n\n\n\n<h3 class=\"wp-block-heading\"><strong>Reiside broneerimine<\/strong><\/h3>\n\n\n\n<p>Ainult transporditeenuse korral tuleb broneering tasuda online-makset tehes kohe.<\/p>\n\n\n\n<h3 class=\"wp-block-heading\"><strong>Pakettide broneerimine<\/strong><\/h3>\n\n\n\n<p>Pakettbroneeringud tuleb samuti tasuda kohe online-maksega.<\/p>\n\n\n\n<hr class=\"wp-block-separator has-alpha-channel-opacity\"\/>\n\n\n\n<h2 class=\"wp-block-heading\"><strong>T\u00fchistamisreeglid<\/strong><\/h2>\n\n\n\n<p>KLIENT v\u00f5ib broneeringu t\u00fchistada veebis v\u00f5i kirjalikult CitySightseeing Tallinnale.<\/p>\n\n\n\n<p>Kui broneeritakse erinevate teenuste kombinatsioon kindla hinnaga (pakett), ei ole v\u00f5imalik t\u00fchistada \u00fcksikuid paketi osi.<\/p>\n\n\n\n<ul class=\"wp-block-list\">\n<li><strong>CitySightseeing Tallinn j\u00e4tab 100% broneeringu maksumusest<\/strong>, kui tellitud tooted t\u00fchistatakse v\u00f5i neid muudetakse <strong>1 p\u00e4ev v\u00f5i v\u00e4hem enne v\u00e4ljumist<\/strong>.<\/li>\n\n\n\n<li><strong>T\u00e4ielik tagasimakse<\/strong> toimub juhul, kui t\u00fchistamine toimub <strong>hiljemalt 24 tundi enne v\u00e4ljumist<\/strong>.<\/li>\n<\/ul>\n\n\n\n<hr class=\"wp-block-separator has-alpha-channel-opacity\"\/>\n\n\n\n<h2 class=\"wp-block-heading\"><strong>CitySightseeing Tallinna muudatused ja KLIENDI \u00f5igused<\/strong><\/h2>\n\n\n\n<p>CitySightseeing Tallinn v\u00f5ib muuta korralduse tingimusi, kui KLIENDILE pakutakse vastu <strong>samav\u00e4\u00e4rset teenust<\/strong>.<\/p>\n\n\n\n<p>Kui korraldust ei ole v\u00f5imalik teostada vastavalt broneeringus toodud tingimustele ning CitySightseeing Tallinn ei saa pakkuda samav\u00e4\u00e4rseid teenuseid, on KLIENDIL \u00f5igus lepingust taganeda. Samuti on KLIENDIL \u00f5igus lepingust taganeda, kui tingimusi muudetakse oluliselt tema kahjuks. Sellisel juhul tagastab CitySightseeing Tallinn kogu makstud summa.<\/p>\n\n\n\n<p>KLIENT peab teatama k\u00f5igist reisil ettetulevatest probleemidest koheselt pardal, et CitySightseeing Tallinn saaks need lahendada. Kui KLIENT seda ei tee, v\u00f5ib ta kaotada \u00f5iguse esitada hilisemaid pretensioone.<\/p>\n\n\n\n<p>CitySightseeing Tallinn ei vastuta, kui reis j\u00e4\u00e4b toimumata asjaolude t\u00f5ttu, mis on ettev\u00f5tte kontrolli alt v\u00e4ljas ja mida ei olnud v\u00f5imalik ette n\u00e4ha ega v\u00e4ltida (force majeure).<\/p>\n\n\n\n<hr class=\"wp-block-separator has-alpha-channel-opacity\"\/>\n\n\n\n<h2 class=\"wp-block-heading\"><strong>KLIENDI kohustused<\/strong><\/h2>\n\n\n\n<p>KLIENT peab olema v\u00e4hemalt 18-aastane, et broneerida v\u00f5i s\u00f5lmida leping CitySightseeing Tallinnaga. KLIENDIL on isiklik vastutus tagada k\u00f5ik vajalikud formaalsused reisi l\u00e4biviimiseks.<\/p>\n\n\n\n<p>CitySightseeing Tallinnal on \u00f5igus leping koheselt l\u00f5petada, kui KLIENT v\u00f5i tema kaaslane k\u00e4itub h\u00e4irivalt v\u00f5i p\u00f5hjustab kahju. Sellisel juhul v\u00f5ib CitySightseeing Tallinn n\u00f5uda KLIENDILT h\u00fcvitist tekitatud kahju ulatuses.<\/p>\n\n\n\n<hr class=\"wp-block-separator has-alpha-channel-opacity\"\/>\n\n\n\n<h2 class=\"wp-block-heading\"><strong>Koerad ja kassid pardal<\/strong><\/h2>\n\n\n\n<p>Koerad ja kassid on lubatud sightseeing-bussides tingimusel, et on piisavalt ruumi ning loom ei h\u00e4iri teisi reisijaid.<\/p>\n\n\n\n<hr class=\"wp-block-separator has-alpha-channel-opacity\"\/>\n\n\n\n<h2 class=\"wp-block-heading\"><strong>Vaidlused<\/strong><\/h2>\n\n\n\n<p>K\u00f5ik pretensioonid tuleb esitada CitySightseeing Tallinnale.<\/p>\n\n\n\n<hr class=\"wp-block-separator has-alpha-channel-opacity\"\/>\n\n\n\n<h2 class=\"wp-block-heading\"><strong>S\u00f5jad, loodus\u00f5nnetused, streigid jne<\/strong><\/h2>\n\n\n\n<p>M\u00f5lemal poolel on \u00f5igus lepingust taganeda, kui teenust ei ole v\u00f5imalik osutada s\u00f5ja, loodus\u00f5nnetuse, t\u00f6\u00f6konflikti, pikaajalise vee- v\u00f5i elektrikatkestuse, tulekahju v\u00f5i muude sarnaste etten\u00e4gematute ja kontrollimatu m\u00f5juga suurte s\u00fcndmuste t\u00f5ttu.<\/p>\n","protected":false},"excerpt":{"rendered":"<p>Broneerimistingimused Need \u00fcldtingimused kehtivad Rosemarie O\u00dc ja isiku (EDASPIDI: KLIENT) vahel, kes kas otse v\u00f5i kolmanda osapoole kaudu s\u00f5lmib lepingu vastavalt broneeringu kinnituses toodud tingimustele. Leping v\u00f5ib h\u00f5lmata reisi, muude toodete ja teenuste ostu v\u00f5i nende kombinatsiooni (paketid) j\u00e4rgmistele kaubam\u00e4rkidele: CitySightseeing Tallinn, Hop On \u2013 Hop Off ja City Sightseeing. Ametlik korraldaja: Rosemarie O\u00dc, Paavli [&hellip;]<\/p>\n","protected":false},"author":3,"featured_media":0,"parent":0,"menu_order":5,"comment_status":"closed","ping_status":"closed","template":"","meta":{"_acf_changed":false,"footnotes":""},"class_list":["post-5036","page","type-page","status-publish","hentry"],"acf":[],"_links":{"self":[{"href":"https:\/\/citysightseeing.ee\/et\/wp-json\/wp\/v2\/pages\/5036","targetHints":{"allow":["GET"]}}],"collection":[{"href":"https:\/\/citysightseeing.ee\/et\/wp-json\/wp\/v2\/pages"}],"about":[{"href":"https:\/\/citysightseeing.ee\/et\/wp-json\/wp\/v2\/types\/page"}],"author":[{"embeddable":true,"href":"https:\/\/citysightseeing.ee\/et\/wp-json\/wp\/v2\/users\/3"}],"replies":[{"embeddable":true,"href":"https:\/\/citysightseeing.ee\/et\/wp-json\/wp\/v2\/comments?post=5036"}],"version-history":[{"count":1,"href":"https:\/\/citysightseeing.ee\/et\/wp-json\/wp\/v2\/pages\/5036\/revisions"}],"predecessor-version":[{"id":5037,"href":"https:\/\/citysightseeing.ee\/et\/wp-json\/wp\/v2\/pages\/5036\/revisions\/5037"}],"wp:attachment":[{"href":"https:\/\/citysightseeing.ee\/et\/wp-json\/wp\/v2\/media?parent=5036"}],"curies":[{"name":"wp","href":"https:\/\/api.w.org\/{rel}","templated":true}]}}