{"id":472,"date":"2017-05-03T22:17:03","date_gmt":"2017-05-03T19:17:03","guid":{"rendered":"https:\/\/citysightseeing.ee\/our-tours\/tour-options-and-fares\/"},"modified":"2025-04-27T17:26:25","modified_gmt":"2025-04-27T14:26:25","slug":"ekskursioonide-hinnad","status":"publish","type":"page","link":"https:\/\/citysightseeing.ee\/et\/meie-tuurid\/ekskursioonide-hinnad\/","title":{"rendered":"EKSKURSIOONIDE HINNAD"},"content":{"rendered":"<h1>EKSKURSIOONIDE HINNAD<\/h1>\n<p><strong>Parim viis Tallinnaga tutvumiseks<\/strong><\/p>\n<p>Meie ekskursioonid\u00a0 pakuvad maksimaalset paindlikkust. Tavapilet on m\u00f5eldud t\u00e4iskasvanule kasutamiseks 24h jooksul . See on hop on hop off pilet, mis lubab s\u00f5ita k\u00f5ikide liinidega ning h\u00fcpata v\u00e4lja \u00fcksk\u00f5ik millisel 17 nest bussipeatusest, \u00fcksk\u00f5ik mis ajal. Veebist soetatud pileti hind on 30 eurot ja see sisaldab m\u00f5lemat s\u00f5itu m\u00f5lemal liinil, kehtides 24 tundi alates esimesest bussis registreerimisest.<\/p>\n<h2>Hinnakiri internetist ostetud piletitele<\/h2>\n<p><strong>K\u00f5ik hinnakirja piletid kehtivad m\u00f5lemal liinil<\/strong><\/p>\n<p>24h t\u00e4iskasvanu online pilet <strong>30 EUR<\/strong><\/p>\n<p>Lapsed online 24 h pilet (7-17 aastased) <strong>14 EUR<\/strong><\/p>\n<p>Perepilet online 24h (2 t\u00e4iskasvanut ja kuni 3 last vanus 7-17.k.a)\u00a0 \u00a0<strong>65 EUR<\/strong><\/p>\n<p>Lapsed alla 7 aasta <strong>TASUTA<\/strong><\/p>\n","protected":false},"excerpt":{"rendered":"<p>EKSKURSIOONIDE HINNAD Parim viis Tallinnaga tutvumiseks Meie ekskursioonid\u00a0 pakuvad maksimaalset paindlikkust. Tavapilet on m\u00f5eldud t\u00e4iskasvanule kasutamiseks 24h jooksul . See on hop on hop off pilet, mis lubab s\u00f5ita k\u00f5ikide liinidega ning h\u00fcpata v\u00e4lja \u00fcksk\u00f5ik millisel 17 nest bussipeatusest, \u00fcksk\u00f5ik mis ajal. Veebist soetatud pileti hind on 30 eurot ja see sisaldab m\u00f5lemat s\u00f5itu m\u00f5lemal [&hellip;]<\/p>\n","protected":false},"author":2,"featured_media":0,"parent":464,"menu_order":73,"comment_status":"closed","ping_status":"closed","template":"","meta":{"_acf_changed":false,"footnotes":""},"class_list":["post-472","page","type-page","status-publish","hentry"],"acf":[],"_links":{"self":[{"href":"https:\/\/citysightseeing.ee\/et\/wp-json\/wp\/v2\/pages\/472","targetHints":{"allow":["GET"]}}],"collection":[{"href":"https:\/\/citysightseeing.ee\/et\/wp-json\/wp\/v2\/pages"}],"about":[{"href":"https:\/\/citysightseeing.ee\/et\/wp-json\/wp\/v2\/types\/page"}],"author":[{"embeddable":true,"href":"https:\/\/citysightseeing.ee\/et\/wp-json\/wp\/v2\/users\/2"}],"replies":[{"embeddable":true,"href":"https:\/\/citysightseeing.ee\/et\/wp-json\/wp\/v2\/comments?post=472"}],"version-history":[{"count":5,"href":"https:\/\/citysightseeing.ee\/et\/wp-json\/wp\/v2\/pages\/472\/revisions"}],"predecessor-version":[{"id":4201,"href":"https:\/\/citysightseeing.ee\/et\/wp-json\/wp\/v2\/pages\/472\/revisions\/4201"}],"up":[{"embeddable":true,"href":"https:\/\/citysightseeing.ee\/et\/wp-json\/wp\/v2\/pages\/464"}],"wp:attachment":[{"href":"https:\/\/citysightseeing.ee\/et\/wp-json\/wp\/v2\/media?parent=472"}],"curies":[{"name":"wp","href":"https:\/\/api.w.org\/{rel}","templated":true}]}}