{"id":464,"date":"2017-05-03T22:16:33","date_gmt":"2017-05-03T19:16:33","guid":{"rendered":"https:\/\/citysightseeing.ee\/our-tours\/"},"modified":"2025-10-29T23:09:40","modified_gmt":"2025-10-29T21:09:40","slug":"meie-tuurid","status":"publish","type":"page","link":"https:\/\/citysightseeing.ee\/et\/meie-tuurid\/","title":{"rendered":"MEIE TUURID"},"content":{"rendered":"<h1>MEIE TUURID<\/h1>\n<p>Meeleolukaim v\u00f5imalus Tallinnaga tutvumiseks<\/p>\n<p>M\u00f5ned kiired faktid:<\/p>\n<p>1. Ekskursiooni kestus ilma peatustes bussist v\u00e4ljumata on erinevatel marsuutidel 55-75 minutit.<br \/>\n2. V\u00f5ite kasutada Hop-On Hop-Off piletit Tallinnaga tutvumiseks 1-3 p\u00e4eva vastavalt Teie enda poolt valitud piletile.<br \/>\n3. Liinidele j\u00e4\u00e4vad p\u00f5hilised Tallinna vaatamisv\u00e4\u00e4rsused v\u00e4ljaspool Vanalinna, aga ka Vanalinnast Toompea ning Toompuiesteelt n\u00e4htavad iidse linnam\u00fc\u00fcri osad, Pirita, Lennusadam jpt. vaatamisv\u00e4\u00e4rsused.<br \/>\n4. 2 erinevat bussiliini.<br \/>\n5. Bussis on audiogiidi vahendusel toimiv kommentaar 10 keeles.<br \/>\n6. Vihma korral kaitsevad Teid vihma eest l\u00fckandaknad ja l\u00fckandkatus.<br \/>\n7. Liinide pikkused on kokku 30 km.<br \/>\n8. Talveperioodil on busside \u00fclakorrused k\u00f6etavad<\/p>\n","protected":false},"excerpt":{"rendered":"<p>MEIE TUURID Meeleolukaim v\u00f5imalus Tallinnaga tutvumiseks M\u00f5ned kiired faktid: 1. Ekskursiooni kestus ilma peatustes bussist v\u00e4ljumata on erinevatel marsuutidel 55-75 minutit. 2. V\u00f5ite kasutada Hop-On Hop-Off piletit Tallinnaga tutvumiseks 1-3 p\u00e4eva vastavalt Teie enda poolt valitud piletile. 3. Liinidele j\u00e4\u00e4vad p\u00f5hilised Tallinna vaatamisv\u00e4\u00e4rsused v\u00e4ljaspool Vanalinna, aga ka Vanalinnast Toompea ning Toompuiesteelt n\u00e4htavad iidse linnam\u00fc\u00fcri osad, [&hellip;]<\/p>\n","protected":false},"author":2,"featured_media":0,"parent":0,"menu_order":19,"comment_status":"closed","ping_status":"closed","template":"","meta":{"_acf_changed":false,"footnotes":""},"class_list":["post-464","page","type-page","status-publish","hentry"],"acf":[],"_links":{"self":[{"href":"https:\/\/citysightseeing.ee\/et\/wp-json\/wp\/v2\/pages\/464","targetHints":{"allow":["GET"]}}],"collection":[{"href":"https:\/\/citysightseeing.ee\/et\/wp-json\/wp\/v2\/pages"}],"about":[{"href":"https:\/\/citysightseeing.ee\/et\/wp-json\/wp\/v2\/types\/page"}],"author":[{"embeddable":true,"href":"https:\/\/citysightseeing.ee\/et\/wp-json\/wp\/v2\/users\/2"}],"replies":[{"embeddable":true,"href":"https:\/\/citysightseeing.ee\/et\/wp-json\/wp\/v2\/comments?post=464"}],"version-history":[{"count":3,"href":"https:\/\/citysightseeing.ee\/et\/wp-json\/wp\/v2\/pages\/464\/revisions"}],"predecessor-version":[{"id":4870,"href":"https:\/\/citysightseeing.ee\/et\/wp-json\/wp\/v2\/pages\/464\/revisions\/4870"}],"wp:attachment":[{"href":"https:\/\/citysightseeing.ee\/et\/wp-json\/wp\/v2\/media?parent=464"}],"curies":[{"name":"wp","href":"https:\/\/api.w.org\/{rel}","templated":true}]}}