{"id":2135,"date":"2020-09-26T14:40:17","date_gmt":"2020-09-26T11:40:17","guid":{"rendered":"https:\/\/citysightseeing.ee\/busside-tellimine\/"},"modified":"2025-10-26T19:58:39","modified_gmt":"2025-10-26T17:58:39","slug":"busside-tellimine","status":"publish","type":"page","link":"https:\/\/citysightseeing.ee\/et\/busside-tellimine\/","title":{"rendered":"Busside rent"},"content":{"rendered":"<div class=\"wpb-content-wrapper\"><p>[vc_row][vc_column][vc_column_text css=&#8221;&#8221;]<\/p>\r\n<p>\u00a0<\/p>\r\n<h1><strong>BUSSIDE RENT<\/strong><\/h1>\r\n\r\n<p>\u00a0<\/p>\r\n\r\n<p>&nbsp;<\/p>\r\n\r\n<p>Kui Sul on m\u00f5ttes korraldada meeldej\u00e4\u00e4vat elamusrikast ja meeleolukat \u00fcritust suurema seltskonnaga v\u00f5i vajad Sa bussitransporti, mis \u00fchendaks samal ajal seltskonna l\u00e4bi m\u00f5nusa bussis\u00f5idu, siis meie kahekordsed lahtise katusega bussid on ilmselt just see, mis Sul vaja v\u00f5iks minna. Kahekordseid linnatuuri busse on v\u00f5imalik rentida l\u00fchemateks s\u00f5itudeks Tallinnas v\u00f5i Harjumaal, aga ka l\u00fchemateks v\u00f5i pikemateks reklaamikampaaniateks. Bussid on lahtik\u00e4iva katuse ja lahtik\u00e4ivate eest t\u00e4iesti \u00e4ra l\u00fckatavate l\u00fckandakendega teisel korrusel.\u00a0 Bussidesse mahub 65-96 inimest (\u00fclemisel korrusel 44-60 inimest).<\/p>\r\n<p>Kuna bussid on varustatud mitmekeelsete audiogiididega (muuhulgas eesti keel), siis on neid v\u00f5imalik ka rentida Tallinna linna privaatseteks bussiekskursioonideks.<\/p>\r\n\r\n<p>&nbsp;<\/p>\r\n<p>[\/vc_column_text][\/vc_column][\/vc_row]<\/p><\/div>","protected":false},"excerpt":{"rendered":"<p>[vc_row][vc_column][vc_column_text css=&#8221;&#8221;] \u00a0 BUSSIDE RENT \u00a0 &nbsp; Kui Sul on m\u00f5ttes korraldada meeldej\u00e4\u00e4vat elamusrikast ja meeleolukat \u00fcritust suurema seltskonnaga v\u00f5i vajad Sa bussitransporti, mis \u00fchendaks samal ajal seltskonna l\u00e4bi m\u00f5nusa bussis\u00f5idu, siis meie kahekordsed lahtise katusega bussid on ilmselt just see, mis Sul vaja v\u00f5iks minna. Kahekordseid linnatuuri busse on v\u00f5imalik rentida l\u00fchemateks s\u00f5itudeks Tallinnas [&hellip;]<\/p>\n","protected":false},"author":3,"featured_media":0,"parent":0,"menu_order":3,"comment_status":"closed","ping_status":"closed","template":"","meta":{"_acf_changed":false,"footnotes":""},"class_list":["post-2135","page","type-page","status-publish","hentry"],"acf":[],"_links":{"self":[{"href":"https:\/\/citysightseeing.ee\/et\/wp-json\/wp\/v2\/pages\/2135","targetHints":{"allow":["GET"]}}],"collection":[{"href":"https:\/\/citysightseeing.ee\/et\/wp-json\/wp\/v2\/pages"}],"about":[{"href":"https:\/\/citysightseeing.ee\/et\/wp-json\/wp\/v2\/types\/page"}],"author":[{"embeddable":true,"href":"https:\/\/citysightseeing.ee\/et\/wp-json\/wp\/v2\/users\/3"}],"replies":[{"embeddable":true,"href":"https:\/\/citysightseeing.ee\/et\/wp-json\/wp\/v2\/comments?post=2135"}],"version-history":[{"count":1,"href":"https:\/\/citysightseeing.ee\/et\/wp-json\/wp\/v2\/pages\/2135\/revisions"}],"predecessor-version":[{"id":4521,"href":"https:\/\/citysightseeing.ee\/et\/wp-json\/wp\/v2\/pages\/2135\/revisions\/4521"}],"wp:attachment":[{"href":"https:\/\/citysightseeing.ee\/et\/wp-json\/wp\/v2\/media?parent=2135"}],"curies":[{"name":"wp","href":"https:\/\/api.w.org\/{rel}","templated":true}]}}