{"id":108,"date":"2017-05-03T16:57:43","date_gmt":"2017-05-03T13:57:43","guid":{"rendered":"https:\/\/citysightseeing.ee\/homepage\/"},"modified":"2025-10-29T22:17:23","modified_gmt":"2025-10-29T20:17:23","slug":"homepage","status":"publish","type":"page","link":"https:\/\/citysightseeing.ee\/et\/","title":{"rendered":"AVALEHT"},"content":{"rendered":"<div class=\"wpb-content-wrapper\"><p>[vc_row][vc_column css=&#8221;.vc_custom_1520174815345{margin-bottom: 1px !important;}&#8221;][vc_column_text css=&#8221;.vc_custom_1600242589643{margin-bottom: 1px !important;}&#8221;]<\/p>\n<h1>BUSSIEKSKURSIOONID AVATUD KATUSEGA BUSSIL<\/h1>\n<p>[\/vc_column_text][vc_text_separator title=&#8221;&#8221; i_icon_fontawesome=&#8221;fa fa-bus&#8221; i_color=&#8221;grey&#8221; i_size=&#8221;xs&#8221; el_width=&#8221;50&#8243; add_icon=&#8221;true&#8221;][\/vc_column][\/vc_row][vc_row equal_height=&#8221;yes&#8221;][vc_column width=&#8221;1\/2&#8243;][vc_column_text]<\/p>\n<h2 style=\"text-align: left;\">TULE JA TUTVU TALLINNAGA KAHEKORRUSELISE BUSSI LAHTISELT TEISELT KORRUSELT!<\/h2>\n<p style=\"text-align: left;\">Parim viis tutvuda Tallinna vaatamisv\u00e4\u00e4rsustega on rings\u00f5it m\u00f6\u00f6da linna kahekorruselise lahtise katusega bussi teisel korrusel. Ekskursioon tutvustab Teile Baltimaade p\u00e4rli t\u00e4htsamaid vaatamisv\u00e4\u00e4rsusi 2 erineval marsuudil. Marsruutidel on 14 HOP-ON HOP-OFF peatust, kust v\u00f5ib bussi siseneda v\u00f5i v\u00e4ljuda vastavalt omale \u00e4ran\u00e4gemisele. Buss on varustatud audiogiidiga, mis tutvustab linna vaatamisv\u00e4\u00e4rsusi ja linna ajalugu k\u00fcmnes eri keeles: eesti,inglise, saksa, soome, rootsi, hispaania, itaalia, prantsuse, vene ja hiina (mandarini) keeltes. Vihma eest kaitsevad reisijaid l\u00fckandkatus ja l\u00fckandaknad. Talvisel perioodil s\u00f5idavad liinil l\u00fckandkatuste ning l\u00fckandakendega bussid, mille teine korrus on k\u00f6etav. S\u00f5idupileteid saab osta siit kodulehelt v\u00f5i bussist. Broneeri reis juba internetis online hinnaga. K\u00f5ikides meie bussides on tasuta WIFI. Parimaid elamusi pakub Tallinnaga tutvumisel vaid CitySightseeing Tallinn!<\/p>\n<p style=\"text-align: left;\">Tule ja veendu selles ise, et bussis\u00f5it v\u00f5ib olla elamus!<\/p>\n<p>[\/vc_column_text][\/vc_column][vc_column width=&#8221;1\/2&#8243;][vc_images_carousel images=&#8221;2196,2206,2216&#8243; img_size=&#8221;full&#8221; onclick=&#8221;link_no&#8221; autoplay=&#8221;yes&#8221; hide_prev_next_buttons=&#8221;yes&#8221; wrap=&#8221;yes&#8221;][\/vc_column][\/vc_row][vc_row][vc_column][vc_column_text]<\/p>\n<p>[\/vc_column_text][\/vc_column][\/vc_row]<\/p>\n<\/div>","protected":false},"excerpt":{"rendered":"<p>[vc_row][vc_column css=&#8221;.vc_custom_1520174815345{margin-bottom: 1px !important;}&#8221;][vc_column_text css=&#8221;.vc_custom_1600242589643{margin-bottom: 1px !important;}&#8221;] BUSSIEKSKURSIOONID AVATUD KATUSEGA BUSSIL [\/vc_column_text][vc_text_separator title=&#8221;&#8221; i_icon_fontawesome=&#8221;fa fa-bus&#8221; i_color=&#8221;grey&#8221; i_size=&#8221;xs&#8221; el_width=&#8221;50&#8243; add_icon=&#8221;true&#8221;][\/vc_column][\/vc_row][vc_row equal_height=&#8221;yes&#8221;][vc_column width=&#8221;1\/2&#8243;][vc_column_text] TULE JA TUTVU TALLINNAGA KAHEKORRUSELISE BUSSI LAHTISELT TEISELT KORRUSELT! Parim viis tutvuda Tallinna vaatamisv\u00e4\u00e4rsustega on rings\u00f5it m\u00f6\u00f6da linna kahekorruselise lahtise katusega bussi teisel korrusel. Ekskursioon tutvustab Teile Baltimaade p\u00e4rli t\u00e4htsamaid vaatamisv\u00e4\u00e4rsusi 2 erineval marsuudil. [&hellip;]<\/p>\n","protected":false},"author":2,"featured_media":0,"parent":0,"menu_order":12,"comment_status":"closed","ping_status":"closed","template":"template-homepage.php","meta":{"_acf_changed":false,"footnotes":""},"class_list":["post-108","page","type-page","status-publish","hentry"],"acf":[],"_links":{"self":[{"href":"https:\/\/citysightseeing.ee\/et\/wp-json\/wp\/v2\/pages\/108","targetHints":{"allow":["GET"]}}],"collection":[{"href":"https:\/\/citysightseeing.ee\/et\/wp-json\/wp\/v2\/pages"}],"about":[{"href":"https:\/\/citysightseeing.ee\/et\/wp-json\/wp\/v2\/types\/page"}],"author":[{"embeddable":true,"href":"https:\/\/citysightseeing.ee\/et\/wp-json\/wp\/v2\/users\/2"}],"replies":[{"embeddable":true,"href":"https:\/\/citysightseeing.ee\/et\/wp-json\/wp\/v2\/comments?post=108"}],"version-history":[{"count":5,"href":"https:\/\/citysightseeing.ee\/et\/wp-json\/wp\/v2\/pages\/108\/revisions"}],"predecessor-version":[{"id":4816,"href":"https:\/\/citysightseeing.ee\/et\/wp-json\/wp\/v2\/pages\/108\/revisions\/4816"}],"wp:attachment":[{"href":"https:\/\/citysightseeing.ee\/et\/wp-json\/wp\/v2\/media?parent=108"}],"curies":[{"name":"wp","href":"https:\/\/api.w.org\/{rel}","templated":true}]}}