{"id":553,"date":"2017-05-03T22:25:55","date_gmt":"2017-05-03T19:25:55","guid":{"rendered":"https:\/\/citysightseeing.ee\/book-online\/"},"modified":"2025-04-27T12:25:38","modified_gmt":"2025-04-27T09:25:38","slug":"reserva-en-lanea","status":"publish","type":"page","link":"https:\/\/citysightseeing.ee\/es\/reserva-en-lanea\/","title":{"rendered":"Reserva en lane\u00e1"},"content":{"rendered":"<h1>RESERVA EN L\u00cdNEA<\/h1>\n<p>Confirmaci\u00f3n Instant\u00e1nea. E-Boleto.<\/p>\n<p>La manera m\u00e1s f\u00e1cil de comprar boletos para el Citysightseeing de Tallinn es reservarlos en l\u00ednea desde este sitio web.\u00a0 Usted puede hacer reservas con toda seguridad. Aceptamos todas la mayores tarjetas de cr\u00e9dito. S\u00f3lo pulse el bot\u00f3n de abajo para entrar al sistema de reservas y seleccione los boletos que desee. Aunque se le pedir\u00e1 que especifique fecha, sus boletos ser\u00e1n v\u00e1lidos por 6 meses desde el momento de compra. En cuanto su pago haya sido procesado, le enviaremos su recibo y un cup\u00f3n que Usted deber\u00e1 imprimir y conservar durante su viaje. \u00a1Le deseamos una muy buena visita a Tallinn!<\/p>\n","protected":false},"excerpt":{"rendered":"<p>RESERVA EN L\u00cdNEA Confirmaci\u00f3n Instant\u00e1nea. E-Boleto. La manera m\u00e1s f\u00e1cil de comprar boletos para el Citysightseeing de Tallinn es reservarlos en l\u00ednea desde este sitio web.\u00a0 Usted puede hacer reservas con toda seguridad. Aceptamos todas la mayores tarjetas de cr\u00e9dito. S\u00f3lo pulse el bot\u00f3n de abajo para entrar al sistema de reservas y seleccione los [&hellip;]<\/p>\n","protected":false},"author":2,"featured_media":0,"parent":0,"menu_order":100,"comment_status":"closed","ping_status":"closed","template":"","meta":{"_acf_changed":false,"footnotes":""},"class_list":["post-553","page","type-page","status-publish","hentry"],"acf":[],"_links":{"self":[{"href":"https:\/\/citysightseeing.ee\/es\/wp-json\/wp\/v2\/pages\/553","targetHints":{"allow":["GET"]}}],"collection":[{"href":"https:\/\/citysightseeing.ee\/es\/wp-json\/wp\/v2\/pages"}],"about":[{"href":"https:\/\/citysightseeing.ee\/es\/wp-json\/wp\/v2\/types\/page"}],"author":[{"embeddable":true,"href":"https:\/\/citysightseeing.ee\/es\/wp-json\/wp\/v2\/users\/2"}],"replies":[{"embeddable":true,"href":"https:\/\/citysightseeing.ee\/es\/wp-json\/wp\/v2\/comments?post=553"}],"version-history":[{"count":1,"href":"https:\/\/citysightseeing.ee\/es\/wp-json\/wp\/v2\/pages\/553\/revisions"}],"predecessor-version":[{"id":4125,"href":"https:\/\/citysightseeing.ee\/es\/wp-json\/wp\/v2\/pages\/553\/revisions\/4125"}],"wp:attachment":[{"href":"https:\/\/citysightseeing.ee\/es\/wp-json\/wp\/v2\/media?parent=553"}],"curies":[{"name":"wp","href":"https:\/\/api.w.org\/{rel}","templated":true}]}}