{"id":542,"date":"2017-05-03T22:24:23","date_gmt":"2017-05-03T19:24:23","guid":{"rendered":"https:\/\/citysightseeing.ee\/cruise\/"},"modified":"2017-05-04T13:53:26","modified_gmt":"2017-05-04T10:53:26","slug":"pasajeros-del-crucero","status":"publish","type":"page","link":"https:\/\/citysightseeing.ee\/es\/pasajeros-del-crucero\/","title":{"rendered":"PASAJEROS DEL CRUCERO"},"content":{"rendered":"<h1>PASAJEROS DEL CRUCERO<\/h1>\n<p><strong>Llegada por barco al embarcadero del crucero<\/strong><br \/>\nCity Sightseeing Tallinn le da la bienvenida a nuestra bella capital. City Sightseeing Tallinn estar\u00e1 presente en el Terminal a la llegada del Crucero.<\/p>\n<p><strong>Donde subir al autob\u00fas<\/strong><br \/>\nA su llegada a la Terminal del crucero, habr\u00e1 esperando un autob\u00fas tur\u00edstico de City Sightseeing. Los autobuses se detienen aproximadamente a 500 metros del barco en direcci\u00f3n al centro de la ciudad. Una vez salga del embarcadero el primer autob\u00fas tur\u00edstico de City Sightseeing, un nuevo autob\u00fas pasar\u00e1 cada 20\/30 minutos (hasta mediod\u00eda). Por la tarde, los autobuses pasan por cada parada cada 30\/60 minutos. Puede consultar el horario a nuestro personal. Por la normativa de seguridad del Puerto de Tallin, la parada de bajada de los pasajeros del crucero se encuentra situada durante el d\u00eda detr\u00e1s (fuera) de la entrada del embarcadero (visto desde el barco). La parada de recogida despu\u00e9s de las 12.00 AM se encuentra fuera del recinto. (Observe que esta informaci\u00f3n se aplica a los visitantes que lleguen por barco directamente al Puerto de Crucero y no a los visitantes de los Cruceros que amarren en las terminales de las l\u00edneas normales).<\/p>\n<p><strong>Tallinn en 50 minutos<\/strong><br \/>\nSi decide permanecer en el autob\u00fas para realizar la visita completa de Tallinn sin bajar, la visita durar\u00e1 unos 50 minutos.<\/p>\n<p><strong>Gu\u00edas de visita en varios idiomas<\/strong><br \/>\nCity Sightseeing Tallinn presenta los atractivos de la ciudad, su historia y su vida actual en ocho idiomas diferentes. Es una educativa y divertida experiencia. Nuestras visitas se ofrecen en los idiomas siguientes: Ingl\u00e9s, Franc\u00e9s, Alem\u00e1n, Italiano, Finland\u00e9s, Sueco, Ruso y Espa\u00f1ol.<\/p>\n<p><strong>\u00a1Ahorre tiempo y reserve su ticket ahora!<\/strong><br \/>\nReserve su ticket online y reciba un 10% de descuento en todas las reservas online. En el Embarcadero del crucero, los pasajeros con reservas online tienen prioridad para entrar en el autob\u00fas sobre el resto de la cola. Reserva<\/p>\n<p><strong>\u00bfQu\u00e9 hacer en Tallinn?<\/strong><br \/>\n\u00a1Hay tanto para hacer y tan poco tiempo! Tallinn tiene mucho que ofrecer y le recomendamos que visite www.tourism.tallinn.ee donde podr\u00e1 obtener m\u00e1s informaci\u00f3n sobre Tallinn y sus muchos atractivos.<\/p>\n<p>Le deseamos una agradable estancia y esperamos poder verle en Tallinn.<\/p>\n","protected":false},"excerpt":{"rendered":"<p>PASAJEROS DEL CRUCERO Llegada por barco al embarcadero del crucero City Sightseeing Tallinn le da la bienvenida a nuestra bella capital. City Sightseeing Tallinn estar\u00e1 presente en el Terminal a la llegada del Crucero. Donde subir al autob\u00fas A su llegada a la Terminal del crucero, habr\u00e1 esperando un autob\u00fas tur\u00edstico de City Sightseeing. Los [&hellip;]<\/p>\n","protected":false},"author":2,"featured_media":0,"parent":0,"menu_order":87,"comment_status":"closed","ping_status":"closed","template":"","meta":{"_acf_changed":false,"footnotes":""},"class_list":["post-542","page","type-page","status-publish","hentry"],"acf":[],"_links":{"self":[{"href":"https:\/\/citysightseeing.ee\/es\/wp-json\/wp\/v2\/pages\/542","targetHints":{"allow":["GET"]}}],"collection":[{"href":"https:\/\/citysightseeing.ee\/es\/wp-json\/wp\/v2\/pages"}],"about":[{"href":"https:\/\/citysightseeing.ee\/es\/wp-json\/wp\/v2\/types\/page"}],"author":[{"embeddable":true,"href":"https:\/\/citysightseeing.ee\/es\/wp-json\/wp\/v2\/users\/2"}],"replies":[{"embeddable":true,"href":"https:\/\/citysightseeing.ee\/es\/wp-json\/wp\/v2\/comments?post=542"}],"version-history":[{"count":0,"href":"https:\/\/citysightseeing.ee\/es\/wp-json\/wp\/v2\/pages\/542\/revisions"}],"wp:attachment":[{"href":"https:\/\/citysightseeing.ee\/es\/wp-json\/wp\/v2\/media?parent=542"}],"curies":[{"name":"wp","href":"https:\/\/api.w.org\/{rel}","templated":true}]}}