{"id":478,"date":"2017-05-03T22:17:03","date_gmt":"2017-05-03T19:17:03","guid":{"rendered":"https:\/\/citysightseeing.ee\/our-tours\/tour-options-and-fares\/"},"modified":"2025-04-27T17:43:40","modified_gmt":"2025-04-27T14:43:40","slug":"tour-options-and-fares","status":"publish","type":"page","link":"https:\/\/citysightseeing.ee\/es\/recorridos\/tour-options-and-fares\/","title":{"rendered":"TOUR OPTIONS AND FARES"},"content":{"rendered":"<h1>OPCIONES DE TOUR Y TARIFAS<\/h1>\n<p>Opciones de Tour \u2013 La Mejor Manera de Ver Tallin<\/p>\n<p>Nuestras opciones de tour han sido dise\u00f1adas pensando en la m\u00e1xima flexibilidad.<br data-start=\"230\" data-end=\"233\" \/>Nuestro billete est\u00e1ndar para adultos ofrece un pase de 24 horas. Este es un billete de subir y bajar libremente, que le permite unirse al tour en cualquiera de nuestras 17 paradas en cualquier momento del d\u00eda.<br data-start=\"443\" data-end=\"446\" \/>El billete de tour comprado en l\u00ednea incluye ambas l\u00edneas y es v\u00e1lido durante 24 horas desde el primer registro en el autob\u00fas.<\/p>\n<h2>Tour Fares\u00a0 Tarifas del Tour<\/h2>\n<p class=\"\" data-start=\"726\" data-end=\"791\"><strong>Los billetes incluyen ambas l\u00edneas en 2025<\/strong><\/p>\n<p class=\"\" data-start=\"795\" data-end=\"838\">Pase de adulto online de 24 horas: <strong>30 EUR<\/strong><\/p>\n<p class=\"\" data-start=\"841\" data-end=\"885\">Ni\u00f1os\u00a0 (7 a 17 a\u00f1os) precio online: <strong>14 EUR<\/strong><\/p>\n<p class=\"\" data-start=\"888\" data-end=\"977\">Pase familiar online de 24 horas (2 adultos y hasta 3 ni\u00f1os menores\u00a0 7-17 a\u00f1os): <strong>65 EUR<\/strong><\/p>\n<p class=\"\" data-start=\"980\" data-end=\"1011\">Ni\u00f1os menores de 7 a\u00f1os: <strong>GRATIS<\/strong><\/p>\n","protected":false},"excerpt":{"rendered":"<p>OPCIONES DE TOUR Y TARIFAS Opciones de Tour \u2013 La Mejor Manera de Ver Tallin Nuestras opciones de tour han sido dise\u00f1adas pensando en la m\u00e1xima flexibilidad.Nuestro billete est\u00e1ndar para adultos ofrece un pase de 24 horas. Este es un billete de subir y bajar libremente, que le permite unirse al tour en cualquiera de [&hellip;]<\/p>\n","protected":false},"author":2,"featured_media":0,"parent":470,"menu_order":78,"comment_status":"closed","ping_status":"closed","template":"","meta":{"_acf_changed":false,"footnotes":""},"class_list":["post-478","page","type-page","status-publish","hentry"],"acf":[],"_links":{"self":[{"href":"https:\/\/citysightseeing.ee\/es\/wp-json\/wp\/v2\/pages\/478","targetHints":{"allow":["GET"]}}],"collection":[{"href":"https:\/\/citysightseeing.ee\/es\/wp-json\/wp\/v2\/pages"}],"about":[{"href":"https:\/\/citysightseeing.ee\/es\/wp-json\/wp\/v2\/types\/page"}],"author":[{"embeddable":true,"href":"https:\/\/citysightseeing.ee\/es\/wp-json\/wp\/v2\/users\/2"}],"replies":[{"embeddable":true,"href":"https:\/\/citysightseeing.ee\/es\/wp-json\/wp\/v2\/comments?post=478"}],"version-history":[{"count":5,"href":"https:\/\/citysightseeing.ee\/es\/wp-json\/wp\/v2\/pages\/478\/revisions"}],"predecessor-version":[{"id":4217,"href":"https:\/\/citysightseeing.ee\/es\/wp-json\/wp\/v2\/pages\/478\/revisions\/4217"}],"up":[{"embeddable":true,"href":"https:\/\/citysightseeing.ee\/es\/wp-json\/wp\/v2\/pages\/470"}],"wp:attachment":[{"href":"https:\/\/citysightseeing.ee\/es\/wp-json\/wp\/v2\/media?parent=478"}],"curies":[{"name":"wp","href":"https:\/\/api.w.org\/{rel}","templated":true}]}}