{"id":114,"date":"2017-05-03T16:57:43","date_gmt":"2017-05-03T13:57:43","guid":{"rendered":"https:\/\/citysightseeing.ee\/homepage\/"},"modified":"2025-10-29T22:35:03","modified_gmt":"2025-10-29T20:35:03","slug":"principal","status":"publish","type":"page","link":"https:\/\/citysightseeing.ee\/es\/","title":{"rendered":"PRINCIPAL"},"content":{"rendered":"<div class=\"wpb-content-wrapper\"><p>[vc_row][vc_column css=\u00bb.vc_custom_1520174815345{margin-bottom: 1px !important;}\u00bb][vc_column_text css=\u00bb.vc_custom_1520176386194{margin-bottom: 1px !important;}\u00bb]<\/p>\n<h1>ABRA LOS PRINCIPALES RECORRIDOS TURISTICOS DE TALLINN<\/h1>\n<p>[\/vc_column_text][vc_text_separator title=\u00bb\u00bb i_icon_fontawesome=\u00bbfa fa-bus\u00bb i_color=\u00bbgrey\u00bb i_size=\u00bbxs\u00bb el_width=\u00bb50&#8243; add_icon=\u00bbtrue\u00bb][\/vc_column][\/vc_row][vc_row][vc_column width=\u00bb1\/2&#8243;][vc_column_text]<\/p>\n<h2 style=\"text-align: left;\">VEA LOS MEJORES LUGARES DESDE EL PISO SIN CUBIERTA!<\/h2>\n<p style=\"text-align: left;\">No hay mejor manera de ver Tallinn que desde el piso superior de nuestros buses de dos pisos.<\/p>\n<p style=\"text-align: left;\">Lo llevamos a ver las mejores atracciones en 2 rutas diferentes alrededor por una de las ciudades m\u00e1s bonitas del B\u00e1ltico. Hop-On, Hop-Off, suba o baje en cualquiera de nuestra 14 paradas. Nuestros recorridos se hacen en 10 idiomas: ingl\u00e9s, alem\u00e1n, espa\u00f1ol, italiano, franc\u00e9s, sueco, fin\u00e9s, chino(mandarin), estonio y ruso. En caso de lluvia, tenemos un techo deslizante para su comodidad y protecci\u00f3n. Reserve su boleto hoy, en l\u00ednea directamente desde nuestro sitio web. Los billetes tambi\u00e9n se pueden comprar en el autob\u00fas, pagando con tarjeta o en efectivo.<\/p>\n<p style=\"text-align: left;\">\u00a1No vaya a Tallinn sin tomar el City Sightseeing de Tallinn!<\/p>\n<p>[\/vc_column_text][\/vc_column][vc_column width=\u00bb1\/2&#8243;][vc_images_carousel images=\u00bb2202,2212,2222&#8243; img_size=\u00bbfull\u00bb onclick=\u00bblink_no\u00bb autoplay=\u00bbyes\u00bb hide_prev_next_buttons=\u00bbyes\u00bb wrap=\u00bbyes\u00bb][\/vc_column][\/vc_row][vc_row][vc_column][vc_column_text]<\/p>\n<pre id=\"tw-target-text\" class=\"tw-data-text tw-text-large tw-ta\" dir=\"ltr\" data-placeholder=\"Translation\"><\/pre>\n<p>[\/vc_column_text][\/vc_column][\/vc_row]<\/p>\n<\/div>","protected":false},"excerpt":{"rendered":"<p>[vc_row][vc_column css=\u00bb.vc_custom_1520174815345{margin-bottom: 1px !important;}\u00bb][vc_column_text css=\u00bb.vc_custom_1520176386194{margin-bottom: 1px !important;}\u00bb] ABRA LOS PRINCIPALES RECORRIDOS TURISTICOS DE TALLINN [\/vc_column_text][vc_text_separator title=\u00bb\u00bb i_icon_fontawesome=\u00bbfa fa-bus\u00bb i_color=\u00bbgrey\u00bb i_size=\u00bbxs\u00bb el_width=\u00bb50&#8243; add_icon=\u00bbtrue\u00bb][\/vc_column][\/vc_row][vc_row][vc_column width=\u00bb1\/2&#8243;][vc_column_text] VEA LOS MEJORES LUGARES DESDE EL PISO SIN CUBIERTA! No hay mejor manera de ver Tallinn que desde el piso superior de nuestros buses de dos pisos. Lo llevamos a ver las [&hellip;]<\/p>\n","protected":false},"author":2,"featured_media":0,"parent":0,"menu_order":17,"comment_status":"closed","ping_status":"closed","template":"template-homepage.php","meta":{"_acf_changed":false,"footnotes":""},"class_list":["post-114","page","type-page","status-publish","hentry"],"acf":[],"_links":{"self":[{"href":"https:\/\/citysightseeing.ee\/es\/wp-json\/wp\/v2\/pages\/114","targetHints":{"allow":["GET"]}}],"collection":[{"href":"https:\/\/citysightseeing.ee\/es\/wp-json\/wp\/v2\/pages"}],"about":[{"href":"https:\/\/citysightseeing.ee\/es\/wp-json\/wp\/v2\/types\/page"}],"author":[{"embeddable":true,"href":"https:\/\/citysightseeing.ee\/es\/wp-json\/wp\/v2\/users\/2"}],"replies":[{"embeddable":true,"href":"https:\/\/citysightseeing.ee\/es\/wp-json\/wp\/v2\/comments?post=114"}],"version-history":[{"count":3,"href":"https:\/\/citysightseeing.ee\/es\/wp-json\/wp\/v2\/pages\/114\/revisions"}],"predecessor-version":[{"id":4844,"href":"https:\/\/citysightseeing.ee\/es\/wp-json\/wp\/v2\/pages\/114\/revisions\/4844"}],"wp:attachment":[{"href":"https:\/\/citysightseeing.ee\/es\/wp-json\/wp\/v2\/media?parent=114"}],"curies":[{"name":"wp","href":"https:\/\/api.w.org\/{rel}","templated":true}]}}