{"id":845,"date":"2017-05-04T14:36:00","date_gmt":"2017-05-04T11:36:00","guid":{"rendered":"https:\/\/citysightseeing.ee\/unsere-touren\/top-sites-map\/pirita-historic-suburbs-tour\/"},"modified":"2025-11-06T19:26:04","modified_gmt":"2025-11-06T17:26:04","slug":"pirita-historic-suburbs-tour","status":"publish","type":"page","link":"https:\/\/citysightseeing.ee\/de\/unsere-touren\/top-sites-map\/pirita-historic-suburbs-tour\/","title":{"rendered":"Pirita &amp; Historische Vororttour"},"content":{"rendered":"<h1><span style=\"color: #009640;\">Pirita &amp; Historische Vororttour (gr\u00fcne linie)<\/span><\/h1>\n<p data-start=\"0\" data-end=\"378\">Diese Tour beginnt und endet ebenfalls an unserer Haupt\u00adhaltestelle (Mere pst. 5) und dauert etwa 75 Minuten. Unterwegs passieren Sie viele der bekanntesten Sehensw\u00fcrdigkeiten in den Au\u00dfenbezirken von Tallinn, darunter das Lennusadam Seaplane Harbour Museum \u2013 eines der spannendsten Marinemuseen Europas \u2013 sowie das wundersch\u00f6n restaurierte Rotermann-Quartier.<\/p>\n<p data-start=\"380\" data-end=\"755\">Sie sehen au\u00dferdem das Schloss Maarjam\u00e4e, in dem sich das Estnische Geschichtsmuseum befindet, k\u00f6nnen einen entspannten Spaziergang durch den Botanischen Garten Tallinns unternehmen oder den spektakul\u00e4ren Panoramablick vom Tallinner Fernsehturm genie\u00dfen. Auf dem Weg sehen Sie die Ruinen des Pirita-Klosters, die seit \u00fcber 600 Jahren am Fluss Pirita stehen.<\/p>\n<p data-start=\"757\" data-end=\"1104\" data-is-last-node=\"\" data-is-only-node=\"\">Diese Route ist auch eine perfekte Wahl f\u00fcr Kreuzfahrtpassagiere, die mehr von Tallinn au\u00dferhalb des historischen Zentrums und der Altstadt entdecken m\u00f6chten \u2013 bleiben Sie einfach an Bord, und Sie kehren rechtzeitig zum Schiff zur\u00fcck. Am Ende der Tour k\u00f6nnen Sie auch am Hafen von Tallinn (Terminals A, D &amp; Kreuzfahrtterminals) aussteigen.<\/p>\n<p data-start=\"0\" data-end=\"69\"><strong>Haltestelle 1: MERE PUIESTEE 5 (vor dem Mere-Zentrum beim Viru-Platz)<\/strong><\/p>\n<p data-start=\"0\" data-end=\"78\"><strong>ALTSTADT \/ VIRU-TOR, ESTNISCHES NATIONALTHEATER, ROTERMANN-VIERTEL (WESTSEITE)<\/strong><\/p>\n<p data-start=\"80\" data-end=\"678\">Die Barbakane des Viru-Tors war Teil des Verteidigungssystems der Tallinner Stadtmauer, das im 14. Jahrhundert erbaut wurde. Einige Jahrhunderte sp\u00e4ter verf\u00fcgte die Stadt bereits \u00fcber acht Tore, die aus mehreren T\u00fcrmen und verbindenden Mauern bestanden. Als die Eing\u00e4nge zur Altstadt verbreitert wurden, wurden mehrere Tore abgerissen. Die Eckt\u00fcrme blieben jedoch erhalten. Au\u00dferdem kann man noch heute einen Teil des Bastions sehen, der Musum\u00e4gi (\u201eKussberg\u201c) genannt wird. Die Viru-Stra\u00dfe mit ihren vielen Gesch\u00e4ften und Restaurants ist heute eine der belebtesten Fu\u00dfg\u00e4ngerzonen in der Altstadt.<\/p>\n<p data-start=\"680\" data-end=\"1018\">Das majest\u00e4tische historische Opernhaus in der N\u00e4he ist Teil des \u201eEstonia\u201c-Theatergeb\u00e4udes, das sich im Herzen von Tallinn befindet. Das im Jugendstil und Neoklassizismus errichtete Geb\u00e4ude wurde von den finnischen Architekten Armas Lindgren und Wivi L\u00f6nn entworfen und war bei seiner Er\u00f6ffnung im Jahr 1913 das gr\u00f6\u00dfte Geb\u00e4ude Tallinns.<\/p>\n<p data-start=\"1020\" data-end=\"1401\" data-is-last-node=\"\" data-is-only-node=\"\">Das Rotermann-Viertel \u2013 auch \u201eDie mutige Stadt Tallinns\u201c genannt \u2013 liegt gegen\u00fcber unserer Haltestelle auf der anderen Stra\u00dfenseite. Es stellt den Menschen in den Mittelpunkt und sagt: Das Leben soll genossen werden. Vom Arbeitsleben bis zur Freizeit, vom gesellschaftlichen Leben bis zur Zeit mit sich selbst \u2013 jederzeit. 24\/7. Rotermann l\u00e4sst das Leben nicht an dir vorbeiziehen.<\/p>\n<p data-start=\"71\" data-end=\"125\" data-is-last-node=\"\" data-is-only-node=\"\"><strong>Haltestelle 2: WASSERFLUGZEUGHAFEN MUSEUM\u00a0und SEEFESTUNG PATAREI<\/strong><\/p>\n<article class=\"text-token-text-primary w-full focus:outline-none [--shadow-height:45px] has-data-writing-block:pointer-events-none has-data-writing-block:-mt-(--shadow-height) has-data-writing-block:pt-(--shadow-height) [&amp;:has([data-writing-block])&gt;*]:pointer-events-auto [content-visibility:auto] supports-[content-visibility:auto]:[contain-intrinsic-size:auto_100lvh] scroll-mt-[calc(var(--header-height)+min(200px,max(70px,20svh)))]\" dir=\"auto\" tabindex=\"-1\" data-turn-id=\"request-WEB:d77d1021-8405-40fd-bfd2-6f3c6facadf5-6\" data-testid=\"conversation-turn-14\" data-scroll-anchor=\"true\" data-turn=\"assistant\">\n<div class=\"text-base my-auto mx-auto pb-10 [--thread-content-margin:--spacing(4)] thread-sm:[--thread-content-margin:--spacing(6)] thread-lg:[--thread-content-margin:--spacing(16)] px-(--thread-content-margin)\">\n<div class=\"[--thread-content-max-width:40rem] thread-lg:[--thread-content-max-width:48rem] mx-auto max-w-(--thread-content-max-width) flex-1 group\/turn-messages focus-visible:outline-hidden relative flex w-full min-w-0 flex-col agent-turn\" tabindex=\"-1\">\n<div class=\"flex max-w-full flex-col grow\">\n<div class=\"min-h-8 text-message relative flex w-full flex-col items-end gap-2 text-start break-words whitespace-normal [.text-message+&amp;]:mt-1\" dir=\"auto\" data-message-author-role=\"assistant\" data-message-id=\"56cc2878-0e0f-4513-9dd3-ea8ee1c51075\" data-message-model-slug=\"gpt-5\">\n<div class=\"flex w-full flex-col gap-1 empty:hidden first:pt-[1px]\">\n<div class=\"markdown prose dark:prose-invert w-full break-words dark markdown-new-styling\">\n<p data-start=\"0\" data-end=\"429\">Das Estnische Meeresmuseum ist das beliebteste Museum Estlands. Der Wasserflugzeughafen beherbergt eines der gr\u00f6\u00dften und eindrucksvollsten Maritimmuseen Europas. Besucher sind eingeladen, das authentische U-Boot Lembit aus den 1930er-Jahren, den \u00fcber hundert Jahre alten, dampfbetriebenen Eisbrecher Suur T\u00f5ll, ein Short 184-Wasserflugzeug, Minen, Kanonen und viele weitere Exponate in Originalgr\u00f6\u00dfe zu besichtigen.<\/p>\n<p data-start=\"431\" data-end=\"717\">Das Museum und der Wasserflugzeughangar wurden mit zahlreichen Preisen ausgezeichnet, darunter Estlands touristenfreundlichstes Museum 2012, der Europa Nostra Grand Prix 2013, eine Sonderauszeichnung beim Europ\u00e4ischen Museum des Jahres 2014 sowie mehrere weitere Ehrungen.<\/p>\n<p data-start=\"719\" data-end=\"1020\" data-is-last-node=\"\" data-is-only-node=\"\">Das Wasserflugzeughafen-Museum bietet ein unvergessliches Erlebnis f\u00fcr die ganze Familie: viele interessante Informationen, eine Weltreise im Gelben U-Boot, Fotos in Marineuniformen, ein gro\u00dfes Aquarium, Simulatoren, Papierflugzeug-Weitwurf und viele weitere spannende Aktivit\u00e4ten.<\/p>\n<\/div>\n<\/div>\n<\/div>\n<\/div>\n<div class=\"z-0 flex min-h-[46px] justify-start\">\n<p data-start=\"0\" data-end=\"44\"><strong data-start=\"0\" data-end=\"42\">HALTESTELLE 3: TURM \u201eFETTE MARGARETHE\u201c<\/strong><\/p>\n<p data-start=\"46\" data-end=\"84\"><strong data-start=\"46\" data-end=\"82\">HALTESTELLE 4: ROTERMANN-VIERTEL<\/strong><\/p>\n<p data-start=\"86\" data-end=\"134\"><strong data-start=\"86\" data-end=\"132\">HALTESTELLE 8: ESTNISCHES GESCHICHTSMUSEUM<\/strong><\/p>\n<p data-start=\"136\" data-end=\"266\">Das Estnisches Geschichtsmuseum (Schloss Maarjam\u00e4e)\u00a0befindet sich in der N\u00e4he des Zweiten Weltkriegs-Mahnmals in Tallinn.<\/p>\n<p data-start=\"268\" data-end=\"308\"><strong data-start=\"268\" data-end=\"306\">HALTESTELLE 10: BOTANISCHER GARTEN<\/strong><\/p>\n<p data-start=\"310\" data-end=\"705\">Der Botanische Garten liegt am rechten Ufer des Flusses Pirita im Kloostrimetsa-Wald. Er ist der gr\u00f6\u00dfte botanische Garten Estlands mit einer Fl\u00e4che von 123 Hektar. Der Garten umfasst ein Arboretum, einen Rosengarten und einen Steingarten. Er wurde 1961 als Einrichtung der Akademie der Wissenschaften der Estnischen SSR gegr\u00fcndet und 1970 f\u00fcr Besucher ge\u00f6ffnet.<\/p>\n<p data-start=\"707\" data-end=\"748\"><strong data-start=\"707\" data-end=\"746\">HALTESTELLE 11: FERNSEHTURM TALLINN<\/strong><\/p>\n<p data-start=\"750\" data-end=\"1283\">Der Tallinner Fernsehturm liegt etwa 6 km nord\u00f6stlich des Stadtzentrums, neben dem Botanischen Garten. Er wurde errichtet, um die Telekommunikation f\u00fcr die Segelregatta der Olympischen Sommerspiele 1980 in Moskau zu verbessern. Mit 314 Metern ist er das h\u00f6chste Geb\u00e4ude Tallinns. Der Turm wurde 1980 offiziell er\u00f6ffnet und 2012 wiederer\u00f6ffnet. Die Aussichtsplattform im 21. Stock befindet sich 170 Meter \u00fcber dem Boden \u2013 ein absolutes Muss f\u00fcr einen weiten Blick \u00fcber Tallinn und seine Umgebung!<\/p>\n<p data-start=\"1285\" data-end=\"1323\"><strong data-start=\"1285\" data-end=\"1321\">HALTESTELLE 13: RUSSALKA-DENKMAL<\/strong><\/p>\n<p data-start=\"1325\" data-end=\"1724\">Das Russalka-Denkmal ist eine Bronzeskulptur von Amandus Adamson, die 1902 in Kadriorg, Tallinn, errichtet wurde, um an den neunten Jahrestag des Untergangs des russischen Kriegsschiffs \u201eRussalka\u201c (\u201eMeerjungfrau\u201c) im Jahr 1893 zu erinnern, das auf dem Weg nach Finnland sank. Es war das erste Denkmal in Estland, das von einem estnischen Bildhauer geschaffen wurde.<\/p>\n<p data-start=\"1726\" data-end=\"2052\">Von dieser Haltestelle aus k\u00f6nnen Sie auch den Kadriorg-Palast besuchen, der von Peter dem Gro\u00dfen f\u00fcr Katharina I. von Russland erbaut wurde. Der Palast befindet sich im Kadriorg-Park, wo Sie die malerische Aussicht auf den symmetrischen Schwanensee genie\u00dfen und das Kumu-Kunstmuseum besuchen k\u00f6nnen.<\/p>\n<p data-start=\"2054\" data-end=\"2109\" data-is-last-node=\"\" data-is-only-node=\"\"><strong data-start=\"2054\" data-end=\"2109\" data-is-last-node=\"\">HALTESTELLE 15: KIRCHE DER HEILIGEN SIMEON UND ANNA<\/strong><\/p>\n<\/div>\n<div class=\"mt-3 w-full empty:hidden\">\n<div class=\"text-center\"><\/div>\n<\/div>\n<\/div>\n<\/div>\n<\/article>\n<div class=\"pointer-events-none h-px w-px\" aria-hidden=\"true\" data-edge=\"true\"><\/div>\n","protected":false},"excerpt":{"rendered":"<p>Pirita &amp; Historische Vororttour (gr\u00fcne linie) Diese Tour beginnt und endet ebenfalls an unserer Haupt\u00adhaltestelle (Mere pst. 5) und dauert etwa 75 Minuten. Unterwegs passieren Sie viele der bekanntesten Sehensw\u00fcrdigkeiten in den Au\u00dfenbezirken von Tallinn, darunter das Lennusadam Seaplane Harbour Museum \u2013 eines der spannendsten Marinemuseen Europas \u2013 sowie das wundersch\u00f6n restaurierte Rotermann-Quartier. Sie sehen [&hellip;]<\/p>\n","protected":false},"author":2,"featured_media":0,"parent":829,"menu_order":58,"comment_status":"closed","ping_status":"closed","template":"","meta":{"_acf_changed":false,"footnotes":""},"class_list":["post-845","page","type-page","status-publish","hentry"],"acf":[],"_links":{"self":[{"href":"https:\/\/citysightseeing.ee\/de\/wp-json\/wp\/v2\/pages\/845","targetHints":{"allow":["GET"]}}],"collection":[{"href":"https:\/\/citysightseeing.ee\/de\/wp-json\/wp\/v2\/pages"}],"about":[{"href":"https:\/\/citysightseeing.ee\/de\/wp-json\/wp\/v2\/types\/page"}],"author":[{"embeddable":true,"href":"https:\/\/citysightseeing.ee\/de\/wp-json\/wp\/v2\/users\/2"}],"replies":[{"embeddable":true,"href":"https:\/\/citysightseeing.ee\/de\/wp-json\/wp\/v2\/comments?post=845"}],"version-history":[{"count":5,"href":"https:\/\/citysightseeing.ee\/de\/wp-json\/wp\/v2\/pages\/845\/revisions"}],"predecessor-version":[{"id":5027,"href":"https:\/\/citysightseeing.ee\/de\/wp-json\/wp\/v2\/pages\/845\/revisions\/5027"}],"up":[{"embeddable":true,"href":"https:\/\/citysightseeing.ee\/de\/wp-json\/wp\/v2\/pages\/829"}],"wp:attachment":[{"href":"https:\/\/citysightseeing.ee\/de\/wp-json\/wp\/v2\/media?parent=845"}],"curies":[{"name":"wp","href":"https:\/\/api.w.org\/{rel}","templated":true}]}}