{"id":829,"date":"2017-05-03T22:17:29","date_gmt":"2017-05-03T19:17:29","guid":{"rendered":"https:\/\/citysightseeing.ee\/unsere-touren\/top-sites-map\/"},"modified":"2025-11-01T22:58:28","modified_gmt":"2025-11-01T20:58:28","slug":"top-sites-map","status":"publish","type":"page","link":"https:\/\/citysightseeing.ee\/de\/unsere-touren\/top-sites-map\/","title":{"rendered":"TOP-SEHENSW\u00dcRDIGKEITEN &amp; KARTE"},"content":{"rendered":"<h1>TOP-SEHENSW\u00dcRDIGKEITEN &amp; KARTE<\/h1>\n<h2><a href=\"https:\/\/citysightseeing.ee\/de\/unsere-touren\/top-sites-map\/historic-center-old-town\/\"><span style=\"color: #ed1c24;\">Historisches Zentrum &amp; Altstadt<\/span><\/a><\/h2>\n<p><span style=\"color: #ed1c24;\">HALTESTELLE 1 <\/span>\u00a0MERE pst.5 (Viru-Platz, vor dem Kulturzentrum Mere) \u2013 ALTSTADT\/VIRU-TOR, ESTNISCHES NATIONALTHEATER, ROTERMANN-VIERTEL (WEST)<\/p>\n<p data-start=\"330\" data-end=\"407\"><span style=\"color: #ed1c24;\">HALTESTELLE 2 <\/span>KADRIORG-PARK &amp; SCHWANENSEE<\/p>\n<p data-start=\"409\" data-end=\"473\"><span style=\"color: #ed1c24;\">HALTESTELLE 3 <\/span>S\u00c4NGERWIESE<\/p>\n<p data-start=\"475\" data-end=\"711\"><span style=\"color: #ed1c24;\">HALTESTELLE 5 <\/span>SWISS\u00d4TEL\/RADISSON COLLECTION\/ST.-JOHANNES-ALMHAUS-KIRCHE \u2013 NEUSTADT<br data-start=\"591\" data-end=\"594\" \/>Achtung!! Die Haltestelle der Linie befindet sich auf der gegen\u00fcberliegenden Stra\u00dfenseite, vor dem SEB-Bankgeb\u00e4ude.<\/p>\n<p data-start=\"713\" data-end=\"787\"><span style=\"color: #ed1c24;\">HALTESTELLE 6 <\/span>ALTSTADT\/TOOMPEA-SCHLOSS<\/p>\n<p data-start=\"789\" data-end=\"891\"><span style=\"color: #ed1c24;\">HALTESTELLE 7 <\/span>TURMPLATZ &amp; PARK\/BAHNHOF BALTI JAAM\/BALTI JAAM MARKT<\/p>\n<p data-start=\"893\" data-end=\"965\"><span style=\"color: #ed1c24;\">HALTESTELLE 8\u00a0 <\/span>DICKER MARGARETHENTURM<\/p>\n<p><a class=\"button-green red\" href=\"https:\/\/citysightseeing.ee\/de\/unsere-touren\/top-sites-map\/historic-center-old-town\/\">Lies die Beschreibungen der rote Linie<\/a><\/p>\n<h2><a href=\"https:\/\/citysightseeing.ee\/de\/unsere-touren\/top-sites-map\/pirita-historic-suburbs-tour\/\"><span style=\"color: #009640;\">Pirita &amp; Historische Vororte<\/span><\/a><\/h2>\n<p><strong><span style=\"color: #009640;\">HALTESTELLE 1\u00a0 \u00a0 \u00a0<\/span><\/strong>MERE pst.5 (vor dem Kulturzentrum Mere)<\/p>\n<p data-start=\"182\" data-end=\"220\"><strong><span style=\"color: #009640;\">HALTESTELLE 2<\/span><\/strong>\u00a0 \u00a0 \u00a0SEEFUGHHAFEN-MUSEUM (Lennusadam)<\/p>\n<p data-start=\"222\" data-end=\"250\"><strong><span style=\"color: #009640;\">HALTESTELLE 3<\/span><\/strong>\u00a0 \u00a0 \u00a0DICKER MARGARETHENTURM<\/p>\n<p data-start=\"252\" data-end=\"281\"><strong><span style=\"color: #009640;\">HALTESTELLE 4<\/span><\/strong>\u00a0 \u00a0 \u00a0ROTERMANN-VIERTEL (OST)<\/p>\n<p data-start=\"283\" data-end=\"350\"><strong><span style=\"color: #009640;\">HALTESTELLE 5<\/span><\/strong>\u00a0 \u00a0 \u00a0SWISS\u00d4TEL\/RADISSON BLU\/ST.-JOHANNES-ALMHAUS-KIRCHE \u2013 NEUSTADT<\/p>\n<p data-start=\"352\" data-end=\"385\"><strong><span style=\"color: #009640;\">HALTESTELLE 6<\/span><\/strong>\u00a0 \u00a0 \u00a0KADRIORG-PARK &amp; SCHWANENSEE<\/p>\n<p data-start=\"387\" data-end=\"432\"><strong><span style=\"color: #009640;\">HALTESTELLE 8<\/span><\/strong>\u00a0 \u00a0 \u00a0SCHLOSS MAARJAM\u00c4E\/ESTNISCHES FILMMUSEUM<\/p>\n<p data-start=\"434\" data-end=\"469\"><strong><span style=\"color: #009640;\">HALTESTELLE 9\/12<\/span><\/strong>\u00a0RUINEN DES KLOSTERS PIRITA<\/p>\n<p data-start=\"471\" data-end=\"496\"><strong><span style=\"color: #009640;\">HALTESTELLE 10<\/span><\/strong>\u00a0 \u00a0 \u00a0BOTANISCHER GARTEN<\/p>\n<p data-start=\"498\" data-end=\"516\"><strong><span style=\"color: #009640;\">HALTESTELLE 11\u00a0 \u00a0 <\/span><\/strong>\u00a0FERNSEHTURM<\/p>\n<p data-start=\"518\" data-end=\"541\"><strong><span style=\"color: #009640;\">HALTESTELLE 13<\/span><\/strong>\u00a0 \u00a0 \u00a0RUSSALKA-DENKMAL<\/p>\n<p data-start=\"543\" data-end=\"581\"><strong><span style=\"color: #009640;\">HALTESTELLE 15<\/span><\/strong>\u00a0 \u00a0 \u00a0ST.-SIMEON- UND ST.-ANNA-KIRCHE<\/p>\n<p><a class=\"button-green\" href=\"https:\/\/citysightseeing.ee\/de\/unsere-touren\/top-sites-map\/pirita-historic-suburbs-tour\/\">Lies die Beschreibungen der gr\u00fcne Linie<\/a><\/p>\n\n\n<p><\/p>\n","protected":false},"excerpt":{"rendered":"<p>TOP-SEHENSW\u00dcRDIGKEITEN &amp; KARTE Historisches Zentrum &amp; Altstadt HALTESTELLE 1 \u00a0MERE pst.5 (Viru-Platz, vor dem Kulturzentrum Mere) \u2013 ALTSTADT\/VIRU-TOR, ESTNISCHES NATIONALTHEATER, ROTERMANN-VIERTEL (WEST) HALTESTELLE 2 KADRIORG-PARK &amp; SCHWANENSEE HALTESTELLE 3 S\u00c4NGERWIESE HALTESTELLE 5 SWISS\u00d4TEL\/RADISSON COLLECTION\/ST.-JOHANNES-ALMHAUS-KIRCHE \u2013 NEUSTADTAchtung!! Die Haltestelle der Linie befindet sich auf der gegen\u00fcberliegenden Stra\u00dfenseite, vor dem SEB-Bankgeb\u00e4ude. HALTESTELLE 6 ALTSTADT\/TOOMPEA-SCHLOSS HALTESTELLE 7 TURMPLATZ [&hellip;]<\/p>\n","protected":false},"author":2,"featured_media":0,"parent":467,"menu_order":34,"comment_status":"closed","ping_status":"closed","template":"","meta":{"_acf_changed":false,"footnotes":""},"class_list":["post-829","page","type-page","status-publish","hentry"],"acf":[],"_links":{"self":[{"href":"https:\/\/citysightseeing.ee\/de\/wp-json\/wp\/v2\/pages\/829","targetHints":{"allow":["GET"]}}],"collection":[{"href":"https:\/\/citysightseeing.ee\/de\/wp-json\/wp\/v2\/pages"}],"about":[{"href":"https:\/\/citysightseeing.ee\/de\/wp-json\/wp\/v2\/types\/page"}],"author":[{"embeddable":true,"href":"https:\/\/citysightseeing.ee\/de\/wp-json\/wp\/v2\/users\/2"}],"replies":[{"embeddable":true,"href":"https:\/\/citysightseeing.ee\/de\/wp-json\/wp\/v2\/comments?post=829"}],"version-history":[{"count":5,"href":"https:\/\/citysightseeing.ee\/de\/wp-json\/wp\/v2\/pages\/829\/revisions"}],"predecessor-version":[{"id":5009,"href":"https:\/\/citysightseeing.ee\/de\/wp-json\/wp\/v2\/pages\/829\/revisions\/5009"}],"up":[{"embeddable":true,"href":"https:\/\/citysightseeing.ee\/de\/wp-json\/wp\/v2\/pages\/467"}],"wp:attachment":[{"href":"https:\/\/citysightseeing.ee\/de\/wp-json\/wp\/v2\/media?parent=829"}],"curies":[{"name":"wp","href":"https:\/\/api.w.org\/{rel}","templated":true}]}}