{"id":550,"date":"2017-05-03T22:25:55","date_gmt":"2017-05-03T19:25:55","guid":{"rendered":"https:\/\/citysightseeing.ee\/book-online\/"},"modified":"2025-04-27T12:15:51","modified_gmt":"2025-04-27T09:15:51","slug":"buchen-sie-online","status":"publish","type":"page","link":"https:\/\/citysightseeing.ee\/de\/buchen-sie-online\/","title":{"rendered":"Buchen Sie Online"},"content":{"rendered":"<h1>BUCHEN SIE ONLINE<\/h1>\n<p>Wir geben Ihnen 10 % Preisnachlass auf alle Online-Buchungen. Umgehende Best\u00e4tigung. E-Ticket.<\/p>\n<p>Die einfachste Art Fahrkarten f\u00fcr die Besichtigungstour von Tallinn zu kaufen ist die Online-Buchung \u00fcber diese Internetseite mit Online-Preisen. Sie k\u00f6nnen zuverl\u00e4ssig und sicher buchen. Wir akzeptieren alle gr\u00f6\u00dferen Kreditkarten. Klicken Sie einfach auf das Feld unten, um zum Buchungssystem zu gelangen, und w\u00e4hlen Sie die gew\u00fcnschten Fahrkarten aus. Obwohl Sie um die Festlegung eines bestimmten Datums f\u00fcr die Fahrkarte gebeten werden, wird Ihre Fahrkarte ab dem Kaufdatum volle 6 Monate lang g\u00fcltig sein. Sobald Ihre Zahlung bearbeitet worden ist, senden wir Ihnen elektronisch einen Beleg sowie einen Fahrschein zu, den Sie ausdrucken und f\u00fcr Ihre Fahrt mitbringen k\u00f6nnen. Wir w\u00fcnschen Ihnen einen fantastischen Aufenthalt in Tallinn!<\/p>\n<pre id=\"tw-target-text\" class=\"tw-data-text tw-text-large tw-ta\" dir=\"ltr\" data-placeholder=\"Translation\"><\/pre>\n","protected":false},"excerpt":{"rendered":"<p>BUCHEN SIE ONLINE Wir geben Ihnen 10 % Preisnachlass auf alle Online-Buchungen. Umgehende Best\u00e4tigung. E-Ticket. Die einfachste Art Fahrkarten f\u00fcr die Besichtigungstour von Tallinn zu kaufen ist die Online-Buchung \u00fcber diese Internetseite mit Online-Preisen. Sie k\u00f6nnen zuverl\u00e4ssig und sicher buchen. Wir akzeptieren alle gr\u00f6\u00dferen Kreditkarten. Klicken Sie einfach auf das Feld unten, um zum Buchungssystem [&hellip;]<\/p>\n","protected":false},"author":2,"featured_media":0,"parent":0,"menu_order":97,"comment_status":"closed","ping_status":"closed","template":"","meta":{"_acf_changed":false,"footnotes":""},"class_list":["post-550","page","type-page","status-publish","hentry"],"acf":[],"_links":{"self":[{"href":"https:\/\/citysightseeing.ee\/de\/wp-json\/wp\/v2\/pages\/550","targetHints":{"allow":["GET"]}}],"collection":[{"href":"https:\/\/citysightseeing.ee\/de\/wp-json\/wp\/v2\/pages"}],"about":[{"href":"https:\/\/citysightseeing.ee\/de\/wp-json\/wp\/v2\/types\/page"}],"author":[{"embeddable":true,"href":"https:\/\/citysightseeing.ee\/de\/wp-json\/wp\/v2\/users\/2"}],"replies":[{"embeddable":true,"href":"https:\/\/citysightseeing.ee\/de\/wp-json\/wp\/v2\/comments?post=550"}],"version-history":[{"count":2,"href":"https:\/\/citysightseeing.ee\/de\/wp-json\/wp\/v2\/pages\/550\/revisions"}],"predecessor-version":[{"id":4114,"href":"https:\/\/citysightseeing.ee\/de\/wp-json\/wp\/v2\/pages\/550\/revisions\/4114"}],"wp:attachment":[{"href":"https:\/\/citysightseeing.ee\/de\/wp-json\/wp\/v2\/media?parent=550"}],"curies":[{"name":"wp","href":"https:\/\/api.w.org\/{rel}","templated":true}]}}