{"id":467,"date":"2017-05-03T22:16:33","date_gmt":"2017-05-03T19:16:33","guid":{"rendered":"https:\/\/citysightseeing.ee\/our-tours\/"},"modified":"2025-04-27T15:40:19","modified_gmt":"2025-04-27T12:40:19","slug":"unsere-touren","status":"publish","type":"page","link":"https:\/\/citysightseeing.ee\/de\/unsere-touren\/","title":{"rendered":"UNSERE TOUREN"},"content":{"rendered":"<h1>UNSERE TOUREN<\/h1>\n<p>Die beste Art Tallinn zu besichtigen<\/p>\n<p>City Sightseeing Tallinn l\u00e4dt Sie auf eine Tour mit dem Cabriolet-Bus zu den sch\u00f6nsten Sehensw\u00fcrdigkeiten Tallinns ein. Unser Hop-on \/ Hop-off Service erlaubt Ihnen, sich bei der Erkundung Tallinns Zeit zu lassen. Auf unserem von 50 bis 75 Minuten dauernden Touren werden Erl\u00e4uterungen in 9 Sprachen angeboten. Wir haben in Tallinn 17 Haltestellen, einschlie\u00dflich Mere Pst., Toompea (Domberg), Russalka-Denkmal, Terminals A B C D des Stadthafens und Kreuzfahrt-Terminal.<\/p>\n<p>Erfahren Sie mehr \u00fcber unsere Auswahl an Touren einschlie\u00dflich der Preise, einer Karte mit den Top-Sehensw\u00fcrdigkeiten und den Fahrpl\u00e4nen. Eine Tageskarte f\u00fcr Erwachsene kostet gerade einmal 30 EUR.<\/p>\n<p>Die beste Art zu buchen ist direkt hier \u00fcber diese Webseite. Buchen Sie jetzt online und sichern Sie sich Ihre Fahrkarte. Es beinhaltet beide Linien mit einer G\u00fcltigkeit von 24 Stunden ab dem ersten Check-in im Bus.<\/p>\n<p>Auf einen Blick:<\/p>\n<p>Dauer der Touren ist ca. 50 bis 75 Minuten<br \/>\nBenutzen Sie Ihr Hop-On \/ Hop-Off Ticket, um sich bei der Erkundung Tallinns Zeit zu lassen.<br \/>\nDurch die Touren sind alle wesentlichen Attraktionen und Sehensw\u00fcrdigkeiten von Tallinn abgedeckt.<br \/>\nDie Gesamtl\u00e4nge der Tour betr\u00e4gt ungef\u00e4hr 30 km<br \/>\nZur Tour geh\u00f6ren mehrsprachige Erl\u00e4uterungen in 9 verschiedenen Sprachen<br \/>\nAn Regentagen wird zu Ihrem Komfort ein Schiebedach ausgefahren<\/p>\n","protected":false},"excerpt":{"rendered":"<p>UNSERE TOUREN Die beste Art Tallinn zu besichtigen City Sightseeing Tallinn l\u00e4dt Sie auf eine Tour mit dem Cabriolet-Bus zu den sch\u00f6nsten Sehensw\u00fcrdigkeiten Tallinns ein. Unser Hop-on \/ Hop-off Service erlaubt Ihnen, sich bei der Erkundung Tallinns Zeit zu lassen. Auf unserem von 50 bis 75 Minuten dauernden Touren werden Erl\u00e4uterungen in 9 Sprachen angeboten. [&hellip;]<\/p>\n","protected":false},"author":2,"featured_media":0,"parent":0,"menu_order":21,"comment_status":"closed","ping_status":"closed","template":"","meta":{"_acf_changed":false,"footnotes":""},"class_list":["post-467","page","type-page","status-publish","hentry"],"acf":[],"_links":{"self":[{"href":"https:\/\/citysightseeing.ee\/de\/wp-json\/wp\/v2\/pages\/467","targetHints":{"allow":["GET"]}}],"collection":[{"href":"https:\/\/citysightseeing.ee\/de\/wp-json\/wp\/v2\/pages"}],"about":[{"href":"https:\/\/citysightseeing.ee\/de\/wp-json\/wp\/v2\/types\/page"}],"author":[{"embeddable":true,"href":"https:\/\/citysightseeing.ee\/de\/wp-json\/wp\/v2\/users\/2"}],"replies":[{"embeddable":true,"href":"https:\/\/citysightseeing.ee\/de\/wp-json\/wp\/v2\/comments?post=467"}],"version-history":[{"count":2,"href":"https:\/\/citysightseeing.ee\/de\/wp-json\/wp\/v2\/pages\/467\/revisions"}],"predecessor-version":[{"id":4147,"href":"https:\/\/citysightseeing.ee\/de\/wp-json\/wp\/v2\/pages\/467\/revisions\/4147"}],"wp:attachment":[{"href":"https:\/\/citysightseeing.ee\/de\/wp-json\/wp\/v2\/media?parent=467"}],"curies":[{"name":"wp","href":"https:\/\/api.w.org\/{rel}","templated":true}]}}