{"id":1499,"date":"2019-07-10T20:30:48","date_gmt":"2019-07-10T17:30:48","guid":{"rendered":"https:\/\/citysightseeing.ee\/?page_id=1499"},"modified":"2019-07-10T20:30:48","modified_gmt":"2019-07-10T17:30:48","slug":"buchungsbedingungen","status":"publish","type":"page","link":"https:\/\/citysightseeing.ee\/de\/buchungsbedingungen\/","title":{"rendered":"Buchungsbedingungen"},"content":{"rendered":"<p><strong>Buchungsbedingungen<\/strong><\/p>\n<p>Diese allgemeinen Gesch\u00e4ftsbedingungen gelten zwischen Rosemarie O\u00dc und der Person, die entweder direkt oder \u00fcber einen Dritten eine Vereinbarung mit CitySightseeing Tallinn gem\u00e4\u00df der Bestimmungen der Best\u00e4tigung eingeht (KUNDE). Der Vertrag kann f\u00fcr Touren, f\u00fcr sonstige Produkte oder Dienstleistungen oder f\u00fcr eine Kombination davon (Arrangements) abgeschlossen werden, und zwar f\u00fcr folgende Marken: CitySightseeing Tallinn, Hop-On-Hop-Off und City-Sightseeing.<\/p>\n<p>Offizieller Veranstalter: Rosemarie O\u00fc, P\u00e4rnu mnt. 154, 11317 Tallinn, Estonia VAT\u00a0EE100185294. Herunten als CitySightseeing Tallinn.<\/p>\n<p>&nbsp;<\/p>\n<p><strong>Vereinbarung<\/strong><\/p>\n<p>Als offizieller Veranstalter ist CitySightseeingTallinn gegen\u00fcber dem KUNDEN verantwortlich f\u00fcr die Rechte, die diese Person infolge der Vereinbarung erwirbt. Diese Verpflichtung gilt auch f\u00fcr Aktionen, die von einem anderen Partner als CitySightseeing Tallinn durchgef\u00fchrt werden. Informationen in Katalogen, Brosch\u00fcren und auf Webseiten sind f\u00fcr\u00a0CitySightseeing Tallinn bindend, k\u00f6nnen jedoch ge\u00e4ndert werden, bevor ein Vertrag abgeschlossen wird, vorausgesetzt, dass zu diesem Zeitpunkt eine Reservierung vorliegt und der KUNDE klar \u00fcber die \u00c4nderung informiert wurde. CitySightseeing Tallinn \u00fcbernimmt keine Verantwortung f\u00fcr Druckfehler oder bei der Korrektur nicht behobene Fehler. CitySightseeing Tallinn ist als Veranstalter verpflichtet, Folgendes sicherzustellen:<\/p>\n<ul>\n<li>Dass der KUNDE eine schriftliche Best\u00e4tigung seiner Buchung und andere wichtige Dokumente erh\u00e4lt.<\/li>\n<li>Dass Informationen \u00fcber Zahlungsarten bereitgestellt werden und der KUNDE auch andere wichtige Informationen in Bezug auf die Vereinbarung erh\u00e4lt.<\/li>\n<li>Dass die Vereinbarung mit der Beschreibung in der Best\u00e4tigung \u00fcbereinstimmt. CitySightseeing Tallinn tr\u00e4gt keine Verantwortung f\u00fcr Versprechen, die Dritte m\u00f6glicherweise gegen\u00fcber dem KUNDEN machen, ohne dass CitySightseeing Tallinn davon Kenntnis hat oder Kenntnis haben sollte. F\u00fcr diese allgemeinen Gesch\u00e4ftsbedingungen gelten folgende Definitionen: Abfahrt \u2013 der Zeitpunkt, zu dem der KUNDE die Abfahrtsstelle verl\u00e4sst. Ankunft \u2013 der Zeitpunkt, zu dem der KUNDE ankommt und seine Fahrt beendet. An Bord \u2013 wenn der KUNDE sich an Bord eines Busses von\u00a0CitySightseeing Tallinn befindet.<\/li>\n<\/ul>\n<p><strong>Buchung<\/strong><\/p>\n<p>Online-Vorausbuchungen nehmen wir bis eine Stunde vor der Abfahrt entgegen. Nicht spezifizierte Pre-Paid-Tickets mit flexiblen Abfahrtszeiten besitzen G\u00fcltigkeit, sofern ausreichend Pl\u00e4tze vorhanden sind. Die Buchung ist f\u00fcr CitySightseeing Tallinn und den KUNDEN verbindlich, sobald CitySightseeing Tallinn die Buchung best\u00e4tigt hat und der KUNDE innerhalb der vereinbarten Zahlungsfrist den vereinbarten Buchungspreis bezahlt hat.<\/p>\n<p><strong>Best\u00e4tigung<\/strong><\/p>\n<p>Die Buchungsbest\u00e4tigung erfolgt per E-Mail an die angegebene E-Mail-Adresse.<br \/>\n<strong>Zahlung<\/strong><\/p>\n<p>Der KUNDE muss die Zahlung f\u00fcr die Veranstaltung bzw. das Arrangement sp\u00e4testens an dem in der Best\u00e4tigung genannten Datum leisten.<\/p>\n<ul>\n<li>Buchung einer Tour<br \/>\nBei Vereinbarungen, die nur Fahrten betreffen, wird der Betrag sofort per Kreditkarte bezahlt, wenn die Buchung online vorgenommen wird.<\/li>\n<li>Buchung von Paketen<br \/>\nBei Vereinbarungen, die Reisepakete betreffen, wird der Betrag sofort per Kreditkarte bezahlt, wenn die Buchung online vorgenommen wird.<\/li>\n<\/ul>\n<p>&nbsp;<\/p>\n<p><strong>Regeln f\u00fcr Stornierungen<\/strong><\/p>\n<p>Der KUNDE kann die Buchung online, schriftlich, welche die Buchung entgegengenommen hat, stornieren.<br \/>\n\u2022 CitySightseeing Tallinn beh\u00e4lt 100% des Preises f\u00fcr die Buchung ein, wenn bestellte Produkte einen Tag vor der Abfahrt oder sp\u00e4ter storniert oder ge\u00e4ndert werden.<\/p>\n<p><strong>\u00c4nderungen durch Stromma, Kundenrechte etc.<\/strong><\/p>\n<p>CitySightseeing Tallinn ist berechtigt, die Bedingungen f\u00fcr die Veranstaltung zu \u00e4ndern, vorausgesetzt, dass dem KUNDEN andere, vergleichbare Leistungen angeboten werden k\u00f6nnen.<\/p>\n<p>Falls die Veranstaltung nicht so stattfinden kann wie in der Buchungsbest\u00e4tigung und ihren Bedingungen angegeben, und CitySightseeing Tallinn nicht in der Lage ist, dem KUNDEN andere vergleichbare Leistungen anzubieten, ist der KUNDE berechtigt, von der Vereinbarung zur\u00fcckzutreten. Die KUNDEN haben zudem das Recht, vom Vertrag zur\u00fcckzutreten, wenn die Gesch\u00e4ftsbedingungen erheblich zu ihrem Nachteil ge\u00e4ndert werden. In diesem Fall ist CitySightseeing Tallinn verpflichtet, den gesamten gezahlten Betrag zur\u00fcckzuerstatten. Der KUNDE sollte jedes Problem, das w\u00e4hrend der Fahrt an Bord auftritt, an CitySightseeing Tallinn melden, so dass CitySightseeingTallin die M\u00f6glichkeit hat, das Problem zu beheben. Sollte der KUNDE dies nicht tun, b\u00fc\u00dft er\/sie das Recht ein, eine Beschwerde wegen des Problems einzureichen. Der KUNDE ist verpflichtet, den Umfang des Schadens so gering wie m\u00f6glich zu halten. Die m\u00f6gliches Verpflichtung von\u00a0CitySightseeing Tallinn zur Zahlung einer Entsch\u00e4digung gilt nicht, wenn CitySightseeing Tallinn nachweisen kann, dass die Fahrt aus Gr\u00fcnden, die au\u00dferhalb des Einflusses von CitySightseeing Tallinn lagen, nicht stattfinden konnte, und dass CitySightseeingTallinn zum Zeitpunkt des Vertragsabschlusses diese Gr\u00fcnde nach menschlichem Ermessen nicht voraussehen konnte und deren Folgen weder verhindern noch bew\u00e4ltigen konnte.<\/p>\n<p><strong>Verpflichtungen des Kunden<\/strong><\/p>\n<p>Das erforderliche Mindestalter des KUNDEN f\u00fcr eine Buchung\/einen Vertragsabschluss mit CitySightseeing Tallinn betr\u00e4gt 18 Jahre. Der KUNDE ist verpflichtet, alle Vorschriften einzuhalten, die f\u00fcr die Durchf\u00fchrung der Fahrt notwendig sind. CitySightseeing Tallinn ist berechtigt, die Vereinbarung mit sofortiger Wirkung zu k\u00fcndigen, falls sich der KUNDE oder eine Person in seiner\/ihrer Gruppe unangemessen verh\u00e4lt und\/oder an Bord Sch\u00e4den verursacht. Im Fall einer sofortigen Beendigung des Vertrags aufgrund der oben ausgef\u00fchrten Gr\u00fcnde berechnet CitySightseeing Tallinn dem KUNDEN eine Geb\u00fchr, die der H\u00f6he des entstandenen Schadens entspricht.<br \/>\n<strong>Hunde und Katzen an Bord<\/strong><\/p>\n<p>Hunde\/Katzen sind an Bord der Sightseeing-Boote, Z\u00fcge und Busse nicht erlaubt.<\/p>\n<p><strong>Streitf\u00e4lle<\/strong><\/p>\n<p>Der KUNDE muss CitySightseeing Tallinn kontaktieren, wenn er eine Beschwerde hat.<\/p>\n<p><strong>Krieg, Naturkatastrophen, Streiks etc.<\/strong><\/p>\n<p>Beide Parteien sind berechtigt, von der Vereinbarung zur\u00fcckzutreten, falls diese aus folgenden Gr\u00fcnden nicht erf\u00fcllt werden kann: Kriegshandlungen, Naturkatastrophen, Arbeitsmarktkonflikte, langandauernde Unterbrechungen der Wasser- oder Stromversorgung, Br\u00e4nde oder andere, vergleichbare schwerwiegende Ereignisse, die keine der Parteien h\u00e4tte vorhersehen oder beeinflussen k\u00f6nnen.<\/p>\n","protected":false},"excerpt":{"rendered":"<p>Buchungsbedingungen Diese allgemeinen Gesch\u00e4ftsbedingungen gelten zwischen Rosemarie O\u00dc und der Person, die entweder direkt oder \u00fcber einen Dritten eine Vereinbarung mit CitySightseeing Tallinn gem\u00e4\u00df der Bestimmungen der Best\u00e4tigung eingeht (KUNDE). Der Vertrag kann f\u00fcr Touren, f\u00fcr sonstige Produkte oder Dienstleistungen oder f\u00fcr eine Kombination davon (Arrangements) abgeschlossen werden, und zwar f\u00fcr folgende Marken: CitySightseeing Tallinn, [&hellip;]<\/p>\n","protected":false},"author":2,"featured_media":0,"parent":0,"menu_order":7,"comment_status":"closed","ping_status":"closed","template":"","meta":{"_acf_changed":false,"footnotes":""},"class_list":["post-1499","page","type-page","status-publish","hentry"],"acf":[],"_links":{"self":[{"href":"https:\/\/citysightseeing.ee\/de\/wp-json\/wp\/v2\/pages\/1499","targetHints":{"allow":["GET"]}}],"collection":[{"href":"https:\/\/citysightseeing.ee\/de\/wp-json\/wp\/v2\/pages"}],"about":[{"href":"https:\/\/citysightseeing.ee\/de\/wp-json\/wp\/v2\/types\/page"}],"author":[{"embeddable":true,"href":"https:\/\/citysightseeing.ee\/de\/wp-json\/wp\/v2\/users\/2"}],"replies":[{"embeddable":true,"href":"https:\/\/citysightseeing.ee\/de\/wp-json\/wp\/v2\/comments?post=1499"}],"version-history":[{"count":0,"href":"https:\/\/citysightseeing.ee\/de\/wp-json\/wp\/v2\/pages\/1499\/revisions"}],"wp:attachment":[{"href":"https:\/\/citysightseeing.ee\/de\/wp-json\/wp\/v2\/media?parent=1499"}],"curies":[{"name":"wp","href":"https:\/\/api.w.org\/{rel}","templated":true}]}}