{"id":111,"date":"2017-05-03T16:57:43","date_gmt":"2017-05-03T13:57:43","guid":{"rendered":"https:\/\/citysightseeing.ee\/homepage\/"},"modified":"2025-10-29T22:26:37","modified_gmt":"2025-10-29T20:26:37","slug":"startseite","status":"publish","type":"page","link":"https:\/\/citysightseeing.ee\/de\/","title":{"rendered":"STARTSEITE"},"content":{"rendered":"<div class=\"wpb-content-wrapper\"><p>[vc_row][vc_column css=&#8220;.vc_custom_1520174815345{margin-bottom: 1px !important;}&#8220;][vc_column_text css=&#8220;.vc_custom_1600243318350{margin-bottom: 1px !important;}&#8220;]<\/p>\n<h1>BESICHTIGUNGSTOUR VON TALLINN IM CABRIOLET-BUS<\/h1>\n<p>[\/vc_column_text][vc_text_separator title=&#8220;&#8220; i_icon_fontawesome=&#8220;fa fa-bus&#8220; i_color=&#8220;grey&#8220; i_size=&#8220;xs&#8220; el_width=&#8220;50&#8243; add_icon=&#8220;true&#8220;][\/vc_column][\/vc_row][vc_row][vc_column width=&#8220;1\/2&#8243;][vc_column_text]<\/p>\n<h2 style=\"text-align: left;\">SEHEN SIE DIE WICHTIGSTEN SEHENSW\u00dcRDIGKEITEN VON CABRIOLET-BUS AUS!<\/h2>\n<p style=\"text-align: left;\">Es gibt keine bessere Art, Tallinn zu besichtigen, als von unseren Doppeldecker-Cabriolet-Bussen aus. Wir zeigen Ihnen die sch\u00f6nsten Sehensw\u00fcrdigkeiten auf 2 verschiedene Besichtigungstouren durch eine der wundervollsten St\u00e4dte des Baltikums. Hop-On \/ Hop-Off ist an jeder unserer 14 Haltestellen m\u00f6glich. Auf unseren Touren werden mehrsprachige Erl\u00e4uterungen in 10 verschiedenen Sprachen geboten: Englisch, Deutsch, Spanisch, Italienisch, Franz\u00f6sisch, Schwedisch, Finnisch, Russisch und Chinesisch. An Regentagen wird f\u00fcr Ihre Bequemlichkeit und zu Ihrem Schutze ein Schiebedach und Seitvergl\u00e4serung benutzt. Buchen Sie Ihre Fahrkarte noch heute online direkt auf dieser Webseite. Buchen Sie schon Online. Fahrkarten k\u00f6nnen auch im Bus gekauft werden, bezahlt wird entweder mit Karte oder in bar. Besuchen Sie Tallinn nicht ohne CitySightseeing Tallinn!<\/p>\n<pre id=\"tw-target-text\" class=\"tw-data-text tw-ta tw-text-small\" dir=\"ltr\" data-placeholder=\"Translation\" data-fulltext=\"\"><\/pre>\n<p>[\/vc_column_text][\/vc_column][vc_column width=&#8220;1\/2&#8243;][vc_images_carousel images=&#8220;2199,2209,2219&#8243; img_size=&#8220;full&#8220; onclick=&#8220;link_no&#8220; autoplay=&#8220;yes&#8220; hide_prev_next_buttons=&#8220;yes&#8220; wrap=&#8220;yes&#8220;][\/vc_column][\/vc_row][vc_row][vc_column][vc_column_text]<\/p>\n<pre id=\"tw-target-text\" class=\"tw-data-text tw-text-large tw-ta\" dir=\"ltr\" data-placeholder=\"Translation\"><\/pre>\n<p>[\/vc_column_text][\/vc_column][\/vc_row]<\/p>\n<\/div>","protected":false},"excerpt":{"rendered":"<p>[vc_row][vc_column css=&#8220;.vc_custom_1520174815345{margin-bottom: 1px !important;}&#8220;][vc_column_text css=&#8220;.vc_custom_1600243318350{margin-bottom: 1px !important;}&#8220;] BESICHTIGUNGSTOUR VON TALLINN IM CABRIOLET-BUS [\/vc_column_text][vc_text_separator title=&#8220;&#8220; i_icon_fontawesome=&#8220;fa fa-bus&#8220; i_color=&#8220;grey&#8220; i_size=&#8220;xs&#8220; el_width=&#8220;50&#8243; add_icon=&#8220;true&#8220;][\/vc_column][\/vc_row][vc_row][vc_column width=&#8220;1\/2&#8243;][vc_column_text] SEHEN SIE DIE WICHTIGSTEN SEHENSW\u00dcRDIGKEITEN VON CABRIOLET-BUS AUS! Es gibt keine bessere Art, Tallinn zu besichtigen, als von unseren Doppeldecker-Cabriolet-Bussen aus. Wir zeigen Ihnen die sch\u00f6nsten Sehensw\u00fcrdigkeiten auf 2 verschiedene Besichtigungstouren durch eine der [&hellip;]<\/p>\n","protected":false},"author":2,"featured_media":0,"parent":0,"menu_order":10,"comment_status":"closed","ping_status":"closed","template":"template-homepage.php","meta":{"_acf_changed":false,"footnotes":""},"class_list":["post-111","page","type-page","status-publish","hentry"],"acf":[],"_links":{"self":[{"href":"https:\/\/citysightseeing.ee\/de\/wp-json\/wp\/v2\/pages\/111","targetHints":{"allow":["GET"]}}],"collection":[{"href":"https:\/\/citysightseeing.ee\/de\/wp-json\/wp\/v2\/pages"}],"about":[{"href":"https:\/\/citysightseeing.ee\/de\/wp-json\/wp\/v2\/types\/page"}],"author":[{"embeddable":true,"href":"https:\/\/citysightseeing.ee\/de\/wp-json\/wp\/v2\/users\/2"}],"replies":[{"embeddable":true,"href":"https:\/\/citysightseeing.ee\/de\/wp-json\/wp\/v2\/comments?post=111"}],"version-history":[{"count":4,"href":"https:\/\/citysightseeing.ee\/de\/wp-json\/wp\/v2\/pages\/111\/revisions"}],"predecessor-version":[{"id":4826,"href":"https:\/\/citysightseeing.ee\/de\/wp-json\/wp\/v2\/pages\/111\/revisions\/4826"}],"wp:attachment":[{"href":"https:\/\/citysightseeing.ee\/de\/wp-json\/wp\/v2\/media?parent=111"}],"curies":[{"name":"wp","href":"https:\/\/api.w.org\/{rel}","templated":true}]}}